{"id":698,"date":"2024-12-10T23:24:59","date_gmt":"2024-12-10T22:24:59","guid":{"rendered":"https:\/\/atelierd7.com\/?post_type=product&#038;p=698"},"modified":"2026-04-18T13:39:17","modified_gmt":"2026-04-18T12:39:17","slug":"foto-utalvany","status":"publish","type":"product","link":"https:\/\/atelierd7.com\/en\/product\/foto-utalvany\/","title":{"rendered":"One hour photoshoot"},"content":{"rendered":"<p><strong>One-hour photo shoot in Budapest with a pre-compiled mood board!<\/strong><\/p>\n<p>Lepd meg szeretteidet vagy ak\u00e1r magadat egy k\u00fcl\u00f6nleges fot\u00f3z\u00e1si \u00e9lm\u00e9nnyel!<\/p>\n<p><strong>One-hour photo shoot in Budapest,<\/strong>which can be:<\/p>\n<ul>\n<li>Individual portrait<\/li>\n<li>Couple photography<\/li>\n<li>Friends experience photos<\/li>\n<li>Family photography (also with small children)<\/li>\n<\/ul>\n<p>Before the photo shoot, there is the opportunity to compile a joint mood board! After the photo shoot, 30-40 retouched photos will be handed over in high resolution.<\/p>\n<p>Get to know me as a photographer: <a href=\"https:\/\/www.instagram.com\/dorinabogre.foto\">https:\/\/www.instagram.com\/dorinabogre.foto<\/a> (formerly known as dorsia.foto)<\/p>\n<p>Booking at <strong>atelier.d7@gmail.com or dorsia.foto@gmail.com.<\/strong>\u00a0If you would like to purchase the photo shoot as a gift, you can also request a gift voucher!<\/p>\n<p>Photographer: Dorina B\u00f6gre<\/p>\n<p>In the case of studio photography, the cost of renting the studio is borne by the voucher holder.<\/p>","protected":false},"excerpt":{"rendered":"<p>Egy \u00f3r\u00e1s fot\u00f3z\u00e1s Budapesten el\u0151re \u00f6ssze\u00e1ll\u00edtott mood board-dal. Tartalma: egy egy \u00f3r\u00e1s fot\u00f3z\u00e1s Budapesten, valamint 30-40 db retus\u00e1lt k\u00e9p nagy felbont\u00e1sban a fot\u00f3z\u00e1st k\u00f6vet\u0151en.<\/p>","protected":false},"featured_media":767,"comment_status":"open","ping_status":"closed","template":"","meta":{"_uag_custom_page_level_css":"","_monsterinsights_skip_tracking":false,"_monsterinsights_sitenote_active":false,"_monsterinsights_sitenote_note":"","_monsterinsights_sitenote_category":0,"site-sidebar-layout":"default","site-content-layout":"","ast-site-content-layout":"default","site-content-style":"default","site-sidebar-style":"default","ast-global-header-display":"","ast-banner-title-visibility":"","ast-main-header-display":"","ast-hfb-above-header-display":"","ast-hfb-below-header-display":"","ast-hfb-mobile-header-display":"","site-post-title":"","ast-breadcrumbs-content":"","ast-featured-img":"","footer-sml-layout":"","ast-disable-related-posts":"","theme-transparent-header-meta":"default","adv-header-id-meta":"","stick-header-meta":"","header-above-stick-meta":"","header-main-stick-meta":"","header-below-stick-meta":"","astra-migrate-meta-layouts":"set","ast-page-background-enabled":"default","ast-page-background-meta":{"desktop":{"background-color":"var(--ast-global-color-4)","background-image":"","background-repeat":"repeat","background-position":"center center","background-size":"auto","background-attachment":"scroll","background-type":"","background-media":"","overlay-type":"","overlay-color":"","overlay-opacity":"","overlay-gradient":""},"tablet":{"background-color":"","background-image":"","background-repeat":"repeat","background-position":"center center","background-size":"auto","background-attachment":"scroll","background-type":"","background-media":"","overlay-type":"","overlay-color":"","overlay-opacity":"","overlay-gradient":""},"mobile":{"background-color":"","background-image":"","background-repeat":"repeat","background-position":"center center","background-size":"auto","background-attachment":"scroll","background-type":"","background-media":"","overlay-type":"","overlay-color":"","overlay-opacity":"","overlay-gradient":""}},"ast-content-background-meta":{"desktop":{"background-color":"var(--ast-global-color-5)","background-image":"","background-repeat":"repeat","background-position":"center center","background-size":"auto","background-attachment":"scroll","background-type":"","background-media":"","overlay-type":"","overlay-color":"","overlay-opacity":"","overlay-gradient":""},"tablet":{"background-color":"var(--ast-global-color-5)","background-image":"","background-repeat":"repeat","background-position":"center center","background-size":"auto","background-attachment":"scroll","background-type":"","background-media":"","overlay-type":"","overlay-color":"","overlay-opacity":"","overlay-gradient":""},"mobile":{"background-color":"var(--ast-global-color-5)","background-image":"","background-repeat":"repeat","background-position":"center center","background-size":"auto","background-attachment":"scroll","background-type":"","background-media":"","overlay-type":"","overlay-color":"","overlay-opacity":"","overlay-gradient":""}}},"product_brand":[],"product_cat":[151,43,42],"product_tag":[38,44,45,39,41],"class_list":{"0":"post-698","1":"product","2":"type-product","3":"status-publish","4":"has-post-thumbnail","6":"product_cat-featured","7":"product_cat-foto","8":"product_cat-gift","9":"product_tag-ajandek","10":"product_tag-foto","11":"product_tag-fotozas","12":"product_tag-gift","13":"product_tag-utalvany","14":"desktop-align-left","15":"tablet-align-left","16":"mobile-align-left","18":"first","19":"instock","20":"virtual","21":"purchasable","22":"product-type-simple"},"aioseo_notices":[],"uagb_featured_image_src":{"full":["https:\/\/atelierd7.com\/wp-content\/uploads\/2024\/12\/dorsia-foto-atelier-d7-3.jpg",1080,1080,false],"thumbnail":["https:\/\/atelierd7.com\/wp-content\/uploads\/2024\/12\/dorsia-foto-atelier-d7-3-150x150.jpg",150,150,true],"medium":["https:\/\/atelierd7.com\/wp-content\/uploads\/2024\/12\/dorsia-foto-atelier-d7-3-300x300.jpg",300,300,true],"medium_large":["https:\/\/atelierd7.com\/wp-content\/uploads\/2024\/12\/dorsia-foto-atelier-d7-3-768x768.jpg",768,768,true],"large":["https:\/\/atelierd7.com\/wp-content\/uploads\/2024\/12\/dorsia-foto-atelier-d7-3-1024x1024.jpg",1024,1024,true],"1536x1536":["https:\/\/atelierd7.com\/wp-content\/uploads\/2024\/12\/dorsia-foto-atelier-d7-3.jpg",1080,1080,false],"2048x2048":["https:\/\/atelierd7.com\/wp-content\/uploads\/2024\/12\/dorsia-foto-atelier-d7-3.jpg",1080,1080,false],"trp-custom-language-flag":["https:\/\/atelierd7.com\/wp-content\/uploads\/2024\/12\/dorsia-foto-atelier-d7-3.jpg",12,12,false],"woocommerce_thumbnail":["https:\/\/atelierd7.com\/wp-content\/uploads\/2024\/12\/dorsia-foto-atelier-d7-3-250x250.jpg",250,250,true],"woocommerce_single":["https:\/\/atelierd7.com\/wp-content\/uploads\/2024\/12\/dorsia-foto-atelier-d7-3-500x500.jpg",500,500,true],"woocommerce_gallery_thumbnail":["https:\/\/atelierd7.com\/wp-content\/uploads\/2024\/12\/dorsia-foto-atelier-d7-3-100x100.jpg",100,100,true]},"uagb_author_info":{"display_name":"Dorina B\u00f6gre","author_link":"https:\/\/atelierd7.com\/en\/author\/"},"uagb_comment_info":0,"uagb_excerpt":"Egy \u00f3r\u00e1s fot\u00f3z\u00e1s Budapesten el\u0151re \u00f6ssze\u00e1ll\u00edtott mood board-dal. Tartalma: egy egy \u00f3r\u00e1s fot\u00f3z\u00e1s Budapesten, valamint 30-40 db retus\u00e1lt k\u00e9p nagy felbont\u00e1sban a fot\u00f3z\u00e1st k\u00f6vet\u0151en.","_links":{"self":[{"href":"https:\/\/atelierd7.com\/en\/wp-json\/wp\/v2\/product\/698","targetHints":{"allow":["GET"]}}],"collection":[{"href":"https:\/\/atelierd7.com\/en\/wp-json\/wp\/v2\/product"}],"about":[{"href":"https:\/\/atelierd7.com\/en\/wp-json\/wp\/v2\/types\/product"}],"replies":[{"embeddable":true,"href":"https:\/\/atelierd7.com\/en\/wp-json\/wp\/v2\/comments?post=698"}],"wp:featuredmedia":[{"embeddable":true,"href":"https:\/\/atelierd7.com\/en\/wp-json\/wp\/v2\/media\/767"}],"wp:attachment":[{"href":"https:\/\/atelierd7.com\/en\/wp-json\/wp\/v2\/media?parent=698"}],"wp:term":[{"taxonomy":"product_brand","embeddable":true,"href":"https:\/\/atelierd7.com\/en\/wp-json\/wp\/v2\/product_brand?post=698"},{"taxonomy":"product_cat","embeddable":true,"href":"https:\/\/atelierd7.com\/en\/wp-json\/wp\/v2\/product_cat?post=698"},{"taxonomy":"product_tag","embeddable":true,"href":"https:\/\/atelierd7.com\/en\/wp-json\/wp\/v2\/product_tag?post=698"}],"curies":[{"name":"wp","href":"https:\/\/api.w.org\/{rel}","templated":true}]}}