{"id":648,"date":"2024-11-25T15:50:42","date_gmt":"2024-11-25T14:50:42","guid":{"rendered":"https:\/\/atelierd7.com\/?post_type=product&#038;p=648"},"modified":"2025-11-20T16:45:20","modified_gmt":"2025-11-20T15:45:20","slug":"bling-your-blazer-workshop-utalvany","status":"publish","type":"product","link":"https:\/\/atelierd7.com\/en\/product\/bling-your-blazer-workshop-utalvany\/","title":{"rendered":"Bling your Blazer workshop gift voucher"},"content":{"rendered":"<p><strong>Give the gift of something truly personal and special \u2013 Bling Up Your Blazer workshop is the first in Hungary, and probably the world!<\/strong><\/p>\n<p>A perfect program for girlfriends, friends or as a mother-daughter experience!<\/p>\n<p><strong>Az aj\u00e1nd\u00e9kutalv\u00e1ny 2025. j\u00falius 31-ig v\u00e1lthat\u00f3 be kiz\u00e1r\u00f3lag Bling your Blazer workshopra, az el\u0151re meghirdetett id\u0151pontok valamelyik\u00e9re. Foglal\u00e1s az atelier.d7@gmail.com c\u00edmen lehets\u00e9ges az aj\u00e1nd\u00e9kutalv\u00e1ny azonos\u00edt\u00f3j\u00e1val.<\/strong><\/p>\n<p>Give your old blazer a little sparkle! This is the perfect opportunity to unleash your creativity, express your style, and turn a classic piece into something truly dazzling.<\/p>\n<p><strong>What to expect at the workshop?<\/strong><\/p>\n<p><strong>Turn Old into Bold! <\/strong>Bring your favorite old blazer and watch it transform into a fashion statement! With our sparkling rhinestones and creative guidance, you\u2019ll leave with a one-of-a-kind piece that reflects your unique style.<\/p>\n<p><strong>We Bring the Bling! <\/strong>No need to worry about supplies\u2014we\u2019ve got you covered! From rhinestones to all the tools you need, we provide everything. All you need is to bring your blazer and your imagination.<\/p>\n<p><strong>Sip, Socialize, and Shine! <\/strong>Enjoy a drink or two while you bedazzle your blazer, making it a fun and relaxing experience. Connect with other girls, get creative, and leave with not just a revamped wardrobe piece, but great memories too!<\/p>\n<p>Location: <strong>Atelier D7, Budapest 6. ker\u00fclet, Szondi utca 61.<\/strong><\/p>\n<p>The workshop lasts approximately <strong>3-4 \u00f3ra.<\/strong><\/p>\n<p>A workshop \u00e1ra 11 990 Ft, amely tartalmazza az \u00f6sszes alapanyagot, eszk\u00f6zt, friss\u00edt\u0151ket \u00e9s falatk\u00e1kat. Az \u00e1r egy f\u0151re \u00e9rtend\u0151.<\/p>\n<p>Maximum number of people in a workshop: 4 people.<\/p>\n<p>Als\u00f3 korhat\u00e1r a r\u00e9szv\u00e9telhez 16 \u00e9v.<\/p>\n<p>Rem\u00e9lj\u00fck hamarosan tal\u00e1lkozunk!<\/p>","protected":false},"excerpt":{"rendered":"<p><strong>Give the gift of something truly personal and special \u2013 Bling Up Your Blazer workshop is the first in Hungary, and probably the world!<\/strong><\/p>\n<p>Give your old blazer a little sparkle! This is the perfect opportunity to unleash your creativity, express your style, and turn a classic piece into something truly dazzling.<\/p>","protected":false},"featured_media":676,"comment_status":"open","ping_status":"closed","template":"","meta":{"_uag_custom_page_level_css":"","_monsterinsights_skip_tracking":false,"_monsterinsights_sitenote_active":false,"_monsterinsights_sitenote_note":"","_monsterinsights_sitenote_category":0,"site-sidebar-layout":"default","site-content-layout":"","ast-site-content-layout":"default","site-content-style":"default","site-sidebar-style":"default","ast-global-header-display":"","ast-banner-title-visibility":"","ast-main-header-display":"","ast-hfb-above-header-display":"","ast-hfb-below-header-display":"","ast-hfb-mobile-header-display":"","site-post-title":"","ast-breadcrumbs-content":"","ast-featured-img":"","footer-sml-layout":"","ast-disable-related-posts":"","theme-transparent-header-meta":"default","adv-header-id-meta":"","stick-header-meta":"","header-above-stick-meta":"","header-main-stick-meta":"","header-below-stick-meta":"","astra-migrate-meta-layouts":"set","ast-page-background-enabled":"default","ast-page-background-meta":{"desktop":{"background-color":"var(--ast-global-color-4)","background-image":"","background-repeat":"repeat","background-position":"center center","background-size":"auto","background-attachment":"scroll","background-type":"","background-media":"","overlay-type":"","overlay-color":"","overlay-opacity":"","overlay-gradient":""},"tablet":{"background-color":"","background-image":"","background-repeat":"repeat","background-position":"center center","background-size":"auto","background-attachment":"scroll","background-type":"","background-media":"","overlay-type":"","overlay-color":"","overlay-opacity":"","overlay-gradient":""},"mobile":{"background-color":"","background-image":"","background-repeat":"repeat","background-position":"center center","background-size":"auto","background-attachment":"scroll","background-type":"","background-media":"","overlay-type":"","overlay-color":"","overlay-opacity":"","overlay-gradient":""}},"ast-content-background-meta":{"desktop":{"background-color":"var(--ast-global-color-5)","background-image":"","background-repeat":"repeat","background-position":"center center","background-size":"auto","background-attachment":"scroll","background-type":"","background-media":"","overlay-type":"","overlay-color":"","overlay-opacity":"","overlay-gradient":""},"tablet":{"background-color":"var(--ast-global-color-5)","background-image":"","background-repeat":"repeat","background-position":"center center","background-size":"auto","background-attachment":"scroll","background-type":"","background-media":"","overlay-type":"","overlay-color":"","overlay-opacity":"","overlay-gradient":""},"mobile":{"background-color":"var(--ast-global-color-5)","background-image":"","background-repeat":"repeat","background-position":"center center","background-size":"auto","background-attachment":"scroll","background-type":"","background-media":"","overlay-type":"","overlay-color":"","overlay-opacity":"","overlay-gradient":""}}},"product_brand":[],"product_cat":[42,33],"product_tag":[37,35,40,30],"class_list":{"0":"post-648","1":"product","2":"type-product","3":"status-publish","4":"has-post-thumbnail","6":"product_cat-gift","7":"product_cat-milagrita","8":"product_tag-blazer","9":"product_tag-milagrita","10":"product_tag-voucher","11":"product_tag-workshop","12":"desktop-align-left","13":"tablet-align-left","14":"mobile-align-left","16":"first","17":"outofstock","18":"virtual","19":"purchasable","20":"product-type-simple"},"aioseo_notices":[],"uagb_featured_image_src":{"full":["https:\/\/atelierd7.com\/wp-content\/uploads\/2024\/11\/atelier-d7-milagrita-bling-your-blazer-workshop-ajandekutalvany-3.jpg",1080,1080,false],"thumbnail":["https:\/\/atelierd7.com\/wp-content\/uploads\/2024\/11\/atelier-d7-milagrita-bling-your-blazer-workshop-ajandekutalvany-3-150x150.jpg",150,150,true],"medium":["https:\/\/atelierd7.com\/wp-content\/uploads\/2024\/11\/atelier-d7-milagrita-bling-your-blazer-workshop-ajandekutalvany-3-300x300.jpg",300,300,true],"medium_large":["https:\/\/atelierd7.com\/wp-content\/uploads\/2024\/11\/atelier-d7-milagrita-bling-your-blazer-workshop-ajandekutalvany-3-768x768.jpg",768,768,true],"large":["https:\/\/atelierd7.com\/wp-content\/uploads\/2024\/11\/atelier-d7-milagrita-bling-your-blazer-workshop-ajandekutalvany-3-1024x1024.jpg",1024,1024,true],"1536x1536":["https:\/\/atelierd7.com\/wp-content\/uploads\/2024\/11\/atelier-d7-milagrita-bling-your-blazer-workshop-ajandekutalvany-3.jpg",1080,1080,false],"2048x2048":["https:\/\/atelierd7.com\/wp-content\/uploads\/2024\/11\/atelier-d7-milagrita-bling-your-blazer-workshop-ajandekutalvany-3.jpg",1080,1080,false],"trp-custom-language-flag":["https:\/\/atelierd7.com\/wp-content\/uploads\/2024\/11\/atelier-d7-milagrita-bling-your-blazer-workshop-ajandekutalvany-3.jpg",12,12,false],"woocommerce_thumbnail":["https:\/\/atelierd7.com\/wp-content\/uploads\/2024\/11\/atelier-d7-milagrita-bling-your-blazer-workshop-ajandekutalvany-3-250x250.jpg",250,250,true],"woocommerce_single":["https:\/\/atelierd7.com\/wp-content\/uploads\/2024\/11\/atelier-d7-milagrita-bling-your-blazer-workshop-ajandekutalvany-3-500x500.jpg",500,500,true],"woocommerce_gallery_thumbnail":["https:\/\/atelierd7.com\/wp-content\/uploads\/2024\/11\/atelier-d7-milagrita-bling-your-blazer-workshop-ajandekutalvany-3-100x100.jpg",100,100,true]},"uagb_author_info":{"display_name":"Dorina B\u00f6gre","author_link":"https:\/\/atelierd7.com\/en\/author\/"},"uagb_comment_info":0,"uagb_excerpt":"Aj\u00e1nd\u00e9kozz valami igaz\u00e1n szem\u00e9lyre sz\u00f3l\u00f3t \u00e9s k\u00fcl\u00f6nlegeset \u2013 Blingeld fel a Bl\u00e9zered workshop el\u0151sz\u00f6r Magyarorsz\u00e1gon, \u00e9s val\u00f3sz\u00edn\u0171leg a vil\u00e1gon is! Adj egy kis csillog\u00e1st a r\u00e9gi bl\u00e9zerednek! Itt a t\u00f6k\u00e9letes alkalom, hogy szabadj\u00e1ra engedd a kreativit\u00e1sod, kifejezd a st\u00edlusod, \u00e9s egy klasszikus darabot valami igaz\u00e1n ragyog\u00f3v\u00e1 var\u00e1zsolj.","_links":{"self":[{"href":"https:\/\/atelierd7.com\/en\/wp-json\/wp\/v2\/product\/648","targetHints":{"allow":["GET"]}}],"collection":[{"href":"https:\/\/atelierd7.com\/en\/wp-json\/wp\/v2\/product"}],"about":[{"href":"https:\/\/atelierd7.com\/en\/wp-json\/wp\/v2\/types\/product"}],"replies":[{"embeddable":true,"href":"https:\/\/atelierd7.com\/en\/wp-json\/wp\/v2\/comments?post=648"}],"wp:featuredmedia":[{"embeddable":true,"href":"https:\/\/atelierd7.com\/en\/wp-json\/wp\/v2\/media\/676"}],"wp:attachment":[{"href":"https:\/\/atelierd7.com\/en\/wp-json\/wp\/v2\/media?parent=648"}],"wp:term":[{"taxonomy":"product_brand","embeddable":true,"href":"https:\/\/atelierd7.com\/en\/wp-json\/wp\/v2\/product_brand?post=648"},{"taxonomy":"product_cat","embeddable":true,"href":"https:\/\/atelierd7.com\/en\/wp-json\/wp\/v2\/product_cat?post=648"},{"taxonomy":"product_tag","embeddable":true,"href":"https:\/\/atelierd7.com\/en\/wp-json\/wp\/v2\/product_tag?post=648"}],"curies":[{"name":"wp","href":"https:\/\/api.w.org\/{rel}","templated":true}]}}