{"id":4192,"date":"2026-04-22T14:07:02","date_gmt":"2026-04-22T13:07:02","guid":{"rendered":"https:\/\/atelierd7.com\/?post_type=product&#038;p=4192"},"modified":"2026-04-23T17:07:28","modified_gmt":"2026-04-23T16:07:28","slug":"bandana-pearl-workshop-1","status":"publish","type":"product","link":"https:\/\/atelierd7.com\/en\/product\/bandana-pearl-workshop-1\/","title":{"rendered":"Bandana Pearl workshop &#8211; m\u00e1jus 07. 17:30"},"content":{"rendered":"<p>Egy igaz\u00e1n classy, m\u00e9gis egyedi workshop, amit a divat ikonikus vil\u00e1ga inspir\u00e1lt, azon bel\u00fcl is <strong>Az \u00d6rd\u00f6g Prada-t visel<\/strong> k\u00f6r\u00fcli rajong\u00e1s. <strong>K\u00e9sz\u00edts el vel\u00fcnk egy gy\u00f6ngy kark\u00f6t\u0151t + egy gy\u00f6ngy nyakl\u00e1ncot, amit egy st\u00edlusos bandan\u00e1val kombin\u00e1lhatsz<\/strong>: letisztult, eleg\u00e1ns vagy ak\u00e1r sz\u00ednes, statement verzi\u00f3ban. Legyen ez az egyedi kieg\u00e9sz\u00edt\u0151d a moziban!<\/p>\n<p>A gy\u00f6ngy kark\u00f6t\u0151, nyakl\u00e1nc \u00e9s a bandana k\u00fcl\u00f6n-k\u00fcl\u00f6n \u00e9s egy\u00fctt is hordhat\u00f3: viselheted klasszikus \u00e9kszerk\u00e9nt, a bandan\u00e1t s\u00e1lk\u00e9nt, hajp\u00e1ntk\u00e9nt vagy ak\u00e1r t\u00e1skad\u00edszk\u00e9nt is. Egy darab, t\u00f6bbf\u00e9le hangulat, pontosan \u00fagy, ahogy a st\u00edlusod megk\u00edv\u00e1nja.<\/p>\n<p><strong>Ez a workshop a kreativit\u00e1sr\u00f3l, az \u00f6nkifejez\u00e9sr\u0151l \u00e9s egy kis luxus \u00e9rz\u00e9sr\u0151l sz\u00f3l. Egy d\u00e9lut\u00e1n, ahol Te vagy a f\u0151szerepl\u0151.\u00a0<\/strong><\/p>\n<p>The workshop lasts approximately <strong>1-1,5 hours.<\/strong><\/p>\n<p>A perfect program for girlfriends, friends or as a mother-daughter experience!<\/p>\n<p>Az workshop tartalmaz minden eszk\u00f6zt \u00e9s alapanyagot: gy\u00f6ngy\u00f6ket, bandan\u00e1t, kark\u00f6t\u0151h\u00f6z + nyakl\u00e1nchoz sz\u00fcks\u00e9ges kieg\u00e9sz\u00edt\u0151ket.<\/p>\n<p>Refreshments and snacks will also be available.<\/p>\n<p>Date: <strong>2026. m\u00e1jus 7. cs\u00fct\u00f6rt\u00f6k 17:30<\/strong><\/p>\n<p>Location: <strong>Atelier D7<\/strong>, Budapest 6. ker\u00fclet, Szondi utca 61. corner<\/p>\n<p><strong>Bandana pearl workshop<\/strong> \u00e1ra 9 990 Ft, mely tartalmazza a kark\u00f6t\u0151 + a nyakl\u00e1nc elk\u00e9sz\u00edt\u00e9s\u00e9t \u00e9s egy tetsz\u0151leges bandan\u00e1t.<\/p>\n<p>Maxim\u00e1lis l\u00e9tsz\u00e1m egy workshopon: 8-12 f\u0151. Az \u00e1r egy f\u0151re \u00e9rtend\u0151.<\/p>\n<p>Minimum age for participation is 14 years. Our cancellation policy is<strong>\u00a0<a title=\"\" href=\"https:\/\/atelierd7.com\/en\/refund_returns\/\" target=\"_blank\" rel=\"noopener\">here<\/a><\/strong>\u00a0.<\/p>\n<p>I hope to see you soon!<\/p>","protected":false},"excerpt":{"rendered":"<p>Egy igaz\u00e1n classy, m\u00e9gis egyedi workshop, amit a divat ikonikus vil\u00e1ga inspir\u00e1lt, azon bel\u00fcl is <strong>Az \u00d6rd\u00f6g Prada-t visel<\/strong> k\u00f6r\u00fcli rajong\u00e1s. <strong>K\u00e9sz\u00edts el vel\u00fcnk egy gy\u00f6ngy kark\u00f6t\u0151t + egy gy\u00f6ngy nyakl\u00e1ncot, amit egy st\u00edlusos bandan\u00e1val kombin\u00e1lhatsz! <\/strong>Legyen ez az egyedi kieg\u00e9sz\u00edt\u0151d a moziban!<\/p>\n<p>Ez a workshop a kreativit\u00e1sr\u00f3l, az \u00f6nkifejez\u00e9sr\u0151l \u00e9s egy kis luxus \u00e9rz\u00e9sr\u0151l sz\u00f3l.<strong> Egy d\u00e9lut\u00e1n, ahol Te vagy a f\u0151szerepl\u0151.\u00a0<\/strong><\/p>\n<p>Date: <strong>2026. m\u00e1jus 7. cs\u00fct\u00f6rt\u00f6k 17:30<\/strong><\/p>\n<p>More detailed description under the product! The set is for the total capacity.<\/p>","protected":false},"featured_media":4203,"comment_status":"open","ping_status":"closed","template":"","meta":{"_uag_custom_page_level_css":"","_monsterinsights_skip_tracking":false,"_monsterinsights_sitenote_active":false,"_monsterinsights_sitenote_note":"","_monsterinsights_sitenote_category":0,"site-sidebar-layout":"default","site-content-layout":"","ast-site-content-layout":"default","site-content-style":"default","site-sidebar-style":"default","ast-global-header-display":"","ast-banner-title-visibility":"","ast-main-header-display":"","ast-hfb-above-header-display":"","ast-hfb-below-header-display":"","ast-hfb-mobile-header-display":"","site-post-title":"","ast-breadcrumbs-content":"","ast-featured-img":"","footer-sml-layout":"","ast-disable-related-posts":"","theme-transparent-header-meta":"default","adv-header-id-meta":"","stick-header-meta":"","header-above-stick-meta":"","header-main-stick-meta":"","header-below-stick-meta":"","astra-migrate-meta-layouts":"set","ast-page-background-enabled":"default","ast-page-background-meta":{"desktop":{"background-color":"var(--ast-global-color-4)","background-image":"","background-repeat":"repeat","background-position":"center center","background-size":"auto","background-attachment":"scroll","background-type":"","background-media":"","overlay-type":"","overlay-color":"","overlay-opacity":"","overlay-gradient":""},"tablet":{"background-color":"","background-image":"","background-repeat":"repeat","background-position":"center center","background-size":"auto","background-attachment":"scroll","background-type":"","background-media":"","overlay-type":"","overlay-color":"","overlay-opacity":"","overlay-gradient":""},"mobile":{"background-color":"","background-image":"","background-repeat":"repeat","background-position":"center center","background-size":"auto","background-attachment":"scroll","background-type":"","background-media":"","overlay-type":"","overlay-color":"","overlay-opacity":"","overlay-gradient":""}},"ast-content-background-meta":{"desktop":{"background-color":"var(--ast-global-color-5)","background-image":"","background-repeat":"repeat","background-position":"center center","background-size":"auto","background-attachment":"scroll","background-type":"","background-media":"","overlay-type":"","overlay-color":"","overlay-opacity":"","overlay-gradient":""},"tablet":{"background-color":"var(--ast-global-color-5)","background-image":"","background-repeat":"repeat","background-position":"center center","background-size":"auto","background-attachment":"scroll","background-type":"","background-media":"","overlay-type":"","overlay-color":"","overlay-opacity":"","overlay-gradient":""},"mobile":{"background-color":"var(--ast-global-color-5)","background-image":"","background-repeat":"repeat","background-position":"center center","background-size":"auto","background-attachment":"scroll","background-type":"","background-media":"","overlay-type":"","overlay-color":"","overlay-opacity":"","overlay-gradient":""}}},"product_brand":[],"product_cat":[57,52,71,51,34,151,46,29],"product_tag":[53,72,50,31,32,48,47,30],"class_list":{"0":"post-4192","1":"product","2":"type-product","3":"status-publish","4":"has-post-thumbnail","6":"product_cat-anklet","7":"product_cat-bag","8":"product_cat-bandana","9":"product_cat-bracelet","10":"product_cat-charm","11":"product_cat-featured","12":"product_cat-necklace","13":"product_cat-workshop","14":"product_tag-bag","15":"product_tag-bandana","16":"product_tag-bracelet","17":"product_tag-charm","18":"product_tag-karkoto","19":"product_tag-necklace","20":"product_tag-nyaklanc","21":"product_tag-workshop","22":"desktop-align-left","23":"tablet-align-left","24":"mobile-align-left","26":"first","27":"instock","28":"virtual","29":"purchasable","30":"product-type-simple"},"aioseo_notices":[],"uagb_featured_image_src":{"full":["https:\/\/atelierd7.com\/wp-content\/uploads\/2026\/04\/atelier-d7-ordog-pradat-visel-workshop.jpg",1080,1080,false],"thumbnail":["https:\/\/atelierd7.com\/wp-content\/uploads\/2026\/04\/atelier-d7-ordog-pradat-visel-workshop-150x150.jpg",150,150,true],"medium":["https:\/\/atelierd7.com\/wp-content\/uploads\/2026\/04\/atelier-d7-ordog-pradat-visel-workshop-300x300.jpg",300,300,true],"medium_large":["https:\/\/atelierd7.com\/wp-content\/uploads\/2026\/04\/atelier-d7-ordog-pradat-visel-workshop-768x768.jpg",768,768,true],"large":["https:\/\/atelierd7.com\/wp-content\/uploads\/2026\/04\/atelier-d7-ordog-pradat-visel-workshop-1024x1024.jpg",1024,1024,true],"1536x1536":["https:\/\/atelierd7.com\/wp-content\/uploads\/2026\/04\/atelier-d7-ordog-pradat-visel-workshop.jpg",1080,1080,false],"2048x2048":["https:\/\/atelierd7.com\/wp-content\/uploads\/2026\/04\/atelier-d7-ordog-pradat-visel-workshop.jpg",1080,1080,false],"trp-custom-language-flag":["https:\/\/atelierd7.com\/wp-content\/uploads\/2026\/04\/atelier-d7-ordog-pradat-visel-workshop-12x12.jpg",12,12,true],"woocommerce_thumbnail":["https:\/\/atelierd7.com\/wp-content\/uploads\/2026\/04\/atelier-d7-ordog-pradat-visel-workshop-250x250.jpg",250,250,true],"woocommerce_single":["https:\/\/atelierd7.com\/wp-content\/uploads\/2026\/04\/atelier-d7-ordog-pradat-visel-workshop-500x500.jpg",500,500,true],"woocommerce_gallery_thumbnail":["https:\/\/atelierd7.com\/wp-content\/uploads\/2026\/04\/atelier-d7-ordog-pradat-visel-workshop-100x100.jpg",100,100,true]},"uagb_author_info":{"display_name":"Dorina B\u00f6gre","author_link":"https:\/\/atelierd7.com\/en\/author\/"},"uagb_comment_info":0,"uagb_excerpt":"Egy igaz\u00e1n classy, m\u00e9gis egyedi workshop, amit a divat ikonikus vil\u00e1ga inspir\u00e1lt, azon bel\u00fcl is Az \u00d6rd\u00f6g Prada-t visel k\u00f6r\u00fcli rajong\u00e1s. K\u00e9sz\u00edts el vel\u00fcnk egy gy\u00f6ngy kark\u00f6t\u0151t + egy gy\u00f6ngy nyakl\u00e1ncot, amit egy st\u00edlusos bandan\u00e1val kombin\u00e1lhatsz! Legyen ez az egyedi kieg\u00e9sz\u00edt\u0151d a moziban! Ez a workshop a kreativit\u00e1sr\u00f3l, az \u00f6nkifejez\u00e9sr\u0151l \u00e9s egy kis luxus \u00e9rz\u00e9sr\u0151l&hellip;","_links":{"self":[{"href":"https:\/\/atelierd7.com\/en\/wp-json\/wp\/v2\/product\/4192","targetHints":{"allow":["GET"]}}],"collection":[{"href":"https:\/\/atelierd7.com\/en\/wp-json\/wp\/v2\/product"}],"about":[{"href":"https:\/\/atelierd7.com\/en\/wp-json\/wp\/v2\/types\/product"}],"replies":[{"embeddable":true,"href":"https:\/\/atelierd7.com\/en\/wp-json\/wp\/v2\/comments?post=4192"}],"wp:featuredmedia":[{"embeddable":true,"href":"https:\/\/atelierd7.com\/en\/wp-json\/wp\/v2\/media\/4203"}],"wp:attachment":[{"href":"https:\/\/atelierd7.com\/en\/wp-json\/wp\/v2\/media?parent=4192"}],"wp:term":[{"taxonomy":"product_brand","embeddable":true,"href":"https:\/\/atelierd7.com\/en\/wp-json\/wp\/v2\/product_brand?post=4192"},{"taxonomy":"product_cat","embeddable":true,"href":"https:\/\/atelierd7.com\/en\/wp-json\/wp\/v2\/product_cat?post=4192"},{"taxonomy":"product_tag","embeddable":true,"href":"https:\/\/atelierd7.com\/en\/wp-json\/wp\/v2\/product_tag?post=4192"}],"curies":[{"name":"wp","href":"https:\/\/api.w.org\/{rel}","templated":true}]}}