{"id":4178,"date":"2026-04-22T13:43:35","date_gmt":"2026-04-22T12:43:35","guid":{"rendered":"https:\/\/atelierd7.com\/?post_type=product&#038;p=4178"},"modified":"2026-04-22T13:44:19","modified_gmt":"2026-04-22T12:44:19","slug":"charm-workshop-2","status":"publish","type":"product","link":"https:\/\/atelierd7.com\/en\/product\/charm-workshop-2\/","title":{"rendered":"Charm workshop &#8211; m\u00e1jus 14. 17:30"},"content":{"rendered":"<p>Create something truly personal and special - <strong>Charm workshop <\/strong>in Hungary! Create either <strong>Charm bracelet, Charm anklet, Charm necklace<\/strong> <strong>Bandana charm nyakl\u00e1ncot<\/strong> or <strong>a Bag Charm<\/strong> in our workshop! Choose from more than <strong>1000 charms<\/strong> in gold or silver.<\/p>\n<p>The workshop lasts approximately <strong>1-1,5 hours.<\/strong><\/p>\n<p>Experience the joy of creativity in an exclusive Charm Workshop, where you can make your own charm jewelry or accessory of your dreams! The world-famous workshop is now available in Budapest \u2013 in a unique, friendly, girly environment, at <strong>Atelier D7<\/strong> creative studio.<\/p>\n<p>Our bandana charm workshop is available in Hungary for the first time, right on the heels of international trends! Make a unique, scarf-based necklace that you can decorate with 5 charms of your choice \u2013 in gold or silver or a bandana bag charm with a key chain and 6 charms of your choice! Choose from over 1000 charms to make your accessory truly yours.<\/p>\n<p>At the workshop you will receive an approx. 90 cm long, patterned, airy bandana scarf (in your choice of colors and patterns), which you can transform into a fashionable and feminine statement piece of jewelry with pendant rings and charms or combine with a bag charm of your choice.<\/p>\n<p>A perfect program for girlfriends, friends or as a mother-daughter experience!<\/p>\n<p>The price includes all tools and materials, including a stainless steel chain (gold or silver) \/ bandana + charms, but you will also have the opportunity to purchase additional charms on site so you can leave with a truly personalized piece of jewelry or accessory.<\/p>\n<p><strong>Charm bracelet workshop<\/strong> price: 12 990 Ft \/ person, including 5 charms.<\/p>\n<p><strong>Charm anklet workshop<\/strong> price: 14 990 Ft \/ person, including 6 charms.<\/p>\n<p><strong>Charm necklace workshop<\/strong> price: 16 990 Ft, which includes 7 charms.<\/p>\n<p><strong>Bag charm workshop<\/strong> price: 14 990 Ft \/ person, including 6 charms and 2 clips.<\/p>\n<p><strong>Bandana charm necklace workshop<\/strong> price: 12 990 Ft \/ person.<\/p>\n<p><strong>Bandana bag charm workshop <\/strong>price: 15 990 Ft \/ person.<\/p>\n<p>Refreshments and snacks will also be available.<\/p>\n<p>Date: <strong>2026. m\u00e1jus 14. cs\u00fct\u00f6rt\u00f6k 17:30<\/strong><\/p>\n<p>New location: <strong>Atelier D7<\/strong>, Budapest 6. ker\u00fclet, Szondi utca 61. corner<\/p>\n<p>Maximum number of people in a workshop: 12 people. The price is per person.<\/p>\n<p>More details:<\/p>\n<p>Charm bracelet workshop: <a href=\"https:\/\/atelierd7.com\/en\/charm-karkoto-workshop\/\">https:\/\/atelierd7.com\/en\/charm-karkoto-workshop\/<\/a><\/p>\n<p>Bandana charm workshop: <a href=\"https:\/\/atelierd7.com\/en\/bandana-charm-workshop\/\">https:\/\/atelierd7.com\/en\/bandana-charm-workshop\/<\/a><\/p>\n<p>Charm necklace workshop: <a href=\"https:\/\/atelierd7.com\/en\/charm-nyaklanc-workshop\/\">https:\/\/atelierd7.com\/en\/charm-nyaklanc-workshop\/<\/a><\/p>\n<p>Bag charm workshop: <a href=\"https:\/\/atelierd7.com\/en\/taska-charm-workshop\/\">https:\/\/atelierd7.com\/en\/taska-charm-workshop\/<\/a><\/p>\n<p>Minimum age for participation is 14 years. Our cancellation policy is<strong>\u00a0<a title=\"\" href=\"https:\/\/atelierd7.com\/en\/refund_returns\/\" target=\"_blank\" rel=\"noopener\">here<\/a><\/strong>\u00a0.<\/p>\n<p>I hope to see you soon!<\/p>","protected":false},"excerpt":{"rendered":"<p>Create either\u00a0<strong>Charm bracelet, anklet, necklace, bandana charm necklace<\/strong>\u00a0or\u00a0<strong>a Bag Charm<\/strong>\u00a0at our workshop! Choose the charms that best represent you, or make a personalized gift for someone else! Also available as a gift certificate in the webshop!<\/p>\n<p>Date: <strong>2026. m\u00e1jus 14. cs\u00fct\u00f6rt\u00f6k 17:30<\/strong><\/p>\n<p>More detailed description under the product! The set applies to the total capacity regardless of what you make in the workshop.<\/p>","protected":false},"featured_media":1174,"comment_status":"open","ping_status":"closed","template":"","meta":{"_uag_custom_page_level_css":"","_monsterinsights_skip_tracking":false,"_monsterinsights_sitenote_active":false,"_monsterinsights_sitenote_note":"","_monsterinsights_sitenote_category":0,"site-sidebar-layout":"default","site-content-layout":"","ast-site-content-layout":"default","site-content-style":"default","site-sidebar-style":"default","ast-global-header-display":"","ast-banner-title-visibility":"","ast-main-header-display":"","ast-hfb-above-header-display":"","ast-hfb-below-header-display":"","ast-hfb-mobile-header-display":"","site-post-title":"","ast-breadcrumbs-content":"","ast-featured-img":"","footer-sml-layout":"","ast-disable-related-posts":"","theme-transparent-header-meta":"default","adv-header-id-meta":"","stick-header-meta":"","header-above-stick-meta":"","header-main-stick-meta":"","header-below-stick-meta":"","astra-migrate-meta-layouts":"set","ast-page-background-enabled":"default","ast-page-background-meta":{"desktop":{"background-color":"var(--ast-global-color-4)","background-image":"","background-repeat":"repeat","background-position":"center center","background-size":"auto","background-attachment":"scroll","background-type":"","background-media":"","overlay-type":"","overlay-color":"","overlay-opacity":"","overlay-gradient":""},"tablet":{"background-color":"","background-image":"","background-repeat":"repeat","background-position":"center center","background-size":"auto","background-attachment":"scroll","background-type":"","background-media":"","overlay-type":"","overlay-color":"","overlay-opacity":"","overlay-gradient":""},"mobile":{"background-color":"","background-image":"","background-repeat":"repeat","background-position":"center center","background-size":"auto","background-attachment":"scroll","background-type":"","background-media":"","overlay-type":"","overlay-color":"","overlay-opacity":"","overlay-gradient":""}},"ast-content-background-meta":{"desktop":{"background-color":"var(--ast-global-color-5)","background-image":"","background-repeat":"repeat","background-position":"center center","background-size":"auto","background-attachment":"scroll","background-type":"","background-media":"","overlay-type":"","overlay-color":"","overlay-opacity":"","overlay-gradient":""},"tablet":{"background-color":"var(--ast-global-color-5)","background-image":"","background-repeat":"repeat","background-position":"center center","background-size":"auto","background-attachment":"scroll","background-type":"","background-media":"","overlay-type":"","overlay-color":"","overlay-opacity":"","overlay-gradient":""},"mobile":{"background-color":"var(--ast-global-color-5)","background-image":"","background-repeat":"repeat","background-position":"center center","background-size":"auto","background-attachment":"scroll","background-type":"","background-media":"","overlay-type":"","overlay-color":"","overlay-opacity":"","overlay-gradient":""}}},"product_brand":[],"product_cat":[57,52,71,51,34,151,46,29],"product_tag":[53,72,50,31,32,48,47,30],"class_list":{"0":"post-4178","1":"product","2":"type-product","3":"status-publish","4":"has-post-thumbnail","6":"product_cat-anklet","7":"product_cat-bag","8":"product_cat-bandana","9":"product_cat-bracelet","10":"product_cat-charm","11":"product_cat-featured","12":"product_cat-necklace","13":"product_cat-workshop","14":"product_tag-bag","15":"product_tag-bandana","16":"product_tag-bracelet","17":"product_tag-charm","18":"product_tag-karkoto","19":"product_tag-necklace","20":"product_tag-nyaklanc","21":"product_tag-workshop","22":"desktop-align-left","23":"tablet-align-left","24":"mobile-align-left","26":"first","27":"instock","28":"shipping-taxable","29":"purchasable","30":"product-type-variable"},"aioseo_notices":[],"uagb_featured_image_src":{"full":["https:\/\/atelierd7.com\/wp-content\/uploads\/2025\/01\/charm-nyaklanc-necklace-workshop-budapest-atelier-d7-2.jpg",1080,1080,false],"thumbnail":["https:\/\/atelierd7.com\/wp-content\/uploads\/2025\/01\/charm-nyaklanc-necklace-workshop-budapest-atelier-d7-2-150x150.jpg",150,150,true],"medium":["https:\/\/atelierd7.com\/wp-content\/uploads\/2025\/01\/charm-nyaklanc-necklace-workshop-budapest-atelier-d7-2-300x300.jpg",300,300,true],"medium_large":["https:\/\/atelierd7.com\/wp-content\/uploads\/2025\/01\/charm-nyaklanc-necklace-workshop-budapest-atelier-d7-2-768x768.jpg",768,768,true],"large":["https:\/\/atelierd7.com\/wp-content\/uploads\/2025\/01\/charm-nyaklanc-necklace-workshop-budapest-atelier-d7-2-1024x1024.jpg",1024,1024,true],"1536x1536":["https:\/\/atelierd7.com\/wp-content\/uploads\/2025\/01\/charm-nyaklanc-necklace-workshop-budapest-atelier-d7-2.jpg",1080,1080,false],"2048x2048":["https:\/\/atelierd7.com\/wp-content\/uploads\/2025\/01\/charm-nyaklanc-necklace-workshop-budapest-atelier-d7-2.jpg",1080,1080,false],"trp-custom-language-flag":["https:\/\/atelierd7.com\/wp-content\/uploads\/2025\/01\/charm-nyaklanc-necklace-workshop-budapest-atelier-d7-2-12x12.jpg",12,12,true],"woocommerce_thumbnail":["https:\/\/atelierd7.com\/wp-content\/uploads\/2025\/01\/charm-nyaklanc-necklace-workshop-budapest-atelier-d7-2-250x250.jpg",250,250,true],"woocommerce_single":["https:\/\/atelierd7.com\/wp-content\/uploads\/2025\/01\/charm-nyaklanc-necklace-workshop-budapest-atelier-d7-2-500x500.jpg",500,500,true],"woocommerce_gallery_thumbnail":["https:\/\/atelierd7.com\/wp-content\/uploads\/2025\/01\/charm-nyaklanc-necklace-workshop-budapest-atelier-d7-2-100x100.jpg",100,100,true]},"uagb_author_info":{"display_name":"Dorina B\u00f6gre","author_link":"https:\/\/atelierd7.com\/en\/author\/"},"uagb_comment_info":0,"uagb_excerpt":"K\u00e9sz\u00edts ak\u00e1r\u00a0Charm kark\u00f6t\u0151t, Charm bokal\u00e1ncot, Charm nyakl\u00e1ncot, Bandana charm nyakl\u00e1ncot\u00a0vagy\u00a0T\u00e1ska charmot\u00a0workshopunkon! V\u00e1logasd \u00f6ssze azokat a charmokat, amelyek a legjobban k\u00e9pviselnek T\u00e9ged, vagy k\u00e9sz\u00edts szem\u00e9lyre szabott aj\u00e1nd\u00e9kot m\u00e1snak! Aj\u00e1nd\u00e9kutalv\u00e1ny form\u00e1j\u00e1ban is el\u00e9rhet\u0151 a webshopban! Id\u0151pont: 2026. m\u00e1jus 14. cs\u00fct\u00f6rt\u00f6k 17:30 R\u00e9szletesebb le\u00edr\u00e1s a term\u00e9k alatt! A k\u00e9szlet az \u00f6sszf\u00e9r\u0151helyre vonatkozik att\u00f3l f\u00fcggetlen\u00fcl, hogy mit k\u00e9sz\u00edtesz a&hellip;","_links":{"self":[{"href":"https:\/\/atelierd7.com\/en\/wp-json\/wp\/v2\/product\/4178","targetHints":{"allow":["GET"]}}],"collection":[{"href":"https:\/\/atelierd7.com\/en\/wp-json\/wp\/v2\/product"}],"about":[{"href":"https:\/\/atelierd7.com\/en\/wp-json\/wp\/v2\/types\/product"}],"replies":[{"embeddable":true,"href":"https:\/\/atelierd7.com\/en\/wp-json\/wp\/v2\/comments?post=4178"}],"wp:featuredmedia":[{"embeddable":true,"href":"https:\/\/atelierd7.com\/en\/wp-json\/wp\/v2\/media\/1174"}],"wp:attachment":[{"href":"https:\/\/atelierd7.com\/en\/wp-json\/wp\/v2\/media?parent=4178"}],"wp:term":[{"taxonomy":"product_brand","embeddable":true,"href":"https:\/\/atelierd7.com\/en\/wp-json\/wp\/v2\/product_brand?post=4178"},{"taxonomy":"product_cat","embeddable":true,"href":"https:\/\/atelierd7.com\/en\/wp-json\/wp\/v2\/product_cat?post=4178"},{"taxonomy":"product_tag","embeddable":true,"href":"https:\/\/atelierd7.com\/en\/wp-json\/wp\/v2\/product_tag?post=4178"}],"curies":[{"name":"wp","href":"https:\/\/api.w.org\/{rel}","templated":true}]}}