{"id":4159,"date":"2026-04-20T16:17:06","date_gmt":"2026-04-20T15:17:06","guid":{"rendered":"https:\/\/atelierd7.com\/?post_type=product&#038;p=4159"},"modified":"2026-04-20T20:07:36","modified_gmt":"2026-04-20T19:07:36","slug":"horgolt-taska-workshop-2","status":"publish","type":"product","link":"https:\/\/atelierd7.com\/en\/product\/horgolt-taska-workshop-2\/","title":{"rendered":"Horgolt t\u00e1ska workshop match\u00e1val &#8211; m\u00e1jus 23. 13:00"},"content":{"rendered":"<p><strong>Casa Kumo x Lucha Matcha workshop az Atelier D7-ben<\/strong><\/p>\n<p><strong>Fedezd fel a horgol\u00e1s vil\u00e1g\u00e1t a Casa Kumo-val, \u00e9s k\u00e9sz\u00edts egyedi, sz\u00ednes t\u00e1sk\u00e1t! Leg\u00fajabb matcha tematik\u00e1j\u00fa workshopunkon pedig egy k\u00fcl\u00f6nleges Lucha match\u00e1t is megk\u00f3stolhatsz!\u00a0<\/strong><\/p>\n<p>Mer\u00fclj el a k\u00e9zm\u0171ves alkot\u00e1s \u00f6r\u00f6m\u00e9ben egy k\u00fcl\u00f6nleges workshopon, ahol saj\u00e1t kez\u0171leg k\u00e9sz\u00edthetsz el egy st\u00edlusos, tavaszi-ny\u00e1ri t\u00e1sk\u00e1t. Egy bar\u00e1ts\u00e1gos, kreat\u00edv k\u00f6rnyezetben, az Atelier D7 m\u0171hely\u00e9ben v\u00e1runk, hogy megtapasztald a horgol\u00e1s sz\u00e9ps\u00e9g\u00e9t! A workshop folyam\u00e1n majd Te d\u00f6ntheted el, hogy egy vagy k\u00e9t p\u00e1ntos verzi\u00f3t horgolsz.<\/p>\n<p>A k\u00fcl\u00f6nleges tematik\u00e1t pedig egy Lucha match\u00e1val koron\u00e1zzuk meg, amit el\u0151re kiv\u00e1laszthatsz a matcha men\u00fcr\u0151l! A workshop \u00e1ra fejenk\u00e9nt egy match\u00e1t tartalmaz.<\/p>\n<p>A perfect program for friends, those who want to create or as a mother-daughter experience! If there are several of you coming, request a special time!<\/p>\n<p>No prior training is required for the workshop \u2013 we will help you throughout, so even complete beginners can come!<\/p>\n<p>A workshop id\u0151tartama: kb. 5 \u00f3ra.<\/p>\n<p>Az \u00e1r tartalmaz minden eszk\u00f6zt \u00e9s alapanyagot, k\u00f6zt\u00fck k\u00e9t pr\u00e9mium min\u0151s\u00e9g\u0171 fonalat, horgol\u00f3t\u0171t, minden sz\u00fcks\u00e9ges eszk\u00f6zt \u00e9s szakmai ir\u00e1nymutat\u00e1st.<\/p>\n<p>Horgolt t\u00e1ska workshop \u00e1ra 24 990 Ft \/ f\u0151.<\/p>\n<p>Refreshments and snacks will also be available.<\/p>\n<p>Date: <strong>2026. m\u00e1jus 23. szombat 13:00<\/strong><\/p>\n<p>Helysz\u00edn: Atelier D7, Budapest 6. ker\u00fclet, Szondi utca 61. sarok<\/p>\n<p>Maxim\u00e1lis l\u00e9tsz\u00e1m egy workshopon: 5-8 f\u0151. Az \u00e1r egy f\u0151re \u00e9rtend\u0151.<\/p>\n<p>K\u00f6vesd a Casa Kumo oldal\u00e1t: <a href=\"https:\/\/www.instagram.com\/casakumo_\/\">https:\/\/www.instagram.com\/casakumo_\/<\/a><\/p>\n<p>K\u00f6vesd a Lucha matcha oldal\u00e1t: <a href=\"https:\/\/www.instagram.com\/lucha_matcha\/\">https:\/\/www.instagram.com\/lucha_matcha\/<\/a><\/p>\n<p>More information: <a href=\"https:\/\/atelierd7.com\/en\/horgolt-taska-workshop\/\">https:\/\/atelierd7.com\/en\/horgolt-taska-workshop\/<\/a><\/p>\n<p>Minimum age for participation is 14 years. Our cancellation policy is<strong>\u00a0<a title=\"\" href=\"https:\/\/atelierd7.com\/en\/refund_returns\/\" target=\"_blank\" rel=\"noopener\">here<\/a><\/strong>\u00a0.<\/p>\n<p>Rem\u00e9lj\u00fck hamarosan tal\u00e1lkozunk!<\/p>","protected":false},"excerpt":{"rendered":"<p><strong>Casa Kumo x Lucha Matcha workshop az Atelier D7-ben<\/strong><\/p>\n<p><strong>Fedezd fel a horgol\u00e1s vil\u00e1g\u00e1t a Casa Kumo-val, \u00e9s k\u00e9sz\u00edts egyedi, sz\u00ednes t\u00e1sk\u00e1t! Leg\u00fajabb matcha tematik\u00e1j\u00fa workshopunkon pedig egy k\u00fcl\u00f6nleges Lucha match\u00e1t is megk\u00f3stolhatsz!\u00a0<\/strong><\/p>\n<p>A workshop \u00e1ra fejenk\u00e9nt egy Lucha match\u00e1t tartalmaz. Alternat\u00edv tej v\u00e1laszt\u00e1s\u00e1t k\u00e9rlek jelezd nek\u00fcnk megjegyz\u00e9sben vagy emailben.<\/p>\n<p>A workshop folyam\u00e1n majd Te d\u00f6ntheted el, hogy egy vagy k\u00e9t p\u00e1ntos verzi\u00f3t horgolsz.<\/p>\n<p>Date: <strong>2026. m\u00e1jus 23. szombat 13:00<\/strong><\/p>\n<p>Detailed description below the product!<\/p>\n<p>A workshophoz nem sz\u00fcks\u00e9ges el\u0151k\u00e9pzetts\u00e9g \u2013 v\u00e9gig seg\u00edt\u00fcnk, \u00edgy teljesen kezd\u0151k is b\u00e1tran j\u00f6hetnek! V\u00e1laszd ki milyen sz\u00edn\u0171 t\u00e1sk\u00e1t szeretn\u00e9l horgolni!<\/p>","protected":false},"featured_media":4164,"comment_status":"open","ping_status":"closed","template":"","meta":{"_uag_custom_page_level_css":"","_monsterinsights_skip_tracking":false,"_monsterinsights_sitenote_active":false,"_monsterinsights_sitenote_note":"","_monsterinsights_sitenote_category":0,"site-sidebar-layout":"default","site-content-layout":"","ast-site-content-layout":"default","site-content-style":"default","site-sidebar-style":"default","ast-global-header-display":"","ast-banner-title-visibility":"","ast-main-header-display":"","ast-hfb-above-header-display":"","ast-hfb-below-header-display":"","ast-hfb-mobile-header-display":"","site-post-title":"","ast-breadcrumbs-content":"","ast-featured-img":"","footer-sml-layout":"","ast-disable-related-posts":"","theme-transparent-header-meta":"default","adv-header-id-meta":"","stick-header-meta":"","header-above-stick-meta":"","header-main-stick-meta":"","header-below-stick-meta":"","astra-migrate-meta-layouts":"set","ast-page-background-enabled":"default","ast-page-background-meta":{"desktop":{"background-color":"var(--ast-global-color-4)","background-image":"","background-repeat":"repeat","background-position":"center center","background-size":"auto","background-attachment":"scroll","background-type":"","background-media":"","overlay-type":"","overlay-color":"","overlay-opacity":"","overlay-gradient":""},"tablet":{"background-color":"","background-image":"","background-repeat":"repeat","background-position":"center center","background-size":"auto","background-attachment":"scroll","background-type":"","background-media":"","overlay-type":"","overlay-color":"","overlay-opacity":"","overlay-gradient":""},"mobile":{"background-color":"","background-image":"","background-repeat":"repeat","background-position":"center center","background-size":"auto","background-attachment":"scroll","background-type":"","background-media":"","overlay-type":"","overlay-color":"","overlay-opacity":"","overlay-gradient":""}},"ast-content-background-meta":{"desktop":{"background-color":"var(--ast-global-color-5)","background-image":"","background-repeat":"repeat","background-position":"center center","background-size":"auto","background-attachment":"scroll","background-type":"","background-media":"","overlay-type":"","overlay-color":"","overlay-opacity":"","overlay-gradient":""},"tablet":{"background-color":"var(--ast-global-color-5)","background-image":"","background-repeat":"repeat","background-position":"center center","background-size":"auto","background-attachment":"scroll","background-type":"","background-media":"","overlay-type":"","overlay-color":"","overlay-opacity":"","overlay-gradient":""},"mobile":{"background-color":"var(--ast-global-color-5)","background-image":"","background-repeat":"repeat","background-position":"center center","background-size":"auto","background-attachment":"scroll","background-type":"","background-media":"","overlay-type":"","overlay-color":"","overlay-opacity":"","overlay-gradient":""}}},"product_brand":[],"product_cat":[52,55,151,29],"product_tag":[53,139,73,143,142,141,30],"class_list":{"0":"post-4159","1":"product","2":"type-product","3":"status-publish","4":"has-post-thumbnail","6":"product_cat-bag","7":"product_cat-crochet","8":"product_cat-featured","9":"product_cat-workshop","10":"product_tag-bag","11":"product_tag-clutch","12":"product_tag-crochet","13":"product_tag-horgolas","14":"product_tag-horgolt-taska","15":"product_tag-kezitaska","16":"product_tag-workshop","17":"desktop-align-left","18":"tablet-align-left","19":"mobile-align-left","21":"first","22":"instock","23":"sale","24":"shipping-taxable","25":"purchasable","26":"product-type-variable"},"aioseo_notices":[],"uagb_featured_image_src":{"full":["https:\/\/atelierd7.com\/wp-content\/uploads\/2026\/04\/atelier-d7-casa-kumo-horgolt-taska-workshop-lucha-matcha-budapest-1.jpg",1080,1080,false],"thumbnail":["https:\/\/atelierd7.com\/wp-content\/uploads\/2026\/04\/atelier-d7-casa-kumo-horgolt-taska-workshop-lucha-matcha-budapest-1-150x150.jpg",150,150,true],"medium":["https:\/\/atelierd7.com\/wp-content\/uploads\/2026\/04\/atelier-d7-casa-kumo-horgolt-taska-workshop-lucha-matcha-budapest-1-300x300.jpg",300,300,true],"medium_large":["https:\/\/atelierd7.com\/wp-content\/uploads\/2026\/04\/atelier-d7-casa-kumo-horgolt-taska-workshop-lucha-matcha-budapest-1-768x768.jpg",768,768,true],"large":["https:\/\/atelierd7.com\/wp-content\/uploads\/2026\/04\/atelier-d7-casa-kumo-horgolt-taska-workshop-lucha-matcha-budapest-1-1024x1024.jpg",1024,1024,true],"1536x1536":["https:\/\/atelierd7.com\/wp-content\/uploads\/2026\/04\/atelier-d7-casa-kumo-horgolt-taska-workshop-lucha-matcha-budapest-1.jpg",1080,1080,false],"2048x2048":["https:\/\/atelierd7.com\/wp-content\/uploads\/2026\/04\/atelier-d7-casa-kumo-horgolt-taska-workshop-lucha-matcha-budapest-1.jpg",1080,1080,false],"trp-custom-language-flag":["https:\/\/atelierd7.com\/wp-content\/uploads\/2026\/04\/atelier-d7-casa-kumo-horgolt-taska-workshop-lucha-matcha-budapest-1-12x12.jpg",12,12,true],"woocommerce_thumbnail":["https:\/\/atelierd7.com\/wp-content\/uploads\/2026\/04\/atelier-d7-casa-kumo-horgolt-taska-workshop-lucha-matcha-budapest-1-250x250.jpg",250,250,true],"woocommerce_single":["https:\/\/atelierd7.com\/wp-content\/uploads\/2026\/04\/atelier-d7-casa-kumo-horgolt-taska-workshop-lucha-matcha-budapest-1-500x500.jpg",500,500,true],"woocommerce_gallery_thumbnail":["https:\/\/atelierd7.com\/wp-content\/uploads\/2026\/04\/atelier-d7-casa-kumo-horgolt-taska-workshop-lucha-matcha-budapest-1-100x100.jpg",100,100,true]},"uagb_author_info":{"display_name":"Dorina B\u00f6gre","author_link":"https:\/\/atelierd7.com\/en\/author\/"},"uagb_comment_info":0,"uagb_excerpt":"Casa Kumo x Lucha Matcha workshop az Atelier D7-ben Fedezd fel a horgol\u00e1s vil\u00e1g\u00e1t a Casa Kumo-val, \u00e9s k\u00e9sz\u00edts egyedi, sz\u00ednes t\u00e1sk\u00e1t! Leg\u00fajabb matcha tematik\u00e1j\u00fa workshopunkon pedig egy k\u00fcl\u00f6nleges Lucha match\u00e1t is megk\u00f3stolhatsz!\u00a0 A workshop \u00e1ra fejenk\u00e9nt egy Lucha match\u00e1t tartalmaz. Alternat\u00edv tej v\u00e1laszt\u00e1s\u00e1t k\u00e9rlek jelezd nek\u00fcnk megjegyz\u00e9sben vagy emailben. A workshop folyam\u00e1n majd Te&hellip;","_links":{"self":[{"href":"https:\/\/atelierd7.com\/en\/wp-json\/wp\/v2\/product\/4159","targetHints":{"allow":["GET"]}}],"collection":[{"href":"https:\/\/atelierd7.com\/en\/wp-json\/wp\/v2\/product"}],"about":[{"href":"https:\/\/atelierd7.com\/en\/wp-json\/wp\/v2\/types\/product"}],"replies":[{"embeddable":true,"href":"https:\/\/atelierd7.com\/en\/wp-json\/wp\/v2\/comments?post=4159"}],"wp:featuredmedia":[{"embeddable":true,"href":"https:\/\/atelierd7.com\/en\/wp-json\/wp\/v2\/media\/4164"}],"wp:attachment":[{"href":"https:\/\/atelierd7.com\/en\/wp-json\/wp\/v2\/media?parent=4159"}],"wp:term":[{"taxonomy":"product_brand","embeddable":true,"href":"https:\/\/atelierd7.com\/en\/wp-json\/wp\/v2\/product_brand?post=4159"},{"taxonomy":"product_cat","embeddable":true,"href":"https:\/\/atelierd7.com\/en\/wp-json\/wp\/v2\/product_cat?post=4159"},{"taxonomy":"product_tag","embeddable":true,"href":"https:\/\/atelierd7.com\/en\/wp-json\/wp\/v2\/product_tag?post=4159"}],"curies":[{"name":"wp","href":"https:\/\/api.w.org\/{rel}","templated":true}]}}