{"id":3748,"date":"2026-01-29T16:15:33","date_gmt":"2026-01-29T15:15:33","guid":{"rendered":"https:\/\/atelierd7.com\/?post_type=product&#038;p=3748"},"modified":"2026-03-09T18:18:57","modified_gmt":"2026-03-09T17:18:57","slug":"horgolt-kagylo-taska-tobb-szinben","status":"publish","type":"product","link":"https:\/\/atelierd7.com\/en\/product\/horgolt-kagylo-taska-tobb-szinben\/","title":{"rendered":"Horgolt kagyl\u00f3 t\u00e1ska t\u00f6bb sz\u00ednben"},"content":{"rendered":"<p><span data-sheets-root=\"1\">K\u00e9zzel horgolt, finoman text\u00far\u00e1lt darab, amely a klasszikus formavil\u00e1got modern megjelen\u00e9ssel eg\u00e9sz\u00edti ki. Letisztult, m\u00e9gis karakteres kieg\u00e9sz\u00edt\u0151, amely b\u00e1rmely \u00e9vszakban harmonikusan illeszkedik az \u00f6lt\u00f6z\u00e9kedhez. Minden t\u00e1ska gondosan, egyedileg k\u00e9sz\u00fcl kiv\u00e1l\u00f3 min\u0151s\u00e9g\u0171 fonalb\u00f3l, tart\u00f3s kivitelben.<\/span><\/p>\n<p><span data-sheets-root=\"1\">Ide\u00e1lis v\u00e1laszt\u00e1s azoknak, akik a min\u0151s\u00e9get \u00e9s az egyedi st\u00edlust keresik. T\u00f6k\u00e9letes aj\u00e1nd\u00e9k n\u0151knek.<\/span><\/p>\n<p><span data-sheets-root=\"1\">A t\u00e1ska 60 cm hossz\u00fa horgolt p\u00e1nttal van ell\u00e1tva. A t\u00e1sk\u00e1hoz aj\u00e1nd\u00e9k szat\u00e9n tasak j\u00e1r, amellyel \u00e9rt\u00e9keidet lez\u00e1rva \u0151rizheted a t\u00e1sk\u00e1n bel\u00fcl. <\/span><\/p>\n<p><span data-sheets-root=\"1\">T\u00e1ska \u00e1tm\u00e9r\u0151je: kb. 28 cm (minim\u00e1lis elt\u00e9r\u00e9s lehet a horgol\u00e1sb\u00f3l ad\u00f3d\u00f3an).<\/span><\/p>","protected":false},"excerpt":{"rendered":"<p><span data-sheets-root=\"1\">K\u00e9zzel horgolt, finoman text\u00far\u00e1lt ny\u00e1ri kagyl\u00f3 t\u00e1ska, amely a klasszikus formavil\u00e1got modern megjelen\u00e9ssel eg\u00e9sz\u00edti ki. 3 sz\u00ednben el\u00e9rhet\u0151, azonban van lehet\u0151s\u00e9g egyedi sz\u00ednben is k\u00e9rni (pl. k\u00e9k, arany, z\u00f6ld stb.)<\/span><\/p>\n<p>Vannak k\u00e9szleten is, azonban ut\u00e1n is lehet rendelni \u0151ket. Ut\u00e1nrendel\u00e9s eset\u00e9n a t\u00e1ska elk\u00e9sz\u00edt\u00e9si ideje +3-10 munkanap.<\/p>","protected":false},"featured_media":3757,"comment_status":"open","ping_status":"closed","template":"","meta":{"_uag_custom_page_level_css":"","_monsterinsights_skip_tracking":false,"_monsterinsights_sitenote_active":false,"_monsterinsights_sitenote_note":"","_monsterinsights_sitenote_category":0,"site-sidebar-layout":"default","site-content-layout":"","ast-site-content-layout":"default","site-content-style":"default","site-sidebar-style":"default","ast-global-header-display":"","ast-banner-title-visibility":"","ast-main-header-display":"","ast-hfb-above-header-display":"","ast-hfb-below-header-display":"","ast-hfb-mobile-header-display":"","site-post-title":"","ast-breadcrumbs-content":"","ast-featured-img":"","footer-sml-layout":"","ast-disable-related-posts":"","theme-transparent-header-meta":"default","adv-header-id-meta":"","stick-header-meta":"","header-above-stick-meta":"","header-main-stick-meta":"","header-below-stick-meta":"","astra-migrate-meta-layouts":"set","ast-page-background-enabled":"default","ast-page-background-meta":{"desktop":{"background-color":"var(--ast-global-color-4)","background-image":"","background-repeat":"repeat","background-position":"center center","background-size":"auto","background-attachment":"scroll","background-type":"","background-media":"","overlay-type":"","overlay-color":"","overlay-opacity":"","overlay-gradient":""},"tablet":{"background-color":"","background-image":"","background-repeat":"repeat","background-position":"center center","background-size":"auto","background-attachment":"scroll","background-type":"","background-media":"","overlay-type":"","overlay-color":"","overlay-opacity":"","overlay-gradient":""},"mobile":{"background-color":"","background-image":"","background-repeat":"repeat","background-position":"center center","background-size":"auto","background-attachment":"scroll","background-type":"","background-media":"","overlay-type":"","overlay-color":"","overlay-opacity":"","overlay-gradient":""}},"ast-content-background-meta":{"desktop":{"background-color":"var(--ast-global-color-5)","background-image":"","background-repeat":"repeat","background-position":"center center","background-size":"auto","background-attachment":"scroll","background-type":"","background-media":"","overlay-type":"","overlay-color":"","overlay-opacity":"","overlay-gradient":""},"tablet":{"background-color":"var(--ast-global-color-5)","background-image":"","background-repeat":"repeat","background-position":"center center","background-size":"auto","background-attachment":"scroll","background-type":"","background-media":"","overlay-type":"","overlay-color":"","overlay-opacity":"","overlay-gradient":""},"mobile":{"background-color":"var(--ast-global-color-5)","background-image":"","background-repeat":"repeat","background-position":"center center","background-size":"auto","background-attachment":"scroll","background-type":"","background-media":"","overlay-type":"","overlay-color":"","overlay-opacity":"","overlay-gradient":""}}},"product_brand":[],"product_cat":[52,55,151,171],"product_tag":[38,39,56,142,147,172,173],"class_list":{"0":"post-3748","1":"product","2":"type-product","3":"status-publish","4":"has-post-thumbnail","6":"product_cat-bag","7":"product_cat-crochet","8":"product_cat-featured","9":"product_cat-handcrafted","10":"product_tag-ajandek","11":"product_tag-gift","12":"product_tag-horgolt","13":"product_tag-horgolt-taska","14":"product_tag-kagylo","15":"product_tag-kagylo-taska","16":"product_tag-shell-bag","17":"product_shipping_class-belfoldi-szallitas","18":"desktop-align-left","19":"tablet-align-left","20":"mobile-align-left","22":"first","23":"instock","24":"sale","25":"shipping-taxable","26":"purchasable","27":"product-type-variable"},"aioseo_notices":[],"uagb_featured_image_src":{"full":["https:\/\/atelierd7.com\/wp-content\/uploads\/2026\/01\/atelier-d7-kagylo-horgolt-taska.jpg",1080,1080,false],"thumbnail":["https:\/\/atelierd7.com\/wp-content\/uploads\/2026\/01\/atelier-d7-kagylo-horgolt-taska-150x150.jpg",150,150,true],"medium":["https:\/\/atelierd7.com\/wp-content\/uploads\/2026\/01\/atelier-d7-kagylo-horgolt-taska-300x300.jpg",300,300,true],"medium_large":["https:\/\/atelierd7.com\/wp-content\/uploads\/2026\/01\/atelier-d7-kagylo-horgolt-taska-768x768.jpg",768,768,true],"large":["https:\/\/atelierd7.com\/wp-content\/uploads\/2026\/01\/atelier-d7-kagylo-horgolt-taska-1024x1024.jpg",1024,1024,true],"1536x1536":["https:\/\/atelierd7.com\/wp-content\/uploads\/2026\/01\/atelier-d7-kagylo-horgolt-taska.jpg",1080,1080,false],"2048x2048":["https:\/\/atelierd7.com\/wp-content\/uploads\/2026\/01\/atelier-d7-kagylo-horgolt-taska.jpg",1080,1080,false],"trp-custom-language-flag":["https:\/\/atelierd7.com\/wp-content\/uploads\/2026\/01\/atelier-d7-kagylo-horgolt-taska-12x12.jpg",12,12,true],"woocommerce_thumbnail":["https:\/\/atelierd7.com\/wp-content\/uploads\/2026\/01\/atelier-d7-kagylo-horgolt-taska-250x250.jpg",250,250,true],"woocommerce_single":["https:\/\/atelierd7.com\/wp-content\/uploads\/2026\/01\/atelier-d7-kagylo-horgolt-taska-500x500.jpg",500,500,true],"woocommerce_gallery_thumbnail":["https:\/\/atelierd7.com\/wp-content\/uploads\/2026\/01\/atelier-d7-kagylo-horgolt-taska-100x100.jpg",100,100,true]},"uagb_author_info":{"display_name":"Dorina B\u00f6gre","author_link":"https:\/\/atelierd7.com\/en\/author\/"},"uagb_comment_info":0,"uagb_excerpt":"K\u00e9zzel horgolt, finoman text\u00far\u00e1lt ny\u00e1ri kagyl\u00f3 t\u00e1ska, amely a klasszikus formavil\u00e1got modern megjelen\u00e9ssel eg\u00e9sz\u00edti ki. 3 sz\u00ednben el\u00e9rhet\u0151, azonban van lehet\u0151s\u00e9g egyedi sz\u00ednben is k\u00e9rni (pl. k\u00e9k, arany, z\u00f6ld stb.) Vannak k\u00e9szleten is, azonban ut\u00e1n is lehet rendelni \u0151ket. Ut\u00e1nrendel\u00e9s eset\u00e9n a t\u00e1ska elk\u00e9sz\u00edt\u00e9si ideje +3-10 munkanap.","_links":{"self":[{"href":"https:\/\/atelierd7.com\/en\/wp-json\/wp\/v2\/product\/3748","targetHints":{"allow":["GET"]}}],"collection":[{"href":"https:\/\/atelierd7.com\/en\/wp-json\/wp\/v2\/product"}],"about":[{"href":"https:\/\/atelierd7.com\/en\/wp-json\/wp\/v2\/types\/product"}],"replies":[{"embeddable":true,"href":"https:\/\/atelierd7.com\/en\/wp-json\/wp\/v2\/comments?post=3748"}],"wp:featuredmedia":[{"embeddable":true,"href":"https:\/\/atelierd7.com\/en\/wp-json\/wp\/v2\/media\/3757"}],"wp:attachment":[{"href":"https:\/\/atelierd7.com\/en\/wp-json\/wp\/v2\/media?parent=3748"}],"wp:term":[{"taxonomy":"product_brand","embeddable":true,"href":"https:\/\/atelierd7.com\/en\/wp-json\/wp\/v2\/product_brand?post=3748"},{"taxonomy":"product_cat","embeddable":true,"href":"https:\/\/atelierd7.com\/en\/wp-json\/wp\/v2\/product_cat?post=3748"},{"taxonomy":"product_tag","embeddable":true,"href":"https:\/\/atelierd7.com\/en\/wp-json\/wp\/v2\/product_tag?post=3748"}],"curies":[{"name":"wp","href":"https:\/\/api.w.org\/{rel}","templated":true}]}}