{"id":3718,"date":"2026-01-29T15:56:55","date_gmt":"2026-01-29T14:56:55","guid":{"rendered":"https:\/\/atelierd7.com\/?post_type=product&#038;p=3718"},"modified":"2026-04-07T13:49:23","modified_gmt":"2026-04-07T12:49:23","slug":"szoros-horgolt-taska","status":"publish","type":"product","link":"https:\/\/atelierd7.com\/en\/product\/szoros-horgolt-taska\/","title":{"rendered":"Sz\u0151r\u00f6s horgolt ta\u0301ska t\u00f6bb sz\u00ednben"},"content":{"rendered":"<p><span data-sheets-root=\"1\">K\u00e9zzel k\u00e9sz\u00edtett, eleg\u00e1ns horgolt t\u00e1ska puha, sz\u0151r\u00f6s fonalb\u00f3l. Letisztult forma, k\u00e9zi fog\u00f3val \u00e9s levehet\u0151 120 cm-es arany vagy ez\u00fcst l\u00e1nc p\u00e1nttal. Minden t\u00e1ska egyedi gondoss\u00e1ggal k\u00e9sz\u00fcl, \u00edgy nemcsak praktikus, hanem karakteres, k\u00e9zm\u0171ves \u00e9rt\u00e9ket k\u00e9pvisel\u0151 darab is. Eleg\u00e1ns arany vagy ez\u00fcst Atelier D7 log\u00f3val ell\u00e1tva.<\/span><\/p>\n<p><span data-sheets-root=\"1\">Ide\u00e1lis v\u00e1laszt\u00e1s azoknak, akik a min\u0151s\u00e9get \u00e9s az egyedi st\u00edlust keresik. T\u00f6k\u00e9letes aj\u00e1nd\u00e9k n\u0151knek.<\/span><\/p>\n<p><span data-sheets-root=\"1\">M\u00e9rete: 27&#215;20 cm (minim\u00e1lis elt\u00e9r\u00e9s lehet a horgol\u00e1sb\u00f3l ad\u00f3d\u00f3an)<\/span><\/p>","protected":false},"excerpt":{"rendered":"<p><span data-sheets-root=\"1\">K\u00e9zzel k\u00e9sz\u00edtett, eleg\u00e1ns horgolt t\u00e1ska 5 k\u00fcl\u00f6nb\u00f6z\u0151 sz\u00edn\u0171 puha, sz\u0151r\u00f6s fonalb\u00f3l, arany vagy ez\u00fcst l\u00e1nc p\u00e1nttal.<\/span><\/p>\n<p>Vannak k\u00e9szleten is, azonban ut\u00e1n is lehet rendelni \u0151ket arany vagy ez\u00fcst p\u00e1nttal. Ut\u00e1nrendel\u00e9s eset\u00e9n a t\u00e1ska elk\u00e9sz\u00edt\u00e9si ideje +3-5 munkanap.<\/p>","protected":false},"featured_media":3950,"comment_status":"open","ping_status":"closed","template":"","meta":{"_uag_custom_page_level_css":"","_monsterinsights_skip_tracking":false,"_monsterinsights_sitenote_active":false,"_monsterinsights_sitenote_note":"","_monsterinsights_sitenote_category":0,"site-sidebar-layout":"default","site-content-layout":"","ast-site-content-layout":"default","site-content-style":"default","site-sidebar-style":"default","ast-global-header-display":"","ast-banner-title-visibility":"","ast-main-header-display":"","ast-hfb-above-header-display":"","ast-hfb-below-header-display":"","ast-hfb-mobile-header-display":"","site-post-title":"","ast-breadcrumbs-content":"","ast-featured-img":"","footer-sml-layout":"","ast-disable-related-posts":"","theme-transparent-header-meta":"default","adv-header-id-meta":"","stick-header-meta":"","header-above-stick-meta":"","header-main-stick-meta":"","header-below-stick-meta":"","astra-migrate-meta-layouts":"set","ast-page-background-enabled":"default","ast-page-background-meta":{"desktop":{"background-color":"var(--ast-global-color-4)","background-image":"","background-repeat":"repeat","background-position":"center center","background-size":"auto","background-attachment":"scroll","background-type":"","background-media":"","overlay-type":"","overlay-color":"","overlay-opacity":"","overlay-gradient":""},"tablet":{"background-color":"","background-image":"","background-repeat":"repeat","background-position":"center center","background-size":"auto","background-attachment":"scroll","background-type":"","background-media":"","overlay-type":"","overlay-color":"","overlay-opacity":"","overlay-gradient":""},"mobile":{"background-color":"","background-image":"","background-repeat":"repeat","background-position":"center center","background-size":"auto","background-attachment":"scroll","background-type":"","background-media":"","overlay-type":"","overlay-color":"","overlay-opacity":"","overlay-gradient":""}},"ast-content-background-meta":{"desktop":{"background-color":"var(--ast-global-color-5)","background-image":"","background-repeat":"repeat","background-position":"center center","background-size":"auto","background-attachment":"scroll","background-type":"","background-media":"","overlay-type":"","overlay-color":"","overlay-opacity":"","overlay-gradient":""},"tablet":{"background-color":"var(--ast-global-color-5)","background-image":"","background-repeat":"repeat","background-position":"center center","background-size":"auto","background-attachment":"scroll","background-type":"","background-media":"","overlay-type":"","overlay-color":"","overlay-opacity":"","overlay-gradient":""},"mobile":{"background-color":"var(--ast-global-color-5)","background-image":"","background-repeat":"repeat","background-position":"center center","background-size":"auto","background-attachment":"scroll","background-type":"","background-media":"","overlay-type":"","overlay-color":"","overlay-opacity":"","overlay-gradient":""}}},"product_brand":[],"product_cat":[52,55,171],"product_tag":[38,53,73,39,56,142,54,170],"class_list":{"0":"post-3718","1":"product","2":"type-product","3":"status-publish","4":"has-post-thumbnail","6":"product_cat-bag","7":"product_cat-crochet","8":"product_cat-handcrafted","9":"product_tag-ajandek","10":"product_tag-bag","11":"product_tag-crochet","12":"product_tag-gift","13":"product_tag-horgolt","14":"product_tag-horgolt-taska","15":"product_tag-taska","16":"product_tag-valentin-nap","17":"product_shipping_class-belfoldi-szallitas","18":"desktop-align-left","19":"tablet-align-left","20":"mobile-align-left","22":"first","23":"instock","24":"sale","25":"shipping-taxable","26":"purchasable","27":"product-type-variable"},"aioseo_notices":[],"uagb_featured_image_src":{"full":["https:\/\/atelierd7.com\/wp-content\/uploads\/2026\/01\/atelier-d7-budapest-szoros-horgolt-taska-1.jpg",1080,1080,false],"thumbnail":["https:\/\/atelierd7.com\/wp-content\/uploads\/2026\/01\/atelier-d7-budapest-szoros-horgolt-taska-1-150x150.jpg",150,150,true],"medium":["https:\/\/atelierd7.com\/wp-content\/uploads\/2026\/01\/atelier-d7-budapest-szoros-horgolt-taska-1-300x300.jpg",300,300,true],"medium_large":["https:\/\/atelierd7.com\/wp-content\/uploads\/2026\/01\/atelier-d7-budapest-szoros-horgolt-taska-1-768x768.jpg",768,768,true],"large":["https:\/\/atelierd7.com\/wp-content\/uploads\/2026\/01\/atelier-d7-budapest-szoros-horgolt-taska-1-1024x1024.jpg",1024,1024,true],"1536x1536":["https:\/\/atelierd7.com\/wp-content\/uploads\/2026\/01\/atelier-d7-budapest-szoros-horgolt-taska-1.jpg",1080,1080,false],"2048x2048":["https:\/\/atelierd7.com\/wp-content\/uploads\/2026\/01\/atelier-d7-budapest-szoros-horgolt-taska-1.jpg",1080,1080,false],"trp-custom-language-flag":["https:\/\/atelierd7.com\/wp-content\/uploads\/2026\/01\/atelier-d7-budapest-szoros-horgolt-taska-1-12x12.jpg",12,12,true],"woocommerce_thumbnail":["https:\/\/atelierd7.com\/wp-content\/uploads\/2026\/01\/atelier-d7-budapest-szoros-horgolt-taska-1-250x250.jpg",250,250,true],"woocommerce_single":["https:\/\/atelierd7.com\/wp-content\/uploads\/2026\/01\/atelier-d7-budapest-szoros-horgolt-taska-1-500x500.jpg",500,500,true],"woocommerce_gallery_thumbnail":["https:\/\/atelierd7.com\/wp-content\/uploads\/2026\/01\/atelier-d7-budapest-szoros-horgolt-taska-1-100x100.jpg",100,100,true]},"uagb_author_info":{"display_name":"Dorina B\u00f6gre","author_link":"https:\/\/atelierd7.com\/en\/author\/"},"uagb_comment_info":0,"uagb_excerpt":"K\u00e9zzel k\u00e9sz\u00edtett, eleg\u00e1ns horgolt t\u00e1ska 5 k\u00fcl\u00f6nb\u00f6z\u0151 sz\u00edn\u0171 puha, sz\u0151r\u00f6s fonalb\u00f3l, arany vagy ez\u00fcst l\u00e1nc p\u00e1nttal. Vannak k\u00e9szleten is, azonban ut\u00e1n is lehet rendelni \u0151ket arany vagy ez\u00fcst p\u00e1nttal. Ut\u00e1nrendel\u00e9s eset\u00e9n a t\u00e1ska elk\u00e9sz\u00edt\u00e9si ideje +3-5 munkanap.","_links":{"self":[{"href":"https:\/\/atelierd7.com\/en\/wp-json\/wp\/v2\/product\/3718","targetHints":{"allow":["GET"]}}],"collection":[{"href":"https:\/\/atelierd7.com\/en\/wp-json\/wp\/v2\/product"}],"about":[{"href":"https:\/\/atelierd7.com\/en\/wp-json\/wp\/v2\/types\/product"}],"replies":[{"embeddable":true,"href":"https:\/\/atelierd7.com\/en\/wp-json\/wp\/v2\/comments?post=3718"}],"wp:featuredmedia":[{"embeddable":true,"href":"https:\/\/atelierd7.com\/en\/wp-json\/wp\/v2\/media\/3950"}],"wp:attachment":[{"href":"https:\/\/atelierd7.com\/en\/wp-json\/wp\/v2\/media?parent=3718"}],"wp:term":[{"taxonomy":"product_brand","embeddable":true,"href":"https:\/\/atelierd7.com\/en\/wp-json\/wp\/v2\/product_brand?post=3718"},{"taxonomy":"product_cat","embeddable":true,"href":"https:\/\/atelierd7.com\/en\/wp-json\/wp\/v2\/product_cat?post=3718"},{"taxonomy":"product_tag","embeddable":true,"href":"https:\/\/atelierd7.com\/en\/wp-json\/wp\/v2\/product_tag?post=3718"}],"curies":[{"name":"wp","href":"https:\/\/api.w.org\/{rel}","templated":true}]}}