{"id":2464,"date":"2025-08-25T17:42:01","date_gmt":"2025-08-25T16:42:01","guid":{"rendered":"https:\/\/atelierd7.com\/?post_type=product&#038;p=2464"},"modified":"2026-03-17T15:51:05","modified_gmt":"2026-03-17T14:51:05","slug":"italian-charm-bracelet-workshop-utalvany","status":"publish","type":"product","link":"https:\/\/atelierd7.com\/en\/product\/italian-charm-bracelet-workshop-utalvany\/","title":{"rendered":"Italian charm bracelet workshop gift voucher"},"content":{"rendered":"<p>Give something truly personal and special \u2013 <strong>Italian charm bracelet workshop for the first time in Budapest and Hungary!<\/strong><\/p>\n<p><strong>Az aj\u00e1nd\u00e9kutalv\u00e1ny jelenlegi bev\u00e1lt\u00e1si hat\u00e1rideje legk\u00e9s\u0151bb 2026.m\u00e1jus 31.!\u00a0<\/strong><\/p>\n<p>A perfect program for girlfriends, friends or as a mother-daughter experience!<\/p>\n<p><strong>Az aj\u00e1nd\u00e9kutalv\u00e1ny 2026.m\u00e1jus 31-ig v\u00e1lthat\u00f3 be kiz\u00e1r\u00f3lag Italian charm kark\u00f6t\u0151 workshopra, az el\u0151re meghirdetett id\u0151pontok valamelyik\u00e9re. Foglal\u00e1s az atelier.d7@gmail.com c\u00edmen lehets\u00e9ges az aj\u00e1nd\u00e9kutalv\u00e1ny azonos\u00edt\u00f3j\u00e1val.<\/strong><\/p>\n<p>Choose pieces that suit your style: be elegant, clownish or vibrantly colorful and put together your own, truly personalized jewelry. We provide all the materials, and you can experience the luxury experience: in a calm, inspiring environment, where each charm tells a story.<\/p>\n<p>The workshop lasts approximately <strong>1-1,5 hours.<\/strong><\/p>\n<p>Immerse yourself in the world of unique jewelry making,\u00a0<strong>where creativity and luxury meet!<\/strong>! Az Atelier D7 kreat\u00edv st\u00fadi\u00f3 exkluz\u00edv workshopj\u00e1n saj\u00e1t\u00a0<em>Italian charm<\/em>\u00a0bracelet from\u00a0<strong>a stainless steel\u00a0<\/strong>base and colorful, shiny stainless steel charms.<\/p>\n<p>The price includes all tools and materials, including a stainless steel Italian charm bracelet base (gold or silver) + a predetermined number of decorated Italian charms. The color of the extra charm can be chosen on site, it does not have to match the bracelet.<\/p>\n<p><strong>Italian charm bracelet workshop<\/strong>\u00a0price: 17 990 Ft with 5 extra decorated charms,<\/p>\n<p><strong>Italian charm bracelet workshop<\/strong>\u00a0price: 21 990 Ft with 8 extra decorated charms,<\/p>\n<p>Refreshments and snacks will also be available.<\/p>\n<p>Location: <strong>Atelier D7, Budapest 6. ker\u00fclet, Szondi utca 61.<\/strong><\/p>\n<p>Maximum number of people per workshop: 12-16 people. The price is per person.<\/p>\n<p>More details: <a href=\"https:\/\/atelierd7.com\/en\/italian-charm-bracelet-workshop\/\">https:\/\/atelierd7.com\/en\/italian-charm-bracelet-workshop\/<\/a><\/p>\n<p>Minimum age for participation is 14 years.<\/p>\n<p>I hope to see you soon!<\/p>","protected":false},"excerpt":{"rendered":"<p><strong>Italian charm bracelet workshop for the first time in Budapest and Hungary!<\/strong><\/p>\n<p>Immerse yourself in the world of unique jewelry making,\u00a0<strong>where creativity and luxury meet!<\/strong>At the special workshop of the Atelier D7 creative studio, you can create your own\u00a0<em>Italian charm<\/em>\u00a0bracelet from\u00a0<strong>a stainless steel\u00a0<\/strong>base and colorful, shiny stainless steel charms.<\/p>\n<p>Choose the charms that best represent you, or create a personalized gift for someone else! Perfect for a group of friends, a mother-daughter experience, or a great gift idea for your loved ones!<\/p>\n<p><strong>Az aj\u00e1nd\u00e9kutalv\u00e1ny jelenlegi bev\u00e1lt\u00e1si hat\u00e1rideje legk\u00e9s\u0151bb 2026.m\u00e1jus 31.!\u00a0<\/strong><\/p>\n<p>The gift certificate will be sent in digital form (A5 pdf) within 1-2 business days after the order.<\/p>\n<p>Detailed description below the product!<\/p>","protected":false},"featured_media":3123,"comment_status":"open","ping_status":"closed","template":"","meta":{"_uag_custom_page_level_css":"","_monsterinsights_skip_tracking":false,"_monsterinsights_sitenote_active":false,"_monsterinsights_sitenote_note":"","_monsterinsights_sitenote_category":0,"site-sidebar-layout":"default","site-content-layout":"","ast-site-content-layout":"default","site-content-style":"default","site-sidebar-style":"default","ast-global-header-display":"","ast-banner-title-visibility":"","ast-main-header-display":"","ast-hfb-above-header-display":"","ast-hfb-below-header-display":"","ast-hfb-mobile-header-display":"","site-post-title":"","ast-breadcrumbs-content":"","ast-featured-img":"","footer-sml-layout":"","ast-disable-related-posts":"","theme-transparent-header-meta":"default","adv-header-id-meta":"","stick-header-meta":"","header-above-stick-meta":"","header-main-stick-meta":"","header-below-stick-meta":"","astra-migrate-meta-layouts":"set","ast-page-background-enabled":"default","ast-page-background-meta":{"desktop":{"background-color":"var(--ast-global-color-4)","background-image":"","background-repeat":"repeat","background-position":"center center","background-size":"auto","background-attachment":"scroll","background-type":"","background-media":"","overlay-type":"","overlay-color":"","overlay-opacity":"","overlay-gradient":""},"tablet":{"background-color":"","background-image":"","background-repeat":"repeat","background-position":"center center","background-size":"auto","background-attachment":"scroll","background-type":"","background-media":"","overlay-type":"","overlay-color":"","overlay-opacity":"","overlay-gradient":""},"mobile":{"background-color":"","background-image":"","background-repeat":"repeat","background-position":"center center","background-size":"auto","background-attachment":"scroll","background-type":"","background-media":"","overlay-type":"","overlay-color":"","overlay-opacity":"","overlay-gradient":""}},"ast-content-background-meta":{"desktop":{"background-color":"var(--ast-global-color-5)","background-image":"","background-repeat":"repeat","background-position":"center center","background-size":"auto","background-attachment":"scroll","background-type":"","background-media":"","overlay-type":"","overlay-color":"","overlay-opacity":"","overlay-gradient":""},"tablet":{"background-color":"var(--ast-global-color-5)","background-image":"","background-repeat":"repeat","background-position":"center center","background-size":"auto","background-attachment":"scroll","background-type":"","background-media":"","overlay-type":"","overlay-color":"","overlay-opacity":"","overlay-gradient":""},"mobile":{"background-color":"var(--ast-global-color-5)","background-image":"","background-repeat":"repeat","background-position":"center center","background-size":"auto","background-attachment":"scroll","background-type":"","background-media":"","overlay-type":"","overlay-color":"","overlay-opacity":"","overlay-gradient":""}}},"product_brand":[],"product_cat":[51,34,151,42,74],"product_tag":[38,50,31,39,40,30],"class_list":{"0":"post-2464","1":"product","2":"type-product","3":"status-publish","4":"has-post-thumbnail","6":"product_cat-bracelet","7":"product_cat-charm","8":"product_cat-featured","9":"product_cat-gift","10":"product_cat-italian-charm","11":"product_tag-ajandek","12":"product_tag-bracelet","13":"product_tag-charm","14":"product_tag-gift","15":"product_tag-voucher","16":"product_tag-workshop","17":"desktop-align-left","18":"tablet-align-left","19":"mobile-align-left","21":"first","22":"outofstock","23":"shipping-taxable","24":"purchasable","25":"product-type-variable"},"aioseo_notices":[],"uagb_featured_image_src":{"full":["https:\/\/atelierd7.com\/wp-content\/uploads\/2025\/08\/atelier-d7-italian-charm-bracelet-budapest-voucher.jpg",1080,1080,false],"thumbnail":["https:\/\/atelierd7.com\/wp-content\/uploads\/2025\/08\/atelier-d7-italian-charm-bracelet-budapest-voucher-150x150.jpg",150,150,true],"medium":["https:\/\/atelierd7.com\/wp-content\/uploads\/2025\/08\/atelier-d7-italian-charm-bracelet-budapest-voucher-300x300.jpg",300,300,true],"medium_large":["https:\/\/atelierd7.com\/wp-content\/uploads\/2025\/08\/atelier-d7-italian-charm-bracelet-budapest-voucher-768x768.jpg",768,768,true],"large":["https:\/\/atelierd7.com\/wp-content\/uploads\/2025\/08\/atelier-d7-italian-charm-bracelet-budapest-voucher-1024x1024.jpg",1024,1024,true],"1536x1536":["https:\/\/atelierd7.com\/wp-content\/uploads\/2025\/08\/atelier-d7-italian-charm-bracelet-budapest-voucher.jpg",1080,1080,false],"2048x2048":["https:\/\/atelierd7.com\/wp-content\/uploads\/2025\/08\/atelier-d7-italian-charm-bracelet-budapest-voucher.jpg",1080,1080,false],"trp-custom-language-flag":["https:\/\/atelierd7.com\/wp-content\/uploads\/2025\/08\/atelier-d7-italian-charm-bracelet-budapest-voucher-12x12.jpg",12,12,true],"woocommerce_thumbnail":["https:\/\/atelierd7.com\/wp-content\/uploads\/2025\/08\/atelier-d7-italian-charm-bracelet-budapest-voucher-250x250.jpg",250,250,true],"woocommerce_single":["https:\/\/atelierd7.com\/wp-content\/uploads\/2025\/08\/atelier-d7-italian-charm-bracelet-budapest-voucher-500x500.jpg",500,500,true],"woocommerce_gallery_thumbnail":["https:\/\/atelierd7.com\/wp-content\/uploads\/2025\/08\/atelier-d7-italian-charm-bracelet-budapest-voucher-100x100.jpg",100,100,true]},"uagb_author_info":{"display_name":"Dorina B\u00f6gre","author_link":"https:\/\/atelierd7.com\/en\/author\/"},"uagb_comment_info":0,"uagb_excerpt":"Italian charm kark\u00f6t\u0151 workshop el\u0151sz\u00f6r Budapesten \u00e9s Magyarorsz\u00e1gon! Mer\u00fclj el az egyedi \u00e9kszerk\u00e9sz\u00edt\u00e9s vil\u00e1g\u00e1ban, ahol\u00a0a kreativit\u00e1s \u00e9s a luxus tal\u00e1lkozik! Az Atelier D7 kreat\u00edv st\u00fadi\u00f3 k\u00fcl\u00f6nleges workshopj\u00e1n saj\u00e1t\u00a0Italian charm\u00a0kark\u00f6t\u0151t alkothatsz\u00a0rozsdamentes nemesac\u00e9l\u00a0alapb\u00f3l \u00e9s sz\u00ednes, csillog\u00f3 rozsdamentes nemesac\u00e9l charmokb\u00f3l. V\u00e1logass\u00e1tok \u00f6ssze azokat a charmokat, amelyek a legjobban k\u00e9pviselnek Titeket, vagy k\u00e9sz\u00edtsetek szem\u00e9lyre szabott aj\u00e1nd\u00e9kot m\u00e1snak! T\u00f6k\u00e9letes program&hellip;","_links":{"self":[{"href":"https:\/\/atelierd7.com\/en\/wp-json\/wp\/v2\/product\/2464","targetHints":{"allow":["GET"]}}],"collection":[{"href":"https:\/\/atelierd7.com\/en\/wp-json\/wp\/v2\/product"}],"about":[{"href":"https:\/\/atelierd7.com\/en\/wp-json\/wp\/v2\/types\/product"}],"replies":[{"embeddable":true,"href":"https:\/\/atelierd7.com\/en\/wp-json\/wp\/v2\/comments?post=2464"}],"wp:featuredmedia":[{"embeddable":true,"href":"https:\/\/atelierd7.com\/en\/wp-json\/wp\/v2\/media\/3123"}],"wp:attachment":[{"href":"https:\/\/atelierd7.com\/en\/wp-json\/wp\/v2\/media?parent=2464"}],"wp:term":[{"taxonomy":"product_brand","embeddable":true,"href":"https:\/\/atelierd7.com\/en\/wp-json\/wp\/v2\/product_brand?post=2464"},{"taxonomy":"product_cat","embeddable":true,"href":"https:\/\/atelierd7.com\/en\/wp-json\/wp\/v2\/product_cat?post=2464"},{"taxonomy":"product_tag","embeddable":true,"href":"https:\/\/atelierd7.com\/en\/wp-json\/wp\/v2\/product_tag?post=2464"}],"curies":[{"name":"wp","href":"https:\/\/api.w.org\/{rel}","templated":true}]}}