{"id":2280,"date":"2025-07-28T18:47:24","date_gmt":"2025-07-28T17:47:24","guid":{"rendered":"https:\/\/atelierd7.com\/?post_type=product&#038;p=2280"},"modified":"2026-03-17T15:51:12","modified_gmt":"2026-03-17T14:51:12","slug":"horgolt-clutch-workshop-utalvany","status":"publish","type":"product","link":"https:\/\/atelierd7.com\/en\/product\/horgolt-clutch-workshop-utalvany\/","title":{"rendered":"Crochet bag workshop gift voucher"},"content":{"rendered":"<p>Give something truly personal and special \u2013 Crochet bag workshop with a hair clip gift \u2013 redeemable for both bag workshops (clutch or raya).<br data-start=\"385\" data-end=\"388\" \/>This workshop is the perfect combination of craftsmanship and uniqueness \u2013 a modern, clean piece that you can make with your own hands, according to your style.<\/p>\n<p><strong>Az aj\u00e1nd\u00e9kutalv\u00e1ny jelenlegi bev\u00e1lt\u00e1si hat\u00e1rideje legk\u00e9s\u0151bb 2026.m\u00e1jus 31.!\u00a0<\/strong><\/p>\n<p data-start=\"542\" data-end=\"714\">This workshop is not only about the experience of crocheting, but also about creating a unique, trendy accessory that you can proudly wear every day. Choose from a variety of yarn colors to take home a truly elegant accessory. Plus, as a surprise, the recipient will receive a colorful, optional hair clip.<\/p>\n<p data-start=\"542\" data-end=\"714\">No prior training is required for the workshop \u2013 we will help you throughout, so even complete beginners can come!<\/p>\n<p>A perfect program for girlfriends, friends or as a mother-daughter experience!<\/p>\n<p><strong>Az aj\u00e1nd\u00e9kutalv\u00e1ny 2026.m\u00e1jus 31-ig v\u00e1lthat\u00f3 be kiz\u00e1r\u00f3lag Horgolt t\u00e1ska workshopra (v\u00e1laszthat\u00f3, hogy clutch vagy raya fazon), az el\u0151re meghirdetett id\u0151pontok valamelyik\u00e9re. Foglal\u00e1s az atelier.d7@gmail.com c\u00edmen lehets\u00e9ges az aj\u00e1nd\u00e9kutalv\u00e1ny azonos\u00edt\u00f3j\u00e1val.<\/strong><\/p>\n<p>The workshop lasts approximately <strong>4 hours.<\/strong><\/p>\n<p>Experience the joy of creativity during an exclusive workshop in Budapest, in a unique, friendly, girly environment, the <strong>Atelier D7<\/strong> creative studio.<\/p>\n<p>A perfect program for girlfriends, friends or as a mother-daughter experience!<\/p>\n<p>The price includes all tools and materials, including a premium quality yarn, crochet hook and all necessary tools, as well as a gift colorful hair clip.<\/p>\n<p><strong>Crochet clutch workshop<\/strong> price: 17 990 Ft \/ person.<\/p>\n<p><strong>Crochet bag workshop \u2013 RAYA style<\/strong> price: 17 990 Ft \/ person.<\/p>\n<p>Refreshments and snacks will also be available.<\/p>\n<p>Location: <strong>Atelier D7<\/strong>, Budapest 6. ker\u00fclet, Szondi utca 61. corner<\/p>\n<p>Maximum number of people in a workshop: 5 people. The price is per person.<\/p>\n<p>More details: <a href=\"https:\/\/atelierd7.com\/en\/horgolt-clutch-workshop\/\">https:\/\/atelierd7.com\/en\/horgolt-clutch-workshop\/<\/a> \/<a href=\"https:\/\/atelierd7.com\/en\/horgolt-taska-workshop\/\">\u00a0https:\/\/atelierd7.com\/horgolt-taska-workshop<\/a><\/p>\n<p>Minimum age for participation is 14 years.<\/p>\n<p>I hope to see you soon!<\/p>","protected":false},"excerpt":{"rendered":"<p>Give the gift of a crochet bag workshop! This workshop is the perfect combination of <strong data-start=\"404\" data-end=\"457\">the perfect combination of craftsmanship and uniqueness<\/strong> \u2013 a modern, clean piece that you can make yourself, according to your style. It can be redeemed for both bag styles (clutch or raya). A perfect program with girlfriends, friends or as a mother-daughter experience, an excellent gift idea for your loved ones!<\/p>\n<p><strong>Az aj\u00e1nd\u00e9kutalv\u00e1ny jelenlegi bev\u00e1lt\u00e1si hat\u00e1rideje legk\u00e9s\u0151bb 2026.m\u00e1jus 31.!\u00a0<\/strong><\/p>\n<p>The gift certificate will be sent in digital form (A5 pdf) within 1-2 business days after the order.<\/p>\n<p>Detailed description below the product!<\/p>","protected":false},"featured_media":2293,"comment_status":"open","ping_status":"closed","template":"","meta":{"_uag_custom_page_level_css":"","_monsterinsights_skip_tracking":false,"_monsterinsights_sitenote_active":false,"_monsterinsights_sitenote_note":"","_monsterinsights_sitenote_category":0,"site-sidebar-layout":"default","site-content-layout":"","ast-site-content-layout":"default","site-content-style":"default","site-sidebar-style":"default","ast-global-header-display":"","ast-banner-title-visibility":"","ast-main-header-display":"","ast-hfb-above-header-display":"","ast-hfb-below-header-display":"","ast-hfb-mobile-header-display":"","site-post-title":"","ast-breadcrumbs-content":"","ast-featured-img":"","footer-sml-layout":"","ast-disable-related-posts":"","theme-transparent-header-meta":"default","adv-header-id-meta":"","stick-header-meta":"","header-above-stick-meta":"","header-main-stick-meta":"","header-below-stick-meta":"","astra-migrate-meta-layouts":"set","ast-page-background-enabled":"default","ast-page-background-meta":{"desktop":{"background-color":"var(--ast-global-color-4)","background-image":"","background-repeat":"repeat","background-position":"center center","background-size":"auto","background-attachment":"scroll","background-type":"","background-media":"","overlay-type":"","overlay-color":"","overlay-opacity":"","overlay-gradient":""},"tablet":{"background-color":"","background-image":"","background-repeat":"repeat","background-position":"center center","background-size":"auto","background-attachment":"scroll","background-type":"","background-media":"","overlay-type":"","overlay-color":"","overlay-opacity":"","overlay-gradient":""},"mobile":{"background-color":"","background-image":"","background-repeat":"repeat","background-position":"center center","background-size":"auto","background-attachment":"scroll","background-type":"","background-media":"","overlay-type":"","overlay-color":"","overlay-opacity":"","overlay-gradient":""}},"ast-content-background-meta":{"desktop":{"background-color":"var(--ast-global-color-5)","background-image":"","background-repeat":"repeat","background-position":"center center","background-size":"auto","background-attachment":"scroll","background-type":"","background-media":"","overlay-type":"","overlay-color":"","overlay-opacity":"","overlay-gradient":""},"tablet":{"background-color":"var(--ast-global-color-5)","background-image":"","background-repeat":"repeat","background-position":"center center","background-size":"auto","background-attachment":"scroll","background-type":"","background-media":"","overlay-type":"","overlay-color":"","overlay-opacity":"","overlay-gradient":""},"mobile":{"background-color":"var(--ast-global-color-5)","background-image":"","background-repeat":"repeat","background-position":"center center","background-size":"auto","background-attachment":"scroll","background-type":"","background-media":"","overlay-type":"","overlay-color":"","overlay-opacity":"","overlay-gradient":""}}},"product_brand":[],"product_cat":[52,55,151,42],"product_tag":[38,53,139,73,39,41,30],"class_list":{"0":"post-2280","1":"product","2":"type-product","3":"status-publish","4":"has-post-thumbnail","6":"product_cat-bag","7":"product_cat-crochet","8":"product_cat-featured","9":"product_cat-gift","10":"product_tag-ajandek","11":"product_tag-bag","12":"product_tag-clutch","13":"product_tag-crochet","14":"product_tag-gift","15":"product_tag-utalvany","16":"product_tag-workshop","17":"desktop-align-left","18":"tablet-align-left","19":"mobile-align-left","21":"first","22":"outofstock","23":"virtual","24":"purchasable","25":"product-type-simple"},"aioseo_notices":[],"uagb_featured_image_src":{"full":["https:\/\/atelierd7.com\/wp-content\/uploads\/2025\/07\/atelier-d7-crochet-clutch-workshop-budapest-ajandekutalvany.jpg",1080,1080,false],"thumbnail":["https:\/\/atelierd7.com\/wp-content\/uploads\/2025\/07\/atelier-d7-crochet-clutch-workshop-budapest-ajandekutalvany-150x150.jpg",150,150,true],"medium":["https:\/\/atelierd7.com\/wp-content\/uploads\/2025\/07\/atelier-d7-crochet-clutch-workshop-budapest-ajandekutalvany-300x300.jpg",300,300,true],"medium_large":["https:\/\/atelierd7.com\/wp-content\/uploads\/2025\/07\/atelier-d7-crochet-clutch-workshop-budapest-ajandekutalvany-768x768.jpg",768,768,true],"large":["https:\/\/atelierd7.com\/wp-content\/uploads\/2025\/07\/atelier-d7-crochet-clutch-workshop-budapest-ajandekutalvany-1024x1024.jpg",1024,1024,true],"1536x1536":["https:\/\/atelierd7.com\/wp-content\/uploads\/2025\/07\/atelier-d7-crochet-clutch-workshop-budapest-ajandekutalvany.jpg",1080,1080,false],"2048x2048":["https:\/\/atelierd7.com\/wp-content\/uploads\/2025\/07\/atelier-d7-crochet-clutch-workshop-budapest-ajandekutalvany.jpg",1080,1080,false],"trp-custom-language-flag":["https:\/\/atelierd7.com\/wp-content\/uploads\/2025\/07\/atelier-d7-crochet-clutch-workshop-budapest-ajandekutalvany.jpg",12,12,false],"woocommerce_thumbnail":["https:\/\/atelierd7.com\/wp-content\/uploads\/2025\/07\/atelier-d7-crochet-clutch-workshop-budapest-ajandekutalvany-250x250.jpg",250,250,true],"woocommerce_single":["https:\/\/atelierd7.com\/wp-content\/uploads\/2025\/07\/atelier-d7-crochet-clutch-workshop-budapest-ajandekutalvany-500x500.jpg",500,500,true],"woocommerce_gallery_thumbnail":["https:\/\/atelierd7.com\/wp-content\/uploads\/2025\/07\/atelier-d7-crochet-clutch-workshop-budapest-ajandekutalvany-100x100.jpg",100,100,true]},"uagb_author_info":{"display_name":"Dorina B\u00f6gre","author_link":"https:\/\/atelierd7.com\/en\/author\/"},"uagb_comment_info":0,"uagb_excerpt":"Aj\u00e1nd\u00e9kozz horgolt t\u00e1ska workshopot! Ez a workshop a k\u00e9zm\u0171vess\u00e9g \u00e9s az egyedis\u00e9g t\u00f6k\u00e9letes tal\u00e1lkoz\u00e1sa \u2013 modern, letisztult darab, amit te k\u00e9sz\u00edthetsz el saj\u00e1t k\u00e9zzel, st\u00edlusod szerint. Bev\u00e1lthat\u00f3 mind a k\u00e9t fazon\u00fa t\u00e1ska workshopra (clutch vagy raya). T\u00f6k\u00e9letes program bar\u00e1tn\u0151kkel, bar\u00e1tokkal vagy anya-l\u00e1nya k\u00f6z\u00f6s \u00e9lm\u00e9nyk\u00e9nt, kiv\u00e1l\u00f3 aj\u00e1nd\u00e9k\u00f6tlet szeretteidnek! Az aj\u00e1nd\u00e9kutalv\u00e1ny jelenlegi bev\u00e1lt\u00e1si hat\u00e1rideje legk\u00e9s\u0151bb 2026.m\u00e1jus 31.!\u00a0&hellip;","_links":{"self":[{"href":"https:\/\/atelierd7.com\/en\/wp-json\/wp\/v2\/product\/2280","targetHints":{"allow":["GET"]}}],"collection":[{"href":"https:\/\/atelierd7.com\/en\/wp-json\/wp\/v2\/product"}],"about":[{"href":"https:\/\/atelierd7.com\/en\/wp-json\/wp\/v2\/types\/product"}],"replies":[{"embeddable":true,"href":"https:\/\/atelierd7.com\/en\/wp-json\/wp\/v2\/comments?post=2280"}],"wp:featuredmedia":[{"embeddable":true,"href":"https:\/\/atelierd7.com\/en\/wp-json\/wp\/v2\/media\/2293"}],"wp:attachment":[{"href":"https:\/\/atelierd7.com\/en\/wp-json\/wp\/v2\/media?parent=2280"}],"wp:term":[{"taxonomy":"product_brand","embeddable":true,"href":"https:\/\/atelierd7.com\/en\/wp-json\/wp\/v2\/product_brand?post=2280"},{"taxonomy":"product_cat","embeddable":true,"href":"https:\/\/atelierd7.com\/en\/wp-json\/wp\/v2\/product_cat?post=2280"},{"taxonomy":"product_tag","embeddable":true,"href":"https:\/\/atelierd7.com\/en\/wp-json\/wp\/v2\/product_tag?post=2280"}],"curies":[{"name":"wp","href":"https:\/\/api.w.org\/{rel}","templated":true}]}}