{"id":2172,"date":"2025-07-18T13:34:22","date_gmt":"2025-07-18T12:34:22","guid":{"rendered":"https:\/\/atelierd7.com\/?post_type=product&#038;p=2172"},"modified":"2026-03-17T15:51:44","modified_gmt":"2026-03-17T14:51:44","slug":"bandana-charm-workshop-utalvany","status":"publish","type":"product","link":"https:\/\/atelierd7.com\/en\/product\/bandana-charm-workshop-utalvany\/","title":{"rendered":"Bandana charm workshop gift voucher"},"content":{"rendered":"<p>Give something truly personal and special \u2013 our Bandana charm workshop is available in Hungary for the first time, right on the heels of international trends! Make a unique, scarf-based necklace that you can decorate with 5 charms of your choice \u2013 in gold or silver or a bandana bag charm with a key ring and 6 charms of your choice! Choose from over 1000 charms to make your accessory truly yours.<\/p>\n<p><strong>Az aj\u00e1nd\u00e9kutalv\u00e1ny jelenlegi bev\u00e1lt\u00e1si hat\u00e1rideje legk\u00e9s\u0151bb 2026.m\u00e1jus 31.!\u00a0<\/strong><\/p>\n<p>A perfect program for girlfriends, friends or as a mother-daughter experience!<\/p>\n<p><strong>Az aj\u00e1nd\u00e9kutalv\u00e1ny 2026.m\u00e1jus 31-ig v\u00e1lthat\u00f3 be kiz\u00e1r\u00f3lag Bandana charm workshopra, az el\u0151re meghirdetett id\u0151pontok valamelyik\u00e9re. Foglal\u00e1s az atelier.d7@gmail.com c\u00edmen lehets\u00e9ges az aj\u00e1nd\u00e9kutalv\u00e1ny azonos\u00edt\u00f3j\u00e1val.<\/strong><\/p>\n<p>At the workshop you will receive approx. A 90 cm long, patterned, airy bandana scarf (in your choice of colors and patterns), which you can transform into a fashionable and feminine statement piece of jewelry with pendant rings and charms or combine with a bag charm of your own choice.<\/p>\n<p>The workshop lasts approximately <strong>1-1,5 hours.<\/strong><\/p>\n<p>Experience the joy of creativity during an exclusive workshop in Budapest, in a unique, friendly, girly environment, the <strong>Atelier D7<\/strong> creative studio.<\/p>\n<p>A perfect program for girlfriends, friends or as a mother-daughter experience!<\/p>\n<p>The price includes all tools and materials, including the patterned bandana scarf of your choice + 5 charms, 5 pendant rings in gold or silver or 6 charms and 2 carabiner clips. You will also have the opportunity to purchase additional charms on site so that you can leave with a truly personalized piece of jewelry.<\/p>\n<p><strong>Bandana charm necklace workshop<\/strong> price: 12 990 Ft \/ person.<\/p>\n<p><strong>Bandana bag charm workshop\u00a0<\/strong>price: 15 990 Ft \/ person.<\/p>\n<p>Refreshments and snacks will also be available.<\/p>\n<p>Helysz\u00ednen: <strong>Atelier D7<\/strong>, Budapest 6. ker\u00fclet, Szondi utca 61. corner<\/p>\n<p>Maximum number of people in a workshop: 12 people. The price is per person.<\/p>\n<p>Minimum age for participation is 14 years.<\/p>\n<p>I hope to see you soon!<\/p>","protected":false},"excerpt":{"rendered":"<p>Create something truly special and stylish \u2013 Our Bandana charm workshop is available <strong data-start=\"370\" data-end=\"405\">for the first time in Hungary,<\/strong>right on the heels of international trends! Choose from over 1000 charms to make your necklace or bag decoration truly yours. Perfect for a get-together with friends, a mother-daughter experience, or a great gift idea for your loved ones!<\/p>\n<p><strong>Az aj\u00e1nd\u00e9kutalv\u00e1ny jelenlegi bev\u00e1lt\u00e1si hat\u00e1rideje legk\u00e9s\u0151bb 2026.m\u00e1jus 31.!\u00a0<\/strong><\/p>\n<p>The gift certificate will be sent in digital form (A5 pdf) within 1-2 business days after the order.<\/p>\n<p>Detailed description below the product!<\/p>","protected":false},"featured_media":2354,"comment_status":"open","ping_status":"closed","template":"","meta":{"_uag_custom_page_level_css":"","_monsterinsights_skip_tracking":false,"_monsterinsights_sitenote_active":false,"_monsterinsights_sitenote_note":"","_monsterinsights_sitenote_category":0,"site-sidebar-layout":"default","site-content-layout":"","ast-site-content-layout":"default","site-content-style":"default","site-sidebar-style":"default","ast-global-header-display":"","ast-banner-title-visibility":"","ast-main-header-display":"","ast-hfb-above-header-display":"","ast-hfb-below-header-display":"","ast-hfb-mobile-header-display":"","site-post-title":"","ast-breadcrumbs-content":"","ast-featured-img":"","footer-sml-layout":"","ast-disable-related-posts":"","theme-transparent-header-meta":"default","adv-header-id-meta":"","stick-header-meta":"","header-above-stick-meta":"","header-main-stick-meta":"","header-below-stick-meta":"","astra-migrate-meta-layouts":"set","ast-page-background-enabled":"default","ast-page-background-meta":{"desktop":{"background-color":"var(--ast-global-color-4)","background-image":"","background-repeat":"repeat","background-position":"center center","background-size":"auto","background-attachment":"scroll","background-type":"","background-media":"","overlay-type":"","overlay-color":"","overlay-opacity":"","overlay-gradient":""},"tablet":{"background-color":"","background-image":"","background-repeat":"repeat","background-position":"center center","background-size":"auto","background-attachment":"scroll","background-type":"","background-media":"","overlay-type":"","overlay-color":"","overlay-opacity":"","overlay-gradient":""},"mobile":{"background-color":"","background-image":"","background-repeat":"repeat","background-position":"center center","background-size":"auto","background-attachment":"scroll","background-type":"","background-media":"","overlay-type":"","overlay-color":"","overlay-opacity":"","overlay-gradient":""}},"ast-content-background-meta":{"desktop":{"background-color":"var(--ast-global-color-5)","background-image":"","background-repeat":"repeat","background-position":"center center","background-size":"auto","background-attachment":"scroll","background-type":"","background-media":"","overlay-type":"","overlay-color":"","overlay-opacity":"","overlay-gradient":""},"tablet":{"background-color":"var(--ast-global-color-5)","background-image":"","background-repeat":"repeat","background-position":"center center","background-size":"auto","background-attachment":"scroll","background-type":"","background-media":"","overlay-type":"","overlay-color":"","overlay-opacity":"","overlay-gradient":""},"mobile":{"background-color":"var(--ast-global-color-5)","background-image":"","background-repeat":"repeat","background-position":"center center","background-size":"auto","background-attachment":"scroll","background-type":"","background-media":"","overlay-type":"","overlay-color":"","overlay-opacity":"","overlay-gradient":""}}},"product_brand":[],"product_cat":[71,42,46],"product_tag":[38,72,39,48,47,41,30],"class_list":{"0":"post-2172","1":"product","2":"type-product","3":"status-publish","4":"has-post-thumbnail","6":"product_cat-bandana","7":"product_cat-gift","8":"product_cat-necklace","9":"product_tag-ajandek","10":"product_tag-bandana","11":"product_tag-gift","12":"product_tag-necklace","13":"product_tag-nyaklanc","14":"product_tag-utalvany","15":"product_tag-workshop","16":"desktop-align-left","17":"tablet-align-left","18":"mobile-align-left","20":"first","21":"outofstock","22":"shipping-taxable","23":"purchasable","24":"product-type-variable"},"aioseo_notices":[],"uagb_featured_image_src":{"full":["https:\/\/atelierd7.com\/wp-content\/uploads\/2025\/07\/atelier-d7-bandana-charm-workshop-5.jpg",1080,1080,false],"thumbnail":["https:\/\/atelierd7.com\/wp-content\/uploads\/2025\/07\/atelier-d7-bandana-charm-workshop-5-150x150.jpg",150,150,true],"medium":["https:\/\/atelierd7.com\/wp-content\/uploads\/2025\/07\/atelier-d7-bandana-charm-workshop-5-300x300.jpg",300,300,true],"medium_large":["https:\/\/atelierd7.com\/wp-content\/uploads\/2025\/07\/atelier-d7-bandana-charm-workshop-5-768x768.jpg",768,768,true],"large":["https:\/\/atelierd7.com\/wp-content\/uploads\/2025\/07\/atelier-d7-bandana-charm-workshop-5-1024x1024.jpg",1024,1024,true],"1536x1536":["https:\/\/atelierd7.com\/wp-content\/uploads\/2025\/07\/atelier-d7-bandana-charm-workshop-5.jpg",1080,1080,false],"2048x2048":["https:\/\/atelierd7.com\/wp-content\/uploads\/2025\/07\/atelier-d7-bandana-charm-workshop-5.jpg",1080,1080,false],"trp-custom-language-flag":["https:\/\/atelierd7.com\/wp-content\/uploads\/2025\/07\/atelier-d7-bandana-charm-workshop-5.jpg",12,12,false],"woocommerce_thumbnail":["https:\/\/atelierd7.com\/wp-content\/uploads\/2025\/07\/atelier-d7-bandana-charm-workshop-5-250x250.jpg",250,250,true],"woocommerce_single":["https:\/\/atelierd7.com\/wp-content\/uploads\/2025\/07\/atelier-d7-bandana-charm-workshop-5-500x500.jpg",500,500,true],"woocommerce_gallery_thumbnail":["https:\/\/atelierd7.com\/wp-content\/uploads\/2025\/07\/atelier-d7-bandana-charm-workshop-5-100x100.jpg",100,100,true]},"uagb_author_info":{"display_name":"Dorina B\u00f6gre","author_link":"https:\/\/atelierd7.com\/en\/author\/"},"uagb_comment_info":0,"uagb_excerpt":"Alkoss valami igaz\u00e1n k\u00fcl\u00f6nlegeset \u00e9s st\u00edlusosat \u2013 Bandana charm workshopunk el\u0151sz\u00f6r el\u00e9rhet\u0151 Magyarorsz\u00e1gon, k\u00f6zvetlen\u00fcl a nemzetk\u00f6zi trendek nyom\u00e1ban! V\u00e1lassz t\u00f6bb mint 1000 charm k\u00f6z\u00fcl, hogy a nyakl\u00e1ncod, t\u00e1skad\u00edszed igaz\u00e1n r\u00f3lad sz\u00f3ljon. T\u00f6k\u00e9letes program bar\u00e1tn\u0151kkel, bar\u00e1tokkal vagy anya-l\u00e1nya k\u00f6z\u00f6s \u00e9lm\u00e9nyk\u00e9nt, kiv\u00e1l\u00f3 aj\u00e1nd\u00e9k\u00f6tlet szeretteidnek! Az aj\u00e1nd\u00e9kutalv\u00e1ny jelenlegi bev\u00e1lt\u00e1si hat\u00e1rideje legk\u00e9s\u0151bb 2026.m\u00e1jus 31.!\u00a0 Az aj\u00e1nd\u00e9kutalv\u00e1nyt digit\u00e1lis form\u00e1ban k\u00fcldj\u00fck&hellip;","_links":{"self":[{"href":"https:\/\/atelierd7.com\/en\/wp-json\/wp\/v2\/product\/2172","targetHints":{"allow":["GET"]}}],"collection":[{"href":"https:\/\/atelierd7.com\/en\/wp-json\/wp\/v2\/product"}],"about":[{"href":"https:\/\/atelierd7.com\/en\/wp-json\/wp\/v2\/types\/product"}],"replies":[{"embeddable":true,"href":"https:\/\/atelierd7.com\/en\/wp-json\/wp\/v2\/comments?post=2172"}],"wp:featuredmedia":[{"embeddable":true,"href":"https:\/\/atelierd7.com\/en\/wp-json\/wp\/v2\/media\/2354"}],"wp:attachment":[{"href":"https:\/\/atelierd7.com\/en\/wp-json\/wp\/v2\/media?parent=2172"}],"wp:term":[{"taxonomy":"product_brand","embeddable":true,"href":"https:\/\/atelierd7.com\/en\/wp-json\/wp\/v2\/product_brand?post=2172"},{"taxonomy":"product_cat","embeddable":true,"href":"https:\/\/atelierd7.com\/en\/wp-json\/wp\/v2\/product_cat?post=2172"},{"taxonomy":"product_tag","embeddable":true,"href":"https:\/\/atelierd7.com\/en\/wp-json\/wp\/v2\/product_tag?post=2172"}],"curies":[{"name":"wp","href":"https:\/\/api.w.org\/{rel}","templated":true}]}}