{"id":1749,"date":"2025-05-29T01:37:05","date_gmt":"2025-05-29T00:37:05","guid":{"rendered":"https:\/\/atelierd7.com\/?post_type=product&#038;p=1749"},"modified":"2026-02-17T14:28:11","modified_gmt":"2026-02-17T13:28:11","slug":"glow-go-denim-workshop-utalvany","status":"publish","type":"product","link":"https:\/\/atelierd7.com\/en\/product\/glow-go-denim-workshop-utalvany\/","title":{"rendered":"Aj\u00e1nd\u00e9k Glow &#038; Go: denim workshop"},"content":{"rendered":"<p><strong>Aj\u00e1nd\u00e9kozz valami igaz\u00e1n szem\u00e9lyre sz\u00f3l\u00f3t \u00e9s k\u00fcl\u00f6nlegeset \u2013 Glow &amp; Go: denim workshop az Atelier D7 kreat\u00edv st\u00fadi\u00f3ban!<\/strong><\/p>\n<p>\u00daj\u00edtsd meg kedvenc denim darabod csillog\u00f3 strasszokkal \u00e9s felvarr\u00f3kkal! T\u00f6k\u00e9letes program bar\u00e1tn\u0151kkel, bar\u00e1tokkal, kisebb t\u00e1rsas\u00e1ggal!<\/p>\n<p><strong>Az aj\u00e1nd\u00e9kutalv\u00e1ny 2026. m\u00e1jus 31-ig v\u00e1lthat\u00f3 be kiz\u00e1r\u00f3lag Glow &amp; Go: denim workshopra, az el\u0151re meghirdetett id\u0151pontok valamelyik\u00e9re. Foglal\u00e1s az atelier.d7@gmail.com c\u00edmen lehets\u00e9ges az aj\u00e1nd\u00e9kutalv\u00e1ny azonos\u00edt\u00f3j\u00e1val.<\/strong><\/p>\n<p>Rhinestone your denim jacket using unlimited rhinestones (in various colors) according to your style, and you can also choose at least 3 types of patches to make your accessory truly unique.<\/p>\n<p>Refreshments and snacks will also be available.<\/p>\n<p>A\u00a0workshop id\u0151tartama: kb. 2-3 \u00f3ra.<\/p>\n<p>Location: <strong>Atelier D7, Budapest 6. ker\u00fclet, Szondi utca 61.<\/strong><\/p>\n<p>Maxim\u00e1lis l\u00e9tsz\u00e1m egy workshopon: 8 f\u0151. Az \u00e1r egy f\u0151re \u00e9rtend\u0151.<\/p>\n<p>More details: <a href=\"https:\/\/atelierd7.com\/en\/glow-go-denim-workshop\/\">https:\/\/atelierd7.com\/glow-go-denim-workshop\/<\/a><\/p>","protected":false},"excerpt":{"rendered":"<p><strong>Aj\u00e1nd\u00e9kozz valami igaz\u00e1n szem\u00e9lyre sz\u00f3l\u00f3t \u00e9s k\u00fcl\u00f6nlegeset \u2013 Glow &amp; Go: denim workshop az Atelier D7 kreat\u00edv st\u00fadi\u00f3ban!<\/strong><\/p>\n<p>\u00daj\u00edtsd meg kedvenc denim darabod csillog\u00f3 strasszokkal \u00e9s felvarr\u00f3kkal! T\u00f6k\u00e9letes program bar\u00e1tn\u0151kkel, bar\u00e1tokkal, kisebb t\u00e1rsas\u00e1ggal!<\/p>","protected":false},"featured_media":1750,"comment_status":"open","ping_status":"closed","template":"","meta":{"_uag_custom_page_level_css":"","_monsterinsights_skip_tracking":false,"_monsterinsights_sitenote_active":false,"_monsterinsights_sitenote_note":"","_monsterinsights_sitenote_category":0,"site-sidebar-layout":"default","site-content-layout":"","ast-site-content-layout":"default","site-content-style":"default","site-sidebar-style":"default","ast-global-header-display":"","ast-banner-title-visibility":"","ast-main-header-display":"","ast-hfb-above-header-display":"","ast-hfb-below-header-display":"","ast-hfb-mobile-header-display":"","site-post-title":"","ast-breadcrumbs-content":"","ast-featured-img":"","footer-sml-layout":"","ast-disable-related-posts":"","theme-transparent-header-meta":"default","adv-header-id-meta":"","stick-header-meta":"","header-above-stick-meta":"","header-main-stick-meta":"","header-below-stick-meta":"","astra-migrate-meta-layouts":"set","ast-page-background-enabled":"default","ast-page-background-meta":{"desktop":{"background-color":"var(--ast-global-color-4)","background-image":"","background-repeat":"repeat","background-position":"center center","background-size":"auto","background-attachment":"scroll","background-type":"","background-media":"","overlay-type":"","overlay-color":"","overlay-opacity":"","overlay-gradient":""},"tablet":{"background-color":"","background-image":"","background-repeat":"repeat","background-position":"center center","background-size":"auto","background-attachment":"scroll","background-type":"","background-media":"","overlay-type":"","overlay-color":"","overlay-opacity":"","overlay-gradient":""},"mobile":{"background-color":"","background-image":"","background-repeat":"repeat","background-position":"center center","background-size":"auto","background-attachment":"scroll","background-type":"","background-media":"","overlay-type":"","overlay-color":"","overlay-opacity":"","overlay-gradient":""}},"ast-content-background-meta":{"desktop":{"background-color":"var(--ast-global-color-5)","background-image":"","background-repeat":"repeat","background-position":"center center","background-size":"auto","background-attachment":"scroll","background-type":"","background-media":"","overlay-type":"","overlay-color":"","overlay-opacity":"","overlay-gradient":""},"tablet":{"background-color":"var(--ast-global-color-5)","background-image":"","background-repeat":"repeat","background-position":"center center","background-size":"auto","background-attachment":"scroll","background-type":"","background-media":"","overlay-type":"","overlay-color":"","overlay-opacity":"","overlay-gradient":""},"mobile":{"background-color":"var(--ast-global-color-5)","background-image":"","background-repeat":"repeat","background-position":"center center","background-size":"auto","background-attachment":"scroll","background-type":"","background-media":"","overlay-type":"","overlay-color":"","overlay-opacity":"","overlay-gradient":""}}},"product_brand":[],"product_cat":[63,42],"product_tag":[38,64,65,39,41,40,30],"class_list":{"0":"post-1749","1":"product","2":"type-product","3":"status-publish","4":"has-post-thumbnail","6":"product_cat-denim","7":"product_cat-gift","8":"product_tag-ajandek","9":"product_tag-denim","10":"product_tag-farmer","11":"product_tag-gift","12":"product_tag-utalvany","13":"product_tag-voucher","14":"product_tag-workshop","15":"desktop-align-left","16":"tablet-align-left","17":"mobile-align-left","19":"first","20":"outofstock","21":"virtual","22":"purchasable","23":"product-type-simple"},"aioseo_notices":[],"uagb_featured_image_src":{"full":["https:\/\/atelierd7.com\/wp-content\/uploads\/2025\/05\/Atelier-D7-budapest-Glow-and-Go-denim-workshop-ajandekutalvany.jpg",1080,1080,false],"thumbnail":["https:\/\/atelierd7.com\/wp-content\/uploads\/2025\/05\/Atelier-D7-budapest-Glow-and-Go-denim-workshop-ajandekutalvany-150x150.jpg",150,150,true],"medium":["https:\/\/atelierd7.com\/wp-content\/uploads\/2025\/05\/Atelier-D7-budapest-Glow-and-Go-denim-workshop-ajandekutalvany-300x300.jpg",300,300,true],"medium_large":["https:\/\/atelierd7.com\/wp-content\/uploads\/2025\/05\/Atelier-D7-budapest-Glow-and-Go-denim-workshop-ajandekutalvany-768x768.jpg",768,768,true],"large":["https:\/\/atelierd7.com\/wp-content\/uploads\/2025\/05\/Atelier-D7-budapest-Glow-and-Go-denim-workshop-ajandekutalvany-1024x1024.jpg",1024,1024,true],"1536x1536":["https:\/\/atelierd7.com\/wp-content\/uploads\/2025\/05\/Atelier-D7-budapest-Glow-and-Go-denim-workshop-ajandekutalvany.jpg",1080,1080,false],"2048x2048":["https:\/\/atelierd7.com\/wp-content\/uploads\/2025\/05\/Atelier-D7-budapest-Glow-and-Go-denim-workshop-ajandekutalvany.jpg",1080,1080,false],"trp-custom-language-flag":["https:\/\/atelierd7.com\/wp-content\/uploads\/2025\/05\/Atelier-D7-budapest-Glow-and-Go-denim-workshop-ajandekutalvany-12x12.jpg",12,12,true],"woocommerce_thumbnail":["https:\/\/atelierd7.com\/wp-content\/uploads\/2025\/05\/Atelier-D7-budapest-Glow-and-Go-denim-workshop-ajandekutalvany-250x250.jpg",250,250,true],"woocommerce_single":["https:\/\/atelierd7.com\/wp-content\/uploads\/2025\/05\/Atelier-D7-budapest-Glow-and-Go-denim-workshop-ajandekutalvany-500x500.jpg",500,500,true],"woocommerce_gallery_thumbnail":["https:\/\/atelierd7.com\/wp-content\/uploads\/2025\/05\/Atelier-D7-budapest-Glow-and-Go-denim-workshop-ajandekutalvany-100x100.jpg",100,100,true]},"uagb_author_info":{"display_name":"Dorina B\u00f6gre","author_link":"https:\/\/atelierd7.com\/en\/author\/"},"uagb_comment_info":0,"uagb_excerpt":"Aj\u00e1nd\u00e9kozz valami igaz\u00e1n szem\u00e9lyre sz\u00f3l\u00f3t \u00e9s k\u00fcl\u00f6nlegeset \u2013 Glow &amp; Go: denim workshop az Atelier D7 kreat\u00edv st\u00fadi\u00f3ban! \u00daj\u00edtsd meg kedvenc denim darabod csillog\u00f3 strasszokkal \u00e9s felvarr\u00f3kkal! T\u00f6k\u00e9letes program bar\u00e1tn\u0151kkel, bar\u00e1tokkal, kisebb t\u00e1rsas\u00e1ggal!","_links":{"self":[{"href":"https:\/\/atelierd7.com\/en\/wp-json\/wp\/v2\/product\/1749","targetHints":{"allow":["GET"]}}],"collection":[{"href":"https:\/\/atelierd7.com\/en\/wp-json\/wp\/v2\/product"}],"about":[{"href":"https:\/\/atelierd7.com\/en\/wp-json\/wp\/v2\/types\/product"}],"replies":[{"embeddable":true,"href":"https:\/\/atelierd7.com\/en\/wp-json\/wp\/v2\/comments?post=1749"}],"wp:featuredmedia":[{"embeddable":true,"href":"https:\/\/atelierd7.com\/en\/wp-json\/wp\/v2\/media\/1750"}],"wp:attachment":[{"href":"https:\/\/atelierd7.com\/en\/wp-json\/wp\/v2\/media?parent=1749"}],"wp:term":[{"taxonomy":"product_brand","embeddable":true,"href":"https:\/\/atelierd7.com\/en\/wp-json\/wp\/v2\/product_brand?post=1749"},{"taxonomy":"product_cat","embeddable":true,"href":"https:\/\/atelierd7.com\/en\/wp-json\/wp\/v2\/product_cat?post=1749"},{"taxonomy":"product_tag","embeddable":true,"href":"https:\/\/atelierd7.com\/en\/wp-json\/wp\/v2\/product_tag?post=1749"}],"curies":[{"name":"wp","href":"https:\/\/api.w.org\/{rel}","templated":true}]}}