{"id":1242,"date":"2025-02-02T13:59:38","date_gmt":"2025-02-02T12:59:38","guid":{"rendered":"https:\/\/atelierd7.com\/?post_type=product&#038;p=1242"},"modified":"2026-03-17T15:51:22","modified_gmt":"2026-03-17T14:51:22","slug":"ajandek-taska-charm-workshop","status":"publish","type":"product","link":"https:\/\/atelierd7.com\/en\/product\/ajandek-taska-charm-workshop\/","title":{"rendered":"Bag charm workshop gift voucher"},"content":{"rendered":"<p>Give something truly personal and special \u2013 <strong>Bag charm workshop<\/strong> in Hungary!<\/p>\n<p><strong>Az aj\u00e1nd\u00e9kutalv\u00e1ny jelenlegi bev\u00e1lt\u00e1si hat\u00e1rideje legk\u00e9s\u0151bb 2026.m\u00e1jus 31.!\u00a0<\/strong><\/p>\n<p>Perfect for a group of friends, a mother-daughter experience, or a great gift idea for your loved ones! You can also purchase the voucher for yourself, so you can redeem it later at a new, available time!<\/p>\n<p><strong>Az aj\u00e1nd\u00e9kutalv\u00e1ny 2026.m\u00e1jus 31-ig v\u00e1lthat\u00f3 be kiz\u00e1r\u00f3lag T\u00e1ska charm workshopra, az el\u0151re meghirdetett id\u0151pontok valamelyik\u00e9re. Foglal\u00e1s az atelier.d7@gmail.com c\u00edmen lehets\u00e9ges az aj\u00e1nd\u00e9kutalv\u00e1ny azonos\u00edt\u00f3j\u00e1val.<\/strong><\/p>\n<p>Choose from more than <strong>1000 charms<\/strong> including birthstone, shell and travel charms.<\/p>\n<p>The workshop lasts approximately <strong>1-1,5 hours.<\/strong><\/p>\n<p>Experience the joy of creativity in an exclusive Bag Charm Workshop, where you can make your own latest accessory for your bag! The world-famous workshop is now available in Budapest \u2013 in a unique, friendly, girly environment, at <strong>Atelier D7<\/strong> creative studio.<\/p>\n<p>The price includes all tools and materials, including a stainless steel chain (gold or silver), 2 clips,\n+ 5 charms, but you will also have the opportunity to purchase additional charms on site so that you can leave with truly personalized accessory.<\/p>\n<p>Refreshments and snacks will also be available.<\/p>\n<p>Location: <strong>Atelier D7, Budapest 6. ker\u00fclet, Szondi utca 61.<\/strong><\/p>\n<p>Maximum number of people per workshop: 12-16 people. The price is per person.<\/p>\n<p>More details: <a href=\"https:\/\/atelierd7.com\/en\/taska-charm-workshop\/\" target=\"_blank\" rel=\"noopener\">https:\/\/atelierd7.com\/en\/taska-charm-workshop\/<\/a><\/p>\n<p>Minimum age for participation is 14 years.<\/p>\n<p>I hope to see you soon!<\/p>","protected":false},"excerpt":{"rendered":"<p>Choose the charms that best represent you, or create a personalized gift for someone else! Perfect for a group of friends, a mother-daughter experience, or a great gift idea for your loved ones!<\/p>\n<p><strong>Az aj\u00e1nd\u00e9kutalv\u00e1ny jelenlegi bev\u00e1lt\u00e1si hat\u00e1rideje legk\u00e9s\u0151bb 2026.m\u00e1jus 31.!\u00a0<\/strong><\/p>\n<p>The gift certificate will be sent in digital form (A5 pdf) within 1-2 business days after the order.<\/p>\n<p>Detailed description below the product!<\/p>","protected":false},"featured_media":1208,"comment_status":"open","ping_status":"closed","template":"","meta":{"_uag_custom_page_level_css":"","_monsterinsights_skip_tracking":false,"_monsterinsights_sitenote_active":false,"_monsterinsights_sitenote_note":"","_monsterinsights_sitenote_category":0,"site-sidebar-layout":"default","site-content-layout":"","ast-site-content-layout":"default","site-content-style":"default","site-sidebar-style":"default","ast-global-header-display":"","ast-banner-title-visibility":"","ast-main-header-display":"","ast-hfb-above-header-display":"","ast-hfb-below-header-display":"","ast-hfb-mobile-header-display":"","site-post-title":"","ast-breadcrumbs-content":"","ast-featured-img":"","footer-sml-layout":"","ast-disable-related-posts":"","theme-transparent-header-meta":"default","adv-header-id-meta":"","stick-header-meta":"","header-above-stick-meta":"","header-main-stick-meta":"","header-below-stick-meta":"","astra-migrate-meta-layouts":"set","ast-page-background-enabled":"default","ast-page-background-meta":{"desktop":{"background-color":"var(--ast-global-color-4)","background-image":"","background-repeat":"repeat","background-position":"center center","background-size":"auto","background-attachment":"scroll","background-type":"","background-media":"","overlay-type":"","overlay-color":"","overlay-opacity":"","overlay-gradient":""},"tablet":{"background-color":"","background-image":"","background-repeat":"repeat","background-position":"center center","background-size":"auto","background-attachment":"scroll","background-type":"","background-media":"","overlay-type":"","overlay-color":"","overlay-opacity":"","overlay-gradient":""},"mobile":{"background-color":"","background-image":"","background-repeat":"repeat","background-position":"center center","background-size":"auto","background-attachment":"scroll","background-type":"","background-media":"","overlay-type":"","overlay-color":"","overlay-opacity":"","overlay-gradient":""}},"ast-content-background-meta":{"desktop":{"background-color":"var(--ast-global-color-5)","background-image":"","background-repeat":"repeat","background-position":"center center","background-size":"auto","background-attachment":"scroll","background-type":"","background-media":"","overlay-type":"","overlay-color":"","overlay-opacity":"","overlay-gradient":""},"tablet":{"background-color":"var(--ast-global-color-5)","background-image":"","background-repeat":"repeat","background-position":"center center","background-size":"auto","background-attachment":"scroll","background-type":"","background-media":"","overlay-type":"","overlay-color":"","overlay-opacity":"","overlay-gradient":""},"mobile":{"background-color":"var(--ast-global-color-5)","background-image":"","background-repeat":"repeat","background-position":"center center","background-size":"auto","background-attachment":"scroll","background-type":"","background-media":"","overlay-type":"","overlay-color":"","overlay-opacity":"","overlay-gradient":""}}},"product_brand":[],"product_cat":[52,34,42],"product_tag":[38,53,31,39,54,40,30],"class_list":{"0":"post-1242","1":"product","2":"type-product","3":"status-publish","4":"has-post-thumbnail","6":"product_cat-bag","7":"product_cat-charm","8":"product_cat-gift","9":"product_tag-ajandek","10":"product_tag-bag","11":"product_tag-charm","12":"product_tag-gift","13":"product_tag-taska","14":"product_tag-voucher","15":"product_tag-workshop","16":"desktop-align-left","17":"tablet-align-left","18":"mobile-align-left","20":"first","21":"outofstock","22":"virtual","23":"purchasable","24":"product-type-simple"},"aioseo_notices":[],"uagb_featured_image_src":{"full":["https:\/\/atelierd7.com\/wp-content\/uploads\/2025\/01\/taska-charm-workshop-budapest-atelier-d7-ajandek.jpg",1080,1080,false],"thumbnail":["https:\/\/atelierd7.com\/wp-content\/uploads\/2025\/01\/taska-charm-workshop-budapest-atelier-d7-ajandek-150x150.jpg",150,150,true],"medium":["https:\/\/atelierd7.com\/wp-content\/uploads\/2025\/01\/taska-charm-workshop-budapest-atelier-d7-ajandek-300x300.jpg",300,300,true],"medium_large":["https:\/\/atelierd7.com\/wp-content\/uploads\/2025\/01\/taska-charm-workshop-budapest-atelier-d7-ajandek-768x768.jpg",768,768,true],"large":["https:\/\/atelierd7.com\/wp-content\/uploads\/2025\/01\/taska-charm-workshop-budapest-atelier-d7-ajandek-1024x1024.jpg",1024,1024,true],"1536x1536":["https:\/\/atelierd7.com\/wp-content\/uploads\/2025\/01\/taska-charm-workshop-budapest-atelier-d7-ajandek.jpg",1080,1080,false],"2048x2048":["https:\/\/atelierd7.com\/wp-content\/uploads\/2025\/01\/taska-charm-workshop-budapest-atelier-d7-ajandek.jpg",1080,1080,false],"trp-custom-language-flag":["https:\/\/atelierd7.com\/wp-content\/uploads\/2025\/01\/taska-charm-workshop-budapest-atelier-d7-ajandek-12x12.jpg",12,12,true],"woocommerce_thumbnail":["https:\/\/atelierd7.com\/wp-content\/uploads\/2025\/01\/taska-charm-workshop-budapest-atelier-d7-ajandek-250x250.jpg",250,250,true],"woocommerce_single":["https:\/\/atelierd7.com\/wp-content\/uploads\/2025\/01\/taska-charm-workshop-budapest-atelier-d7-ajandek-500x500.jpg",500,500,true],"woocommerce_gallery_thumbnail":["https:\/\/atelierd7.com\/wp-content\/uploads\/2025\/01\/taska-charm-workshop-budapest-atelier-d7-ajandek-100x100.jpg",100,100,true]},"uagb_author_info":{"display_name":"Dorina B\u00f6gre","author_link":"https:\/\/atelierd7.com\/en\/author\/"},"uagb_comment_info":0,"uagb_excerpt":"V\u00e1logass\u00e1tok \u00f6ssze azokat a charmokat, amelyek a legjobban k\u00e9pviselnek Titeket, vagy k\u00e9sz\u00edtsetek szem\u00e9lyre szabott aj\u00e1nd\u00e9kot m\u00e1snak! T\u00f6k\u00e9letes program bar\u00e1tn\u0151kkel, bar\u00e1tokkal vagy anya-l\u00e1nya k\u00f6z\u00f6s \u00e9lm\u00e9nyk\u00e9nt, kiv\u00e1l\u00f3 aj\u00e1nd\u00e9k\u00f6tlet szeretteidnek! Az aj\u00e1nd\u00e9kutalv\u00e1ny jelenlegi bev\u00e1lt\u00e1si hat\u00e1rideje legk\u00e9s\u0151bb 2026.m\u00e1jus 31.!\u00a0 Az aj\u00e1nd\u00e9kutalv\u00e1nyt digit\u00e1lis form\u00e1ban k\u00fcldj\u00fck (A5-\u00f6s pdf) 1-2 munkanapon bel\u00fcl a rendel\u00e9st k\u00f6vet\u0151en. R\u00e9szletesebb le\u00edr\u00e1s a term\u00e9k alatt!","_links":{"self":[{"href":"https:\/\/atelierd7.com\/en\/wp-json\/wp\/v2\/product\/1242","targetHints":{"allow":["GET"]}}],"collection":[{"href":"https:\/\/atelierd7.com\/en\/wp-json\/wp\/v2\/product"}],"about":[{"href":"https:\/\/atelierd7.com\/en\/wp-json\/wp\/v2\/types\/product"}],"replies":[{"embeddable":true,"href":"https:\/\/atelierd7.com\/en\/wp-json\/wp\/v2\/comments?post=1242"}],"wp:featuredmedia":[{"embeddable":true,"href":"https:\/\/atelierd7.com\/en\/wp-json\/wp\/v2\/media\/1208"}],"wp:attachment":[{"href":"https:\/\/atelierd7.com\/en\/wp-json\/wp\/v2\/media?parent=1242"}],"wp:term":[{"taxonomy":"product_brand","embeddable":true,"href":"https:\/\/atelierd7.com\/en\/wp-json\/wp\/v2\/product_brand?post=1242"},{"taxonomy":"product_cat","embeddable":true,"href":"https:\/\/atelierd7.com\/en\/wp-json\/wp\/v2\/product_cat?post=1242"},{"taxonomy":"product_tag","embeddable":true,"href":"https:\/\/atelierd7.com\/en\/wp-json\/wp\/v2\/product_tag?post=1242"}],"curies":[{"name":"wp","href":"https:\/\/api.w.org\/{rel}","templated":true}]}}