{"id":432,"date":"2024-11-04T17:48:56","date_gmt":"2024-11-04T17:48:56","guid":{"rendered":"https:\/\/atelierd7.com\/?page_id=432"},"modified":"2024-11-11T16:23:11","modified_gmt":"2024-11-11T15:23:11","slug":"legal-notice","status":"publish","type":"page","link":"https:\/\/atelierd7.com\/en\/legal-notice\/","title":{"rendered":"Jogi nyilatkozat \/ Legal notice"},"content":{"rendered":"<p>Please scroll down for the English version.<\/p>\n\n\n\n<p>Az oldal \u00fczemeltet\u0151je \u00e9s a term\u00e9kek \u00e9rt\u00e9kes\u00edt\u0151je: B\u00f6gre Dorina EV.<\/p>\n\n\n\n<p> Ad\u00f3sz\u00e1m: 57843647-1-43<\/p>\n\n\n\n<p>EU-s ad\u00f3sz\u00e1m: HU57843647<\/p>\n\n\n\n<p>E-mail c\u00edm: atelier.d7@gmail.com<\/p>\n\n\n\n<p>A webshely \u00fczemeltet\u0151je:<\/p>\n\n\n\n<p>Hostinger el\u00e9rhet\u0151 innen: https:\/\/www.hostinger.hu\/<\/p>\n\n\n\n<p>___________________________________________________<\/p>\n\n\n\n<p style=\"font-size:32px\"><strong>Legal notice<\/strong><\/p>\n\n\n\n<p>The Atelier D7 website accessible at https:\/\/atelierd7.com (hereinafter the \u2018Website\u2019) is published by:<\/p>\n\n\n\n<p>Dorina B\u00f6gre EV.<\/p>\n\n\n\n<p>VAT Number: 57843647-1-43<\/p>\n\n\n\n<p>EU VAT Number: HU57843647<\/p>\n\n\n\n<p>E-mail address: atelier.d7@gmail.com<\/p>\n\n\n\n<p>The Site is hosted by:<\/p>\n\n\n\n<p>Hostinger available at https:\/\/www.hostinger.hu\/ (Hungarian) and https:\/\/www.hostinger.com\/ (English).<\/p>\n\n\n\n<p><\/p>","protected":false},"excerpt":{"rendered":"<p>Please scroll down for the English version. Az oldal \u00fczemeltet\u0151je \u00e9s a term\u00e9kek \u00e9rt\u00e9kes\u00edt\u0151je: B\u00f6gre Dorina EV. Ad\u00f3sz\u00e1m: 57843647-1-43 EU-s ad\u00f3sz\u00e1m: HU57843647 E-mail c\u00edm: atelier.d7@gmail.com A webshely \u00fczemeltet\u0151je: Hostinger el\u00e9rhet\u0151 innen: https:\/\/www.hostinger.hu\/ ___________________________________________________ Legal notice The Atelier D7 website accessible at https:\/\/atelierd7.com (hereinafter the \u2018Website\u2019) is published by: Dorina B\u00f6gre EV. VAT Number: 57843647-1-43 EU [&hellip;]<\/p>\n","protected":false},"author":2,"featured_media":0,"parent":0,"menu_order":0,"comment_status":"closed","ping_status":"closed","template":"","meta":{"_uag_custom_page_level_css":"","_monsterinsights_skip_tracking":false,"_monsterinsights_sitenote_active":false,"_monsterinsights_sitenote_note":"","_monsterinsights_sitenote_category":0,"site-sidebar-layout":"default","site-content-layout":"","ast-site-content-layout":"default","site-content-style":"default","site-sidebar-style":"default","ast-global-header-display":"","ast-banner-title-visibility":"","ast-main-header-display":"","ast-hfb-above-header-display":"","ast-hfb-below-header-display":"","ast-hfb-mobile-header-display":"","site-post-title":"","ast-breadcrumbs-content":"","ast-featured-img":"","footer-sml-layout":"","ast-disable-related-posts":"","theme-transparent-header-meta":"","adv-header-id-meta":"","stick-header-meta":"","header-above-stick-meta":"","header-main-stick-meta":"","header-below-stick-meta":"","astra-migrate-meta-layouts":"set","ast-page-background-enabled":"default","ast-page-background-meta":{"desktop":{"background-color":"var(--ast-global-color-4)","background-image":"","background-repeat":"repeat","background-position":"center center","background-size":"auto","background-attachment":"scroll","background-type":"","background-media":"","overlay-type":"","overlay-color":"","overlay-opacity":"","overlay-gradient":""},"tablet":{"background-color":"","background-image":"","background-repeat":"repeat","background-position":"center center","background-size":"auto","background-attachment":"scroll","background-type":"","background-media":"","overlay-type":"","overlay-color":"","overlay-opacity":"","overlay-gradient":""},"mobile":{"background-color":"","background-image":"","background-repeat":"repeat","background-position":"center center","background-size":"auto","background-attachment":"scroll","background-type":"","background-media":"","overlay-type":"","overlay-color":"","overlay-opacity":"","overlay-gradient":""}},"ast-content-background-meta":{"desktop":{"background-color":"var(--ast-global-color-5)","background-image":"","background-repeat":"repeat","background-position":"center center","background-size":"auto","background-attachment":"scroll","background-type":"","background-media":"","overlay-type":"","overlay-color":"","overlay-opacity":"","overlay-gradient":""},"tablet":{"background-color":"var(--ast-global-color-5)","background-image":"","background-repeat":"repeat","background-position":"center center","background-size":"auto","background-attachment":"scroll","background-type":"","background-media":"","overlay-type":"","overlay-color":"","overlay-opacity":"","overlay-gradient":""},"mobile":{"background-color":"var(--ast-global-color-5)","background-image":"","background-repeat":"repeat","background-position":"center center","background-size":"auto","background-attachment":"scroll","background-type":"","background-media":"","overlay-type":"","overlay-color":"","overlay-opacity":"","overlay-gradient":""}},"footnotes":""},"class_list":["post-432","page","type-page","status-publish","hentry"],"aioseo_notices":[],"uagb_featured_image_src":{"full":false,"thumbnail":false,"medium":false,"medium_large":false,"large":false,"1536x1536":false,"2048x2048":false,"trp-custom-language-flag":false,"woocommerce_thumbnail":false,"woocommerce_single":false,"woocommerce_gallery_thumbnail":false},"uagb_author_info":{"display_name":"Dorina B\u00f6gre","author_link":"https:\/\/atelierd7.com\/en\/author\/encantadorka\/"},"uagb_comment_info":0,"uagb_excerpt":"Please scroll down for the English version. Az oldal \u00fczemeltet\u0151je \u00e9s a term\u00e9kek \u00e9rt\u00e9kes\u00edt\u0151je: B\u00f6gre Dorina EV. Ad\u00f3sz\u00e1m: 57843647-1-43 EU-s ad\u00f3sz\u00e1m: HU57843647 E-mail c\u00edm: atelier.d7@gmail.com A webshely \u00fczemeltet\u0151je: Hostinger el\u00e9rhet\u0151 innen: https:\/\/www.hostinger.hu\/ ___________________________________________________ Legal notice The Atelier D7 website accessible at https:\/\/atelierd7.com (hereinafter the \u2018Website\u2019) is published by: Dorina B\u00f6gre EV. VAT Number: 57843647-1-43 EU&hellip;","_links":{"self":[{"href":"https:\/\/atelierd7.com\/en\/wp-json\/wp\/v2\/pages\/432","targetHints":{"allow":["GET"]}}],"collection":[{"href":"https:\/\/atelierd7.com\/en\/wp-json\/wp\/v2\/pages"}],"about":[{"href":"https:\/\/atelierd7.com\/en\/wp-json\/wp\/v2\/types\/page"}],"author":[{"embeddable":true,"href":"https:\/\/atelierd7.com\/en\/wp-json\/wp\/v2\/users\/2"}],"replies":[{"embeddable":true,"href":"https:\/\/atelierd7.com\/en\/wp-json\/wp\/v2\/comments?post=432"}],"version-history":[{"count":3,"href":"https:\/\/atelierd7.com\/en\/wp-json\/wp\/v2\/pages\/432\/revisions"}],"predecessor-version":[{"id":498,"href":"https:\/\/atelierd7.com\/en\/wp-json\/wp\/v2\/pages\/432\/revisions\/498"}],"wp:attachment":[{"href":"https:\/\/atelierd7.com\/en\/wp-json\/wp\/v2\/media?parent=432"}],"curies":[{"name":"wp","href":"https:\/\/api.w.org\/{rel}","templated":true}]}}