{"id":395,"date":"2024-11-04T18:13:37","date_gmt":"2024-11-04T18:13:37","guid":{"rendered":"https:\/\/atelierd7.com\/?page_id=395"},"modified":"2025-03-03T13:42:16","modified_gmt":"2025-03-03T12:42:16","slug":"refund_returns","status":"publish","type":"page","link":"https:\/\/atelierd7.com\/en\/refund_returns\/","title":{"rendered":"Visszak\u00fcld\u00e9si \u00e9s p\u00e9nzvisszat\u00e9r\u00edt\u00e9si inform\u00e1ci\u00f3k \/ Refund and returns policy"},"content":{"rendered":"<p>Please scroll down for the English version.<\/p>\n\n\n\n<p>A term\u00e9k visszak\u00fcld\u00e9s\u00e9re vonatkoz\u00f3 garancia 10 napig \u00e9rv\u00e9nyes. 10 napon t\u00fal sajnos nem \u00e1ll m\u00f3dunkban teljes visszafizet\u00e9st vagy cser\u00e9t biztos\u00edtani sz\u00e1modra.<\/p>\n\n\n\n<p>A visszav\u00e9telre sz\u00e1nt term\u00e9ket csakis haszn\u00e1latlanul, az \u00e1tv\u00e9telivel megegyez\u0151 \u00e1llapotban fogadjuk el, eredeti csomagol\u00e1s\u00e1ban.<\/p>\n\n\n\n<p>T\u00f6bbf\u00e9le \u00e1ru mentes\u00fcl a visszak\u00fcld\u00e9s al\u00f3l. A romland\u00f3 \u00e1rut nem lehet visszak\u00fcldeni.<\/p>\n\n\n\n<p>Tov\u00e1bbi vissza nem t\u00e9r\u00edtend\u0151 term\u00e9kek:<\/p>\n\n\n\n<ul class=\"wp-block-list\">\n<li>Aj\u00e1nd\u00e9kk\u00e1rty\u00e1k<\/li>\n\n\n\n<li>Workshop utalv\u00e1nyok<\/li>\n\n\n\n<li>Let\u00f6lthet\u0151 digit\u00e1lis term\u00e9kek<\/li>\n<\/ul>\n\n\n\n<p>Hogy a visszav\u00e9teledet teljes\u00edthess\u00fck, mindenk\u00e9ppen sz\u00fcks\u00e9g\u00fcnk van a fizet\u00e9si bizonylatodra vagy a v\u00e1s\u00e1rl\u00e1skor\/csomagk\u00fcld\u00e9skor kapott sz\u00e1ml\u00e1dra.<\/p>\n\n\n\n<p>El\u0151fordulhatnak olyan esetek, melyek sor\u00e1n csak r\u00e9szleges visszat\u00e9r\u00edt\u00e9s lehets\u00e9ges: egy-egy alkatr\u00e9sz nem az eredeti \u00e1llapot\u00e1ban van, hi\u00e1nyzik vagy k\u00e1rosodott, egy\u00e9b, a gy\u00e1rt\u00f3t\u00f3l f\u00fcggetlen okokb\u00f3l, vagy ha a term\u00e9k 10 napon t\u00fal ker\u00fclt vissza hozz\u00e1nk.<\/p>\n\n\n\n<p class=\"has-medium-font-size\"><strong>Visszat\u00e9r\u00edt\u00e9s (ha van)<\/strong><\/p>\n\n\n\n<p>Amint a visszav\u00e9telre sz\u00e1nt \u00e1ru visszaker\u00fclt hozz\u00e1nk, illetve a fenti felt\u00e9teknek megfelelnek, e-mailben \u00e9rtes\u00edt\u00fcnk t\u00e9ged. Ezen fel\u00fcl t\u00e1j\u00e9koztatunk arr\u00f3l is, hogy elfogadjuk-e az \u00e1ru visszav\u00e9tel\u00e9re vonatkoz\u00f3 k\u00f6vetel\u00e9seidet\/k\u00e9r\u00e9sedet. Amennyiben j\u00f3v\u00e1 hagytuk a visszat\u00e9r\u00edt\u00e9st, a term\u00e9k \u00e1r\u00e1t visszautaljuk a banksz\u00e1ml\u00e1dra, illetve visszafizetj\u00fck a v\u00e1s\u00e1rl\u00e1snak megfelel\u0151 fizet\u00e9si m\u00f3don, 4-7 munkanapon bel\u00fcl.<\/p>\n\n\n\n<p>Amennyiben az \u00e1ru \u00e9rt\u00e9k\u00e9nek visszat\u00e9r\u00edt\u00e9se nem t\u00f6rt\u00e9nt meg megfelel\u0151 id\u0151ben, k\u00e9r\u00fcnk, hogy el\u0151sz\u00f6r ellen\u0151rizd a banksz\u00e1ml\u00e1dat, majd l\u00e9pj kapcsolatba a sz\u00e1mlavezet\u0151 bankoddal, ugyanis p\u00e1r munkanapot is ig\u00e9nybe vehet, m\u00edg az \u00e9rt\u00e9k visszafizet\u00e9se megt\u00f6rt\u00e9nik. Amennyiben mindezt megtetted, \u00e9s ennek ellen\u00e9re is arr\u00f3l \u00e9rtes\u00fclt\u00e9l, hogy a visszautal\u00e1s sikertelen volt, k\u00e9rlek, l\u00e9pj vel\u00fcnk kapcsolatba, az al\u00e1bbi e-mail c\u00edmen:&nbsp; atelier.d7@gmail.com.<\/p>\n\n\n\n<p>\u00c1rucser\u00e9re csak abban az esetben van lehet\u0151s\u00e9ged 10 munkanapon t\u00fal, amennyiben a term\u00e9k s\u00e9r\u00fclt vagy haszn\u00e1latra alkalmatlan. Amennyiben a csere lehet\u0151s\u00e9g\u00e9vel szeretn\u00e9l \u00e9lni, k\u00e9r\u00fcnk, l\u00e9pj vel\u00fcnk kapcsolatba e-mailben: atelier.d7@gmail.com.<\/p>\n\n\n\n<p class=\"has-medium-font-size\"><strong>A term\u00e9k visszak\u00fcld\u00e9se<\/strong><\/p>\n\n\n\n<p>Visszak\u00fcld\u00e9s eset\u00e9n a k\u00fcld\u00e9s k\u00f6lts\u00e9geit minden esetben a vev\u0151 \u00e1llja. A k\u00fcld\u00e9s k\u00f6lts\u00e9ge nem visszaig\u00e9nyelhet\u0151. Abban az esetben, ha visszat\u00e9r\u00edt\u00e9st k\u00e9rt\u00e9l, a visszak\u00fcld\u00e9s postak\u00f6lts\u00e9get levonjuk a visszat\u00e9r\u00edt\u00e9s \u00f6sszeg\u00e9b\u0151l.<\/p>\n\n\n\n<p>A k\u00e9zbes\u00edt\u00e9s ideje v\u00e1s\u00e1rl\u00f3 lak\u00f3hely\u00e9t\u0151l f\u00fcgg\u0151en v\u00e1ltozhat.<\/p>\n\n\n\n<p>Amennyiben a visszak\u00fcldend\u0151 term\u00e9k \u00e9rt\u00e9ke meghaladja az 5.000 Ft-ot, k\u00e9r\u00fcnk, mindenk\u00e9ppen aj\u00e1nlott csomagk\u00e9nt\/lev\u00e9lk\u00e9nt, k\u00f6vet\u00e9si sz\u00e1mmal add fel sz\u00e1munkra a term\u00e9ket. Egy\u00e9b esetben nem garant\u00e1lt a term\u00e9k biztos c\u00e9lba \u00e9rkez\u00e9se.<\/p>\n\n\n\n<p class=\"has-medium-font-size\"><strong>Megv\u00e1s\u00e1rolt workshop lemond\u00e1sa eset\u00e9n az al\u00e1bbi felt\u00e9telek \u00e9rv\u00e9nyesek:<\/strong><\/p>\n\n\n\n<p>A workshop id\u0151pontj\u00e1t\u00f3l sz\u00e1m\u00edtott 10 napon t\u00fali lemond\u00e1s eset\u00e9n a workshop \u00e1ra visszat\u00e9r\u00edt\u00e9sre ker\u00fclhet.<\/p>\n\n\n\n<p>A workshop id\u0151pontj\u00e1t\u00f3l sz\u00e1m\u00edtott 10 napon bel\u00fcli, de 48 \u00f3r\u00e1n t\u00fali lemond\u00e1s eset\u00e9n a workshop \u00e1ra nem ker\u00fcl visszat\u00e9r\u00edt\u00e9sre, azonban a Szolg\u00e1ltat\u00f3val t\u00f6rt\u00e9n\u0151 egyeztet\u00e9s alapj\u00e1n \u00e1tfoglalhat\u00f3 k\u00e9s\u0151bbi id\u0151pontra a Szolg\u00e1ltat\u00f3 felt\u00e9telei alapj\u00e1n.<\/p>\n\n\n\n<p>A workshop id\u0151pontj\u00e1t\u00f3l sz\u00e1m\u00edtott 48 \u00f3r\u00e1n bel\u00fcli lemond\u00e1s eset\u00e9n a workshop \u00e1r\u00e1t nem \u00e1ll m\u00f3dunkban visszat\u00e9r\u00edteni, tov\u00e1bb\u00e1 k\u00e9s\u0151bbi id\u0151pont egyeztet\u00e9s\u00e9re sincs lehet\u0151s\u00e9g.<\/p>\n\n\n\n<p>Aj\u00e1nd\u00e9kutalv\u00e1nyt nem \u00e1ll m\u00f3dunkban visszat\u00e9r\u00edteni, tov\u00e1bb\u00e1 az aj\u00e1nd\u00e9kutalv\u00e1ny kiz\u00e1r\u00f3lag a rajta megjel\u00f6lt hat\u00e1rid\u0151 el\u0151tt haszn\u00e1lhat\u00f3 fel.<\/p>\n\n\n\n<p>Ha a workshop a szervez\u0151 hib\u00e1j\u00e1b\u00f3l marad el, akkor lehet\u0151s\u00e9g van \u00faj id\u0151pontra \u00e1tfoglalni vagy visszat\u00e9r\u00edt\u00e9st ig\u00e9nyelni.<\/p>\n\n\n\n<p>___________________________________________________<\/p>\n\n\n\n<p style=\"font-size:32px\"><strong>Refund and Returns Policy<\/strong><\/p>\n\n\n\n<p>Our refund and returns policy lasts 10 days. If 10 days have passed since your purchase, we can\u2019t offer you a full refund or exchange.<\/p>\n\n\n\n<p>To be eligible for a return, your item must be unused and in the same condition that you received it. It must also be in the original packaging.<\/p>\n\n\n\n<p>Several types of goods are exempt from being returned. Perishable goods cannot be returned. <\/p>\n\n\n\n<p>Additional non-returnable items:<\/p>\n\n\n\n<ul class=\"wp-block-list\">\n<li>Gift cards<\/li>\n\n\n\n<li>Workshop vouchers<\/li>\n\n\n\n<li>Downloadable digital products<\/li>\n<\/ul>\n\n\n\n<p>To complete your return, we require a receipt or proof of purchase.<\/p>\n\n\n\n<p>There are certain situations where only partial refunds are granted (if applicable)<br>Any item not in its original condition, is damaged or missing parts for reasons not due to our error.<br>Any item that is returned more than 10 days after delivery.<\/p>\n\n\n\n<h5 class=\"wp-block-heading\"><strong>Refunds (if applicable)<\/strong><\/h5>\n\n\n\n<p>Once your return is received and inspected, we will send you an email to notify you that we have received your returned item. We will also notify you of the approval or rejection of your refund.<br>If you are approved, then your refund will be processed, and a credit will automatically be applied to your credit card or original method of payment, within a certain amount of days.<\/p>\n\n\n\n<p>Late or missing refunds (if applicable)<br>If you haven\u2019t received a refund yet, first check your bank account again.<br>Then contact your credit card company, it may take some time before your refund is officially posted.<br>Next contact your bank. There is often some processing time before a refund is posted.<br>If you\u2019ve done all of this and you still have not received your refund yet, please contact us at atelier.d7@gmail.com.<\/p>\n\n\n\n<p>Exchanges (if applicable)<br>We only replace items if they are defective or damaged. If you need to exchange it for the same item, send us an email at atelier.d7@gmail.com.<\/p>\n\n\n\n<p>You will be responsible for paying for your own shipping costs for returning your item. Shipping costs are non-refundable. If you receive a refund, the cost of return shipping will be deducted from your refund.<\/p>\n\n\n\n<p>Depending on where you live, the time it may take for your exchanged product to reach you, may vary.<\/p>\n\n\n\n<p>In any case you should consider using a trackable shipping service or purchasing shipping insurance. We don\u2019t guarantee that we will receive your returned item.<\/p>\n\n\n\n<p class=\"has-medium-font-size\"><strong>In the event of a purchased workshop cancellation, the following conditions apply:<\/strong><\/p>\n\n\n\n<p>In the event of a cancellation more than 10 days from the workshop date, the workshop price may be refunded.<\/p>\n\n\n\n<p>In the event of a cancellation within 10 days but more than 48 hours from the workshop date, the workshop price will not be refunded, however, it can be rescheduled for a later date based on the terms and conditions of the Service Provider upon consultation with the Service Provider.<\/p>\n\n\n\n<p>In the event of a cancellation within 48 hours from the workshop date, we are unable to refund the workshop price, nor is it possible to reschedule for a later date.<\/p>\n\n\n\n<p>We are unable to refund a gift voucher, and the gift voucher can only be used before the deadline indicated on it.<\/p>\n\n\n\n<p>If the workshop is cancelled due to the organizer\u2019s fault, it is possible to reschedule for a new date or request a refund.<\/p>\n\n\n\n<p><\/p>","protected":false},"excerpt":{"rendered":"<p>Please scroll down for the English version. A term\u00e9k visszak\u00fcld\u00e9s\u00e9re vonatkoz\u00f3 garancia 10 napig \u00e9rv\u00e9nyes. 10 napon t\u00fal sajnos nem \u00e1ll m\u00f3dunkban teljes visszafizet\u00e9st vagy cser\u00e9t biztos\u00edtani sz\u00e1modra. A visszav\u00e9telre sz\u00e1nt term\u00e9ket csakis haszn\u00e1latlanul, az \u00e1tv\u00e9telivel megegyez\u0151 \u00e1llapotban fogadjuk el, eredeti csomagol\u00e1s\u00e1ban. T\u00f6bbf\u00e9le \u00e1ru mentes\u00fcl a visszak\u00fcld\u00e9s al\u00f3l. A romland\u00f3 \u00e1rut nem lehet visszak\u00fcldeni. Tov\u00e1bbi [&hellip;]<\/p>\n","protected":false},"author":1,"featured_media":0,"parent":0,"menu_order":0,"comment_status":"closed","ping_status":"closed","template":"","meta":{"_uag_custom_page_level_css":"","_monsterinsights_skip_tracking":false,"_monsterinsights_sitenote_active":false,"_monsterinsights_sitenote_note":"","_monsterinsights_sitenote_category":0,"site-sidebar-layout":"default","site-content-layout":"","ast-site-content-layout":"default","site-content-style":"default","site-sidebar-style":"default","ast-global-header-display":"","ast-banner-title-visibility":"","ast-main-header-display":"","ast-hfb-above-header-display":"","ast-hfb-below-header-display":"","ast-hfb-mobile-header-display":"","site-post-title":"","ast-breadcrumbs-content":"","ast-featured-img":"","footer-sml-layout":"","ast-disable-related-posts":"","theme-transparent-header-meta":"","adv-header-id-meta":"","stick-header-meta":"","header-above-stick-meta":"","header-main-stick-meta":"","header-below-stick-meta":"","astra-migrate-meta-layouts":"set","ast-page-background-enabled":"default","ast-page-background-meta":{"desktop":{"background-color":"var(--ast-global-color-4)","background-image":"","background-repeat":"repeat","background-position":"center center","background-size":"auto","background-attachment":"scroll","background-type":"","background-media":"","overlay-type":"","overlay-color":"","overlay-opacity":"","overlay-gradient":""},"tablet":{"background-color":"","background-image":"","background-repeat":"repeat","background-position":"center center","background-size":"auto","background-attachment":"scroll","background-type":"","background-media":"","overlay-type":"","overlay-color":"","overlay-opacity":"","overlay-gradient":""},"mobile":{"background-color":"","background-image":"","background-repeat":"repeat","background-position":"center center","background-size":"auto","background-attachment":"scroll","background-type":"","background-media":"","overlay-type":"","overlay-color":"","overlay-opacity":"","overlay-gradient":""}},"ast-content-background-meta":{"desktop":{"background-color":"var(--ast-global-color-5)","background-image":"","background-repeat":"repeat","background-position":"center center","background-size":"auto","background-attachment":"scroll","background-type":"","background-media":"","overlay-type":"","overlay-color":"","overlay-opacity":"","overlay-gradient":""},"tablet":{"background-color":"var(--ast-global-color-5)","background-image":"","background-repeat":"repeat","background-position":"center center","background-size":"auto","background-attachment":"scroll","background-type":"","background-media":"","overlay-type":"","overlay-color":"","overlay-opacity":"","overlay-gradient":""},"mobile":{"background-color":"var(--ast-global-color-5)","background-image":"","background-repeat":"repeat","background-position":"center center","background-size":"auto","background-attachment":"scroll","background-type":"","background-media":"","overlay-type":"","overlay-color":"","overlay-opacity":"","overlay-gradient":""}},"footnotes":""},"class_list":["post-395","page","type-page","status-publish","hentry"],"aioseo_notices":[],"uagb_featured_image_src":{"full":false,"thumbnail":false,"medium":false,"medium_large":false,"large":false,"1536x1536":false,"2048x2048":false,"trp-custom-language-flag":false,"woocommerce_thumbnail":false,"woocommerce_single":false,"woocommerce_gallery_thumbnail":false},"uagb_author_info":{"display_name":"atelier.d7@gmail.com","author_link":"https:\/\/atelierd7.com\/en\/author\/atelier-d7gmail-com\/"},"uagb_comment_info":0,"uagb_excerpt":"Please scroll down for the English version. A term\u00e9k visszak\u00fcld\u00e9s\u00e9re vonatkoz\u00f3 garancia 10 napig \u00e9rv\u00e9nyes. 10 napon t\u00fal sajnos nem \u00e1ll m\u00f3dunkban teljes visszafizet\u00e9st vagy cser\u00e9t biztos\u00edtani sz\u00e1modra. A visszav\u00e9telre sz\u00e1nt term\u00e9ket csakis haszn\u00e1latlanul, az \u00e1tv\u00e9telivel megegyez\u0151 \u00e1llapotban fogadjuk el, eredeti csomagol\u00e1s\u00e1ban. T\u00f6bbf\u00e9le \u00e1ru mentes\u00fcl a visszak\u00fcld\u00e9s al\u00f3l. A romland\u00f3 \u00e1rut nem lehet visszak\u00fcldeni. Tov\u00e1bbi&hellip;","_links":{"self":[{"href":"https:\/\/atelierd7.com\/en\/wp-json\/wp\/v2\/pages\/395","targetHints":{"allow":["GET"]}}],"collection":[{"href":"https:\/\/atelierd7.com\/en\/wp-json\/wp\/v2\/pages"}],"about":[{"href":"https:\/\/atelierd7.com\/en\/wp-json\/wp\/v2\/types\/page"}],"author":[{"embeddable":true,"href":"https:\/\/atelierd7.com\/en\/wp-json\/wp\/v2\/users\/1"}],"replies":[{"embeddable":true,"href":"https:\/\/atelierd7.com\/en\/wp-json\/wp\/v2\/comments?post=395"}],"version-history":[{"count":7,"href":"https:\/\/atelierd7.com\/en\/wp-json\/wp\/v2\/pages\/395\/revisions"}],"predecessor-version":[{"id":1388,"href":"https:\/\/atelierd7.com\/en\/wp-json\/wp\/v2\/pages\/395\/revisions\/1388"}],"wp:attachment":[{"href":"https:\/\/atelierd7.com\/en\/wp-json\/wp\/v2\/media?parent=395"}],"curies":[{"name":"wp","href":"https:\/\/api.w.org\/{rel}","templated":true}]}}