{"id":3412,"date":"2025-12-15T13:15:14","date_gmt":"2025-12-15T12:15:14","guid":{"rendered":"https:\/\/atelierd7.com\/?page_id=3412"},"modified":"2026-03-05T14:01:38","modified_gmt":"2026-03-05T13:01:38","slug":"kezmuves-kesz-termekek","status":"publish","type":"page","link":"https:\/\/atelierd7.com\/en\/kezmuves-kesz-termekek\/","title":{"rendered":"Handcrafted products"},"content":{"rendered":"<div class=\"wp-block-uagb-info-box uagb-block-35afc2b9 uagb-infobox__content-wrap  uagb-infobox-icon-above-title uagb-infobox-image-valign-top\"><div class=\"uagb-ifb-content\"><div class=\"uagb-ifb-title-wrap\"><h2 class=\"uagb-ifb-title\">Handcrafted products available for purchase<\/h2><\/div><p class=\"uagb-ifb-desc\">Here you will find Atelier D7's ready-made handcrafted pieces - unique creations that are made with <strong>slow, conscious planning<\/strong> a magas min\u0151s\u00e9get szem el\u0151tt tartva. Minden term\u00e9k limit\u00e1lt mennyis\u00e9gben el\u00e9rhet\u0151, val\u00f3di k\u00e9zm\u0171ves \u00e9rt\u00e9ket k\u00e9pvisel, \u00e9s azonnal megv\u00e1s\u00e1rolhat\u00f3ak, \u00edgy gyorsan \u00e9s k\u00e9nyelmesen juthatnak el hozz\u00e1d, ak\u00e1r aj\u00e1nd\u00e9knak, ak\u00e1r saj\u00e1t \u00f6r\u00f6mre v\u00e1lasztod \u0151ket.<br><br><strong>Our goal is to help you choose a conscious gift with real value - one that is not mass-produced, but handmade, personal and timeless. <\/strong><br><br>Horgolt t\u00e1sk\u00e1inkb\u00f3l kis k\u00e9szlettel rendelkez\u00fcnk, azonban minden term\u00e9k ut\u00e1nrendelhet\u0151.<\/p><\/div><\/div>\n\n\n\n<p class=\"has-text-align-center has-ast-global-color-0-color has-text-color has-link-color wp-elements-6fa81c98ca001a5f05d314d1dc33be88\" style=\"padding-top:var(--wp--preset--spacing--30);padding-right:var(--wp--preset--spacing--40);padding-bottom:var(--wp--preset--spacing--30);padding-left:var(--wp--preset--spacing--40);font-size:14px\"><strong>Would you like to place a custom order? Send us an email at atelier.d7@gmail.com!<\/strong><\/p>\n\n\n\n<div class=\"wp-block-uagb-container uagb-block-a66cf035 alignfull uagb-is-root-container\"><div class=\"uagb-container-inner-blocks-wrap\">\t\t<div class='wp-block-wpp-popular-products  align' id='wppPopularProducts-e574672e-8'>\r\n\t\t\t<style>\r\n\t\t\t\t#wppPopularProducts-e574672e-8 .wppProduct .productTitle{ font-weight: 400;font-size: 16px;font-style: normal;text-transform: none;text-decoration: auto;line-height: 135%;letter-spacing: 0px; } @media (max-width: 768px) { #wppPopularProducts-e574672e-8 .wppProduct .productTitle{ font-size: 20px; } } @media (max-width: 576px) { #wppPopularProducts-e574672e-8 .wppProduct .productTitle{ font-size: 18px; } }#wppPopularProducts-e574672e-8 .wppProduct .productPrice{ font-weight: 700;font-size: 12px;font-style: normal;text-transform: none;text-decoration: auto;line-height: 135%;letter-spacing: 0px; } @media (max-width: 768px) { #wppPopularProducts-e574672e-8 .wppProduct .productPrice{ font-size: 14px; } } @media (max-width: 576px) { #wppPopularProducts-e574672e-8 .wppProduct .productPrice{ font-size: 14px; } }#wppPopularProducts-e574672e-8 .wppProduct .productAddToCartArea .button{ font-weight: 600;font-size: 13px;font-style: normal;text-transform: none;text-decoration: auto;line-height: 135%;letter-spacing: 0px; } @media (max-width: 768px) { #wppPopularProducts-e574672e-8 .wppProduct .productAddToCartArea .button{ font-size: 15px; } } @media (max-width: 576px) { #wppPopularProducts-e574672e-8 .wppProduct .productAddToCartArea .button{ font-size: 15px; } }#wppPopularProducts-e574672e-8 .wppPopularProducts {  grid-gap: 40px 30px; }#wppPopularProducts-e574672e-8 .wppProduct {  text-align: left;background: #0000;border-radius: 0px; box-shadow: 0px 0px 0px 0px #7090b0 ; }#wppPopularProducts-e574672e-8 .wppProduct .wppProductImg {  border-top-left-radius: 0; border-top-right-radius: 0; }#wppPopularProducts-e574672e-8 .wppProduct .productTitle {  color: var(--ast-global-color-3); }#wppPopularProducts-e574672e-8 .wppProduct .productRating .star-rating span {  color: #ffdf00; }#wppPopularProducts-e574672e-8 .wppProduct .productPrice {  color: #222; }#wppPopularProducts-e574672e-8 .wppProduct .productAddToCartArea {  justify-content: left; }#wppPopularProducts-e574672e-8 .wppProduct .productAddToCartArea .button { color: #fff;background: var(--ast-global-color-0); }#wppPopularProducts-e574672e-8 .wppProduct .productOnSale { color: #fff;background: var(--ast-global-color-0); }\t\t\t<\/style>\r\n\r\n\t\t\t<div class='wppPopularProducts columns-3 columns-tablet-2 columns-mobile-1'>\r\n\t\t\t\t\t\t<article class='wppProduct wppProduct-3748'>\r\n\t\t\t\t\t\t<a href='https:\/\/atelierd7.com\/en\/product\/horgolt-kagylo-taska-tobb-szinben\/'>\r\n\t\t\t\t<figure class='wppProductImg'>\r\n\t\t\t\t\t<img loading=\"lazy\" decoding=\"async\" width=\"1080\" height=\"1080\" src=\"https:\/\/atelierd7.com\/wp-content\/uploads\/2026\/01\/atelier-d7-kagylo-horgolt-taska.jpg\" class=\"attachment-post-thumbnail size-post-thumbnail wp-post-image\" alt=\"\" srcset=\"https:\/\/atelierd7.com\/wp-content\/uploads\/2026\/01\/atelier-d7-kagylo-horgolt-taska.jpg 1080w, https:\/\/atelierd7.com\/wp-content\/uploads\/2026\/01\/atelier-d7-kagylo-horgolt-taska-300x300.jpg 300w, https:\/\/atelierd7.com\/wp-content\/uploads\/2026\/01\/atelier-d7-kagylo-horgolt-taska-1024x1024.jpg 1024w, https:\/\/atelierd7.com\/wp-content\/uploads\/2026\/01\/atelier-d7-kagylo-horgolt-taska-150x150.jpg 150w, https:\/\/atelierd7.com\/wp-content\/uploads\/2026\/01\/atelier-d7-kagylo-horgolt-taska-768x768.jpg 768w, https:\/\/atelierd7.com\/wp-content\/uploads\/2026\/01\/atelier-d7-kagylo-horgolt-taska-12x12.jpg 12w, https:\/\/atelierd7.com\/wp-content\/uploads\/2026\/01\/atelier-d7-kagylo-horgolt-taska-250x250.jpg 250w, https:\/\/atelierd7.com\/wp-content\/uploads\/2026\/01\/atelier-d7-kagylo-horgolt-taska-500x500.jpg 500w, https:\/\/atelierd7.com\/wp-content\/uploads\/2026\/01\/atelier-d7-kagylo-horgolt-taska-100x100.jpg 100w\" sizes=\"auto, (max-width: 1080px) 100vw, 1080px\" \/>\t\t\t\t<\/figure>\r\n\t\t\t<\/a>\r\n\t\t\t\t\t\r\n\t\t\t<div class='wppProductDetails'>\r\n\t\t\t\t\t\t\t<h3 class='productTitle'>\r\n\t\t\t\t<a href='https:\/\/atelierd7.com\/en\/product\/horgolt-kagylo-taska-tobb-szinben\/'>\r\n\t\t\t\t\tHorgolt kagyl\u00f3 t\u00e1ska t\u00f6bb sz\u00ednben\t\t\t\t<\/a>\r\n\t\t\t<\/h3>\r\n\t\t\t\t\t<div class='productAddToCartArea'>\r\n\t\t\t\t<a href='https:\/\/atelierd7.com\/en\/product\/horgolt-kagylo-taska-tobb-szinben\/' aria-label=\"Select options for \u201cHorgolt kagyl\u00f3 t\u00e1ska t\u00f6bb sz\u00ednben\u201d\" data-quantity=\"1\" data-product_id=\"3748\" data-product_sku=\"AD7KT\" rel=\"nofollow\" class=\"button add_to_cart_button\" data-no-translation-aria-label=\"\">\r\n\t\t\t\t\tSelect options\t\t\t\t<\/a>\r\n\t\t\t<\/div>\r\n\t\t\t\t\t<\/div>\r\n\r\n\t\t\t\t\t\t<div class='productOnSale'>\r\n\t\t\t\t<span aria-hidden='true'>\r\n\t\t\t\t\tSale\t\t\t\t<\/span>\r\n\r\n\t\t\t\t<span class='screen-reader-text'>\r\n\t\t\t\t\tProduct on sale\t\t\t\t<\/span>\r\n\t\t\t<\/div>\r\n\t\t\t\t<\/article>\r\n\t\t\t\t<article class='wppProduct wppProduct-3718'>\r\n\t\t\t\t\t\t<a href='https:\/\/atelierd7.com\/en\/product\/szoros-horgolt-taska\/'>\r\n\t\t\t\t<figure class='wppProductImg'>\r\n\t\t\t\t\t<img loading=\"lazy\" decoding=\"async\" width=\"1080\" height=\"1080\" src=\"https:\/\/atelierd7.com\/wp-content\/uploads\/2026\/01\/atelier-d7-budapest-szoros-horgolt-taska-1.jpg\" class=\"attachment-post-thumbnail size-post-thumbnail wp-post-image\" alt=\"\" srcset=\"https:\/\/atelierd7.com\/wp-content\/uploads\/2026\/01\/atelier-d7-budapest-szoros-horgolt-taska-1.jpg 1080w, https:\/\/atelierd7.com\/wp-content\/uploads\/2026\/01\/atelier-d7-budapest-szoros-horgolt-taska-1-300x300.jpg 300w, https:\/\/atelierd7.com\/wp-content\/uploads\/2026\/01\/atelier-d7-budapest-szoros-horgolt-taska-1-1024x1024.jpg 1024w, https:\/\/atelierd7.com\/wp-content\/uploads\/2026\/01\/atelier-d7-budapest-szoros-horgolt-taska-1-150x150.jpg 150w, https:\/\/atelierd7.com\/wp-content\/uploads\/2026\/01\/atelier-d7-budapest-szoros-horgolt-taska-1-768x768.jpg 768w, https:\/\/atelierd7.com\/wp-content\/uploads\/2026\/01\/atelier-d7-budapest-szoros-horgolt-taska-1-12x12.jpg 12w, https:\/\/atelierd7.com\/wp-content\/uploads\/2026\/01\/atelier-d7-budapest-szoros-horgolt-taska-1-250x250.jpg 250w, https:\/\/atelierd7.com\/wp-content\/uploads\/2026\/01\/atelier-d7-budapest-szoros-horgolt-taska-1-500x500.jpg 500w, https:\/\/atelierd7.com\/wp-content\/uploads\/2026\/01\/atelier-d7-budapest-szoros-horgolt-taska-1-100x100.jpg 100w\" sizes=\"auto, (max-width: 1080px) 100vw, 1080px\" \/>\t\t\t\t<\/figure>\r\n\t\t\t<\/a>\r\n\t\t\t\t\t\r\n\t\t\t<div class='wppProductDetails'>\r\n\t\t\t\t\t\t\t<h3 class='productTitle'>\r\n\t\t\t\t<a href='https:\/\/atelierd7.com\/en\/product\/szoros-horgolt-taska\/'>\r\n\t\t\t\t\tSz\u0151r\u00f6s horgolt ta\u0301ska t\u00f6bb sz\u00ednben\t\t\t\t<\/a>\r\n\t\t\t<\/h3>\r\n\t\t\t\t\t<div class='productAddToCartArea'>\r\n\t\t\t\t<a href='https:\/\/atelierd7.com\/en\/product\/szoros-horgolt-taska\/' aria-label=\"Select options for \u201cSz\u0151r\u00f6s horgolt ta\u0301ska t\u00f6bb sz\u00ednben\u201d\" data-quantity=\"1\" data-product_id=\"3718\" data-product_sku=\"AD7HT\" rel=\"nofollow\" class=\"button add_to_cart_button\" data-no-translation-aria-label=\"\">\r\n\t\t\t\t\tSelect options\t\t\t\t<\/a>\r\n\t\t\t<\/div>\r\n\t\t\t\t\t<\/div>\r\n\r\n\t\t\t\t\t\t<div class='productOnSale'>\r\n\t\t\t\t<span aria-hidden='true'>\r\n\t\t\t\t\tSale\t\t\t\t<\/span>\r\n\r\n\t\t\t\t<span class='screen-reader-text'>\r\n\t\t\t\t\tProduct on sale\t\t\t\t<\/span>\r\n\t\t\t<\/div>\r\n\t\t\t\t<\/article>\r\n\t\t\t\t\t<\/div>\r\n\t\t<\/div>\r\n\r\n\t\t<\/div><\/div>\n\n\n\n<div class=\"wp-block-uagb-info-box uagb-block-4c9789e2 uagb-infobox__content-wrap  uagb-infobox-icon-above-title uagb-infobox-image-valign-top\"><div class=\"uagb-ifb-content\"><div class=\"uagb-ifb-title-wrap\"><h2 class=\"uagb-ifb-title\">Gift certificates, workshop experiences<\/h2><\/div><p class=\"uagb-ifb-desc\"><strong>If you would like to buy a workshop experience or gift certificate as a gift, take a look around our own webshop! <br><\/strong><br>Surprise your loved ones with a truly special creative experience or choose from our gift certificates and let's create together in our creative workshops!<\/p><\/div><\/div>\n\n\n\n<div class=\"wp-block-uagb-container uagb-block-5283c222 alignfull uagb-is-root-container\"><div class=\"uagb-container-inner-blocks-wrap\">\t\t<div class='wp-block-wpp-popular-products  align' id='wppPopularProducts-a704db6e-5'>\r\n\t\t\t<style>\r\n\t\t\t\t#wppPopularProducts-a704db6e-5 .wppProduct .productTitle{ font-weight: 400;font-size: 16px;font-style: normal;text-transform: none;text-decoration: auto;line-height: 135%;letter-spacing: 0px; } @media (max-width: 768px) { #wppPopularProducts-a704db6e-5 .wppProduct .productTitle{ font-size: 20px; } } @media (max-width: 576px) { #wppPopularProducts-a704db6e-5 .wppProduct .productTitle{ font-size: 18px; } }#wppPopularProducts-a704db6e-5 .wppProduct .productPrice{ font-weight: 700;font-size: 12px;font-style: normal;text-transform: none;text-decoration: auto;line-height: 135%;letter-spacing: 0px; } @media (max-width: 768px) { #wppPopularProducts-a704db6e-5 .wppProduct .productPrice{ font-size: 14px; } } @media (max-width: 576px) { #wppPopularProducts-a704db6e-5 .wppProduct .productPrice{ font-size: 14px; } }#wppPopularProducts-a704db6e-5 .wppProduct .productAddToCartArea .button{ font-weight: 600;font-size: 13px;font-style: normal;text-transform: none;text-decoration: auto;line-height: 135%;letter-spacing: 0px; } @media (max-width: 768px) { #wppPopularProducts-a704db6e-5 .wppProduct .productAddToCartArea .button{ font-size: 15px; } } @media (max-width: 576px) { #wppPopularProducts-a704db6e-5 .wppProduct .productAddToCartArea .button{ font-size: 15px; } }#wppPopularProducts-a704db6e-5 .wppPopularProducts {  grid-gap: 40px 30px; }#wppPopularProducts-a704db6e-5 .wppProduct {  text-align: left;background: #0000;border-radius: 0px; box-shadow: 0px 0px 0px 0px #7090b0 ; }#wppPopularProducts-a704db6e-5 .wppProduct .wppProductImg {  border-top-left-radius: 0; border-top-right-radius: 0; }#wppPopularProducts-a704db6e-5 .wppProduct .productTitle {  color: var(--ast-global-color-3); }#wppPopularProducts-a704db6e-5 .wppProduct .productRating .star-rating span {  color: #ffdf00; }#wppPopularProducts-a704db6e-5 .wppProduct .productPrice {  color: #222; }#wppPopularProducts-a704db6e-5 .wppProduct .productAddToCartArea {  justify-content: left; }#wppPopularProducts-a704db6e-5 .wppProduct .productAddToCartArea .button { color: #fff;background: var(--ast-global-color-0); }#wppPopularProducts-a704db6e-5 .wppProduct .productOnSale { color: #fff;background: var(--ast-global-color-0); }\t\t\t<\/style>\r\n\r\n\t\t\t<div class='wppPopularProducts columns-3 columns-tablet-2 columns-mobile-1'>\r\n\t\t\t\t\t\t<article class='wppProduct wppProduct-4159'>\r\n\t\t\t\t\t\t<a href='https:\/\/atelierd7.com\/en\/product\/horgolt-taska-workshop-2\/'>\r\n\t\t\t\t<figure class='wppProductImg'>\r\n\t\t\t\t\t<img loading=\"lazy\" decoding=\"async\" width=\"1080\" height=\"1080\" src=\"https:\/\/atelierd7.com\/wp-content\/uploads\/2026\/04\/casa-kumo-lucha-matcha-crochet-bag-workshop2.jpg\" class=\"attachment-post-thumbnail size-post-thumbnail wp-post-image\" alt=\"\" srcset=\"https:\/\/atelierd7.com\/wp-content\/uploads\/2026\/04\/casa-kumo-lucha-matcha-crochet-bag-workshop2.jpg 1080w, https:\/\/atelierd7.com\/wp-content\/uploads\/2026\/04\/casa-kumo-lucha-matcha-crochet-bag-workshop2-300x300.jpg 300w, https:\/\/atelierd7.com\/wp-content\/uploads\/2026\/04\/casa-kumo-lucha-matcha-crochet-bag-workshop2-1024x1024.jpg 1024w, https:\/\/atelierd7.com\/wp-content\/uploads\/2026\/04\/casa-kumo-lucha-matcha-crochet-bag-workshop2-150x150.jpg 150w, https:\/\/atelierd7.com\/wp-content\/uploads\/2026\/04\/casa-kumo-lucha-matcha-crochet-bag-workshop2-768x768.jpg 768w, https:\/\/atelierd7.com\/wp-content\/uploads\/2026\/04\/casa-kumo-lucha-matcha-crochet-bag-workshop2-12x12.jpg 12w, https:\/\/atelierd7.com\/wp-content\/uploads\/2026\/04\/casa-kumo-lucha-matcha-crochet-bag-workshop2-250x250.jpg 250w, https:\/\/atelierd7.com\/wp-content\/uploads\/2026\/04\/casa-kumo-lucha-matcha-crochet-bag-workshop2-500x500.jpg 500w, https:\/\/atelierd7.com\/wp-content\/uploads\/2026\/04\/casa-kumo-lucha-matcha-crochet-bag-workshop2-100x100.jpg 100w\" sizes=\"auto, (max-width: 1080px) 100vw, 1080px\" \/>\t\t\t\t<\/figure>\r\n\t\t\t<\/a>\r\n\t\t\t\t\t\r\n\t\t\t<div class='wppProductDetails'>\r\n\t\t\t\t\t\t\t<h3 class='productTitle'>\r\n\t\t\t\t<a href='https:\/\/atelierd7.com\/en\/product\/horgolt-taska-workshop-2\/'>\r\n\t\t\t\t\tHorgolt t\u00e1ska workshop match\u00e1val &#8211; m\u00e1jus 23. 13:00\t\t\t\t<\/a>\r\n\t\t\t<\/h3>\r\n\t\t\t\t\t<\/div>\r\n\r\n\t\t\t\t\t\t<div class='productOnSale'>\r\n\t\t\t\t<span aria-hidden='true'>\r\n\t\t\t\t\tSale\t\t\t\t<\/span>\r\n\r\n\t\t\t\t<span class='screen-reader-text'>\r\n\t\t\t\t\tProduct on sale\t\t\t\t<\/span>\r\n\t\t\t<\/div>\r\n\t\t\t\t<\/article>\r\n\t\t\t\t<article class='wppProduct wppProduct-698'>\r\n\t\t\t\t\t\t<a href='https:\/\/atelierd7.com\/en\/product\/foto-utalvany\/'>\r\n\t\t\t\t<figure class='wppProductImg'>\r\n\t\t\t\t\t<img loading=\"lazy\" decoding=\"async\" width=\"1080\" height=\"1080\" src=\"https:\/\/atelierd7.com\/wp-content\/uploads\/2024\/12\/dorsia-foto-atelier-d7-3.jpg\" class=\"attachment-post-thumbnail size-post-thumbnail wp-post-image\" alt=\"B\u00f6gre Dorina fot\u00f3s gal\u00e9ria\" srcset=\"https:\/\/atelierd7.com\/wp-content\/uploads\/2024\/12\/dorsia-foto-atelier-d7-3.jpg 1080w, https:\/\/atelierd7.com\/wp-content\/uploads\/2024\/12\/dorsia-foto-atelier-d7-3-250x250.jpg 250w, https:\/\/atelierd7.com\/wp-content\/uploads\/2024\/12\/dorsia-foto-atelier-d7-3-100x100.jpg 100w, https:\/\/atelierd7.com\/wp-content\/uploads\/2024\/12\/dorsia-foto-atelier-d7-3-500x500.jpg 500w, https:\/\/atelierd7.com\/wp-content\/uploads\/2024\/12\/dorsia-foto-atelier-d7-3-300x300.jpg 300w, https:\/\/atelierd7.com\/wp-content\/uploads\/2024\/12\/dorsia-foto-atelier-d7-3-1024x1024.jpg 1024w, https:\/\/atelierd7.com\/wp-content\/uploads\/2024\/12\/dorsia-foto-atelier-d7-3-150x150.jpg 150w, https:\/\/atelierd7.com\/wp-content\/uploads\/2024\/12\/dorsia-foto-atelier-d7-3-768x768.jpg 768w\" sizes=\"auto, (max-width: 1080px) 100vw, 1080px\" \/>\t\t\t\t<\/figure>\r\n\t\t\t<\/a>\r\n\t\t\t\t\t\r\n\t\t\t<div class='wppProductDetails'>\r\n\t\t\t\t\t\t\t<h3 class='productTitle'>\r\n\t\t\t\t<a href='https:\/\/atelierd7.com\/en\/product\/foto-utalvany\/'>\r\n\t\t\t\t\tOne hour photoshoot\t\t\t\t<\/a>\r\n\t\t\t<\/h3>\r\n\t\t\t\t\t<\/div>\r\n\r\n\t\t\t\t\t<\/article>\r\n\t\t\t\t\t<\/div>\r\n\t\t<\/div>\r\n\r\n\t\t<\/div><\/div>\n\n\n\n<div class=\"wp-block-buttons has-custom-font-size has-small-font-size is-horizontal is-content-justification-center is-layout-flex wp-container-core-buttons-is-layout-08e20dcd wp-block-buttons-is-layout-flex\" style=\"margin-top:var(--wp--preset--spacing--50);margin-bottom:var(--wp--preset--spacing--50)\">\n<div class=\"wp-block-button\"><a class=\"wp-block-button__link has-text-align-right wp-element-button\" href=\"https:\/\/atelierd7.com\/en\/shop\/\" target=\"_blank\" rel=\"noreferrer noopener\">WEBSHOP<\/a><\/div>\n<\/div>\n\n\n\n<p><\/p>","protected":false},"excerpt":{"rendered":"<p>Would you like to place a custom order? Send us an email at atelier.d7@gmail.com!<\/p>","protected":false},"author":2,"featured_media":0,"parent":0,"menu_order":0,"comment_status":"closed","ping_status":"closed","template":"","meta":{"_uag_custom_page_level_css":"","_monsterinsights_skip_tracking":false,"_monsterinsights_sitenote_active":false,"_monsterinsights_sitenote_note":"","_monsterinsights_sitenote_category":0,"site-sidebar-layout":"default","site-content-layout":"","ast-site-content-layout":"default","site-content-style":"default","site-sidebar-style":"default","ast-global-header-display":"","ast-banner-title-visibility":"","ast-main-header-display":"","ast-hfb-above-header-display":"","ast-hfb-below-header-display":"","ast-hfb-mobile-header-display":"","site-post-title":"disabled","ast-breadcrumbs-content":"","ast-featured-img":"","footer-sml-layout":"","ast-disable-related-posts":"","theme-transparent-header-meta":"","adv-header-id-meta":"","stick-header-meta":"","header-above-stick-meta":"","header-main-stick-meta":"","header-below-stick-meta":"","astra-migrate-meta-layouts":"set","ast-page-background-enabled":"default","ast-page-background-meta":{"desktop":{"background-color":"var(--ast-global-color-4)","background-image":"","background-repeat":"repeat","background-position":"center center","background-size":"auto","background-attachment":"scroll","background-type":"","background-media":"","overlay-type":"","overlay-color":"","overlay-opacity":"","overlay-gradient":""},"tablet":{"background-color":"","background-image":"","background-repeat":"repeat","background-position":"center center","background-size":"auto","background-attachment":"scroll","background-type":"","background-media":"","overlay-type":"","overlay-color":"","overlay-opacity":"","overlay-gradient":""},"mobile":{"background-color":"","background-image":"","background-repeat":"repeat","background-position":"center center","background-size":"auto","background-attachment":"scroll","background-type":"","background-media":"","overlay-type":"","overlay-color":"","overlay-opacity":"","overlay-gradient":""}},"ast-content-background-meta":{"desktop":{"background-color":"var(--ast-global-color-5)","background-image":"","background-repeat":"repeat","background-position":"center center","background-size":"auto","background-attachment":"scroll","background-type":"","background-media":"","overlay-type":"","overlay-color":"","overlay-opacity":"","overlay-gradient":""},"tablet":{"background-color":"var(--ast-global-color-5)","background-image":"","background-repeat":"repeat","background-position":"center center","background-size":"auto","background-attachment":"scroll","background-type":"","background-media":"","overlay-type":"","overlay-color":"","overlay-opacity":"","overlay-gradient":""},"mobile":{"background-color":"var(--ast-global-color-5)","background-image":"","background-repeat":"repeat","background-position":"center center","background-size":"auto","background-attachment":"scroll","background-type":"","background-media":"","overlay-type":"","overlay-color":"","overlay-opacity":"","overlay-gradient":""}},"footnotes":""},"class_list":["post-3412","page","type-page","status-publish","hentry"],"aioseo_notices":[],"uagb_featured_image_src":{"full":false,"thumbnail":false,"medium":false,"medium_large":false,"large":false,"1536x1536":false,"2048x2048":false,"trp-custom-language-flag":false,"woocommerce_thumbnail":false,"woocommerce_single":false,"woocommerce_gallery_thumbnail":false},"uagb_author_info":{"display_name":"Dorina B\u00f6gre","author_link":"https:\/\/atelierd7.com\/en\/author\/encantadorka\/"},"uagb_comment_info":0,"uagb_excerpt":"Egyedi rendel\u00e9st szeretn\u00e9l leadni? \u00cdrj nek\u00fcnk e-mailt az atelier.d7@gmail.com c\u00edmre!","_links":{"self":[{"href":"https:\/\/atelierd7.com\/en\/wp-json\/wp\/v2\/pages\/3412","targetHints":{"allow":["GET"]}}],"collection":[{"href":"https:\/\/atelierd7.com\/en\/wp-json\/wp\/v2\/pages"}],"about":[{"href":"https:\/\/atelierd7.com\/en\/wp-json\/wp\/v2\/types\/page"}],"author":[{"embeddable":true,"href":"https:\/\/atelierd7.com\/en\/wp-json\/wp\/v2\/users\/2"}],"replies":[{"embeddable":true,"href":"https:\/\/atelierd7.com\/en\/wp-json\/wp\/v2\/comments?post=3412"}],"version-history":[{"count":13,"href":"https:\/\/atelierd7.com\/en\/wp-json\/wp\/v2\/pages\/3412\/revisions"}],"predecessor-version":[{"id":3982,"href":"https:\/\/atelierd7.com\/en\/wp-json\/wp\/v2\/pages\/3412\/revisions\/3982"}],"wp:attachment":[{"href":"https:\/\/atelierd7.com\/en\/wp-json\/wp\/v2\/media?parent=3412"}],"curies":[{"name":"wp","href":"https:\/\/api.w.org\/{rel}","templated":true}]}}