{"id":2524,"date":"2025-08-26T19:20:45","date_gmt":"2025-08-26T18:20:45","guid":{"rendered":"https:\/\/atelierd7.com\/?page_id=2524"},"modified":"2025-10-03T14:31:02","modified_gmt":"2025-10-03T13:31:02","slug":"blog","status":"publish","type":"page","link":"https:\/\/atelierd7.com\/en\/blog\/","title":{"rendered":"Blog"},"content":{"rendered":"<div class=\"wp-block-uagb-info-box uagb-block-35afc2b9 uagb-infobox__content-wrap  uagb-infobox-icon-above-title uagb-infobox-image-valign-top\"><div class=\"uagb-ifb-content\"><div class=\"uagb-ifb-title-wrap\"><h2 class=\"uagb-ifb-title\">BLOG<\/h2><\/div><p class=\"uagb-ifb-desc\">Creative community, inspiring stories and workshop experiences: our blog gives you a behind-the-scenes look!<\/p><\/div><\/div>\n\n\n\n<div class=\"wp-block-query is-layout-flow wp-block-query-is-layout-flow\"><ul class=\"wp-block-post-template is-layout-flow wp-block-post-template-is-layout-flow\"><li class=\"wp-block-post post-4165 post type-post status-publish format-standard has-post-thumbnail hentry category-casa-kumo category-crochet category-studio category-workshop tag-casa-kumo tag-crochet tag-horgolas tag-horgolt-taska tag-matcha tag-studio tag-workshop\">\n\n<div class=\"wp-block-columns are-vertically-aligned-center is-layout-flex wp-container-core-columns-is-layout-ec2e7a44 wp-block-columns-is-layout-flex\" style=\"padding-top:0;padding-bottom:0\">\n<div class=\"wp-block-column is-vertically-aligned-center is-layout-flow wp-block-column-is-layout-flow\" style=\"flex-basis:25%\"><figure class=\"wp-block-post-featured-image\"><a href=\"https:\/\/atelierd7.com\/en\/a-ketszinu-horgolt-taskak-visszaterese-az-atelier-d7-kreativ-studioba\/\" target=\"_self\"  ><img loading=\"lazy\" decoding=\"async\" width=\"1920\" height=\"1005\" src=\"https:\/\/atelierd7.com\/wp-content\/uploads\/2026\/04\/atelier-d7-casa-kumo-horgolt-taska-workshop-budapest-blog.jpg\" class=\"attachment-post-thumbnail size-post-thumbnail wp-post-image\" alt=\"A k\u00e9tsz\u00edn\u0171 horgolt t\u00e1sk\u00e1k visszat\u00e9r\u00e9se az Atelier D7 kreat\u00edv st\u00fadi\u00f3ba \ud83c\udf1e\" style=\"object-fit:cover;\" srcset=\"https:\/\/atelierd7.com\/wp-content\/uploads\/2026\/04\/atelier-d7-casa-kumo-horgolt-taska-workshop-budapest-blog.jpg 1920w, https:\/\/atelierd7.com\/wp-content\/uploads\/2026\/04\/atelier-d7-casa-kumo-horgolt-taska-workshop-budapest-blog-300x157.jpg 300w, https:\/\/atelierd7.com\/wp-content\/uploads\/2026\/04\/atelier-d7-casa-kumo-horgolt-taska-workshop-budapest-blog-1024x536.jpg 1024w, https:\/\/atelierd7.com\/wp-content\/uploads\/2026\/04\/atelier-d7-casa-kumo-horgolt-taska-workshop-budapest-blog-768x402.jpg 768w, https:\/\/atelierd7.com\/wp-content\/uploads\/2026\/04\/atelier-d7-casa-kumo-horgolt-taska-workshop-budapest-blog-1536x804.jpg 1536w, https:\/\/atelierd7.com\/wp-content\/uploads\/2026\/04\/atelier-d7-casa-kumo-horgolt-taska-workshop-budapest-blog-18x9.jpg 18w, https:\/\/atelierd7.com\/wp-content\/uploads\/2026\/04\/atelier-d7-casa-kumo-horgolt-taska-workshop-budapest-blog-500x262.jpg 500w\" sizes=\"auto, (max-width: 1920px) 100vw, 1920px\" \/><\/a><\/figure><\/div>\n\n\n\n<div class=\"wp-block-column is-vertically-aligned-center is-layout-flow wp-block-column-is-layout-flow\" style=\"flex-basis:75%\"><h2 class=\"wp-block-post-title\"><a href=\"https:\/\/atelierd7.com\/en\/a-ketszinu-horgolt-taskak-visszaterese-az-atelier-d7-kreativ-studioba\/\" target=\"_self\" >A k\u00e9tsz\u00edn\u0171 horgolt t\u00e1sk\u00e1k visszat\u00e9r\u00e9se az Atelier D7 kreat\u00edv st\u00fadi\u00f3ba \ud83c\udf1e<\/a><\/h2><\/div>\n<\/div>\n\n<\/li><li class=\"wp-block-post post-3004 post type-post status-publish format-standard has-post-thumbnail hentry category-charm category-studio category-workshop tag-art tag-atelier-d7 tag-kreativ-studio tag-studio tag-workshop\">\n\n<div class=\"wp-block-columns are-vertically-aligned-center is-layout-flex wp-container-core-columns-is-layout-ec2e7a44 wp-block-columns-is-layout-flex\" style=\"padding-top:0;padding-bottom:0\">\n<div class=\"wp-block-column is-vertically-aligned-center is-layout-flow wp-block-column-is-layout-flow\" style=\"flex-basis:25%\"><figure class=\"wp-block-post-featured-image\"><a href=\"https:\/\/atelierd7.com\/en\/egy-eves-az-atelier-d7-kreativ-studio\/\" target=\"_self\"  ><img loading=\"lazy\" decoding=\"async\" width=\"1920\" height=\"1005\" src=\"https:\/\/atelierd7.com\/wp-content\/uploads\/2025\/10\/Atelier-D7-kreativ-studio-budapest-1-eves.jpg\" class=\"attachment-post-thumbnail size-post-thumbnail wp-post-image\" alt=\"Egy \u00e9ves az Atelier D7 kreat\u00edv st\u00fadi\u00f3 \ud83e\udead\" style=\"object-fit:cover;\" srcset=\"https:\/\/atelierd7.com\/wp-content\/uploads\/2025\/10\/Atelier-D7-kreativ-studio-budapest-1-eves.jpg 1920w, https:\/\/atelierd7.com\/wp-content\/uploads\/2025\/10\/Atelier-D7-kreativ-studio-budapest-1-eves-300x157.jpg 300w, https:\/\/atelierd7.com\/wp-content\/uploads\/2025\/10\/Atelier-D7-kreativ-studio-budapest-1-eves-1024x536.jpg 1024w, https:\/\/atelierd7.com\/wp-content\/uploads\/2025\/10\/Atelier-D7-kreativ-studio-budapest-1-eves-768x402.jpg 768w, https:\/\/atelierd7.com\/wp-content\/uploads\/2025\/10\/Atelier-D7-kreativ-studio-budapest-1-eves-1536x804.jpg 1536w, https:\/\/atelierd7.com\/wp-content\/uploads\/2025\/10\/Atelier-D7-kreativ-studio-budapest-1-eves-18x9.jpg 18w, https:\/\/atelierd7.com\/wp-content\/uploads\/2025\/10\/Atelier-D7-kreativ-studio-budapest-1-eves-500x262.jpg 500w\" sizes=\"auto, (max-width: 1920px) 100vw, 1920px\" \/><\/a><\/figure><\/div>\n\n\n\n<div class=\"wp-block-column is-vertically-aligned-center is-layout-flow wp-block-column-is-layout-flow\" style=\"flex-basis:75%\"><h2 class=\"wp-block-post-title\"><a href=\"https:\/\/atelierd7.com\/en\/egy-eves-az-atelier-d7-kreativ-studio\/\" target=\"_self\" >Atelier D7 creative studio is one year old \ud83e\udead<\/a><\/h2><\/div>\n<\/div>\n\n<\/li><li class=\"wp-block-post post-2929 post type-post status-publish format-standard has-post-thumbnail hentry category-charm category-workshop tag-bachelorette tag-charm-karkoto tag-charm-workshop tag-lanybucsu tag-workshop\">\n\n<div class=\"wp-block-columns are-vertically-aligned-center is-layout-flex wp-container-core-columns-is-layout-ec2e7a44 wp-block-columns-is-layout-flex\" style=\"padding-top:0;padding-bottom:0\">\n<div class=\"wp-block-column is-vertically-aligned-center is-layout-flow wp-block-column-is-layout-flow\" style=\"flex-basis:25%\"><figure class=\"wp-block-post-featured-image\"><a href=\"https:\/\/atelierd7.com\/en\/keszitsd-el-almaid-charm-karkotojet-az-imagine-wedding-show-n\/\" target=\"_self\"  ><img loading=\"lazy\" decoding=\"async\" width=\"1920\" height=\"1005\" src=\"https:\/\/atelierd7.com\/wp-content\/uploads\/2025\/10\/Atelier-D7-Imagine-Wedding-Show.jpg\" class=\"attachment-post-thumbnail size-post-thumbnail wp-post-image\" alt=\"K\u00e9sz\u00edtsd el \u00e1lmaid charm kark\u00f6t\u0151j\u00e9t\u00a0az Imagine Wedding Show-n\" style=\"object-fit:cover;\" srcset=\"https:\/\/atelierd7.com\/wp-content\/uploads\/2025\/10\/Atelier-D7-Imagine-Wedding-Show.jpg 1920w, https:\/\/atelierd7.com\/wp-content\/uploads\/2025\/10\/Atelier-D7-Imagine-Wedding-Show-300x157.jpg 300w, https:\/\/atelierd7.com\/wp-content\/uploads\/2025\/10\/Atelier-D7-Imagine-Wedding-Show-1024x536.jpg 1024w, https:\/\/atelierd7.com\/wp-content\/uploads\/2025\/10\/Atelier-D7-Imagine-Wedding-Show-768x402.jpg 768w, https:\/\/atelierd7.com\/wp-content\/uploads\/2025\/10\/Atelier-D7-Imagine-Wedding-Show-1536x804.jpg 1536w, https:\/\/atelierd7.com\/wp-content\/uploads\/2025\/10\/Atelier-D7-Imagine-Wedding-Show-18x9.jpg 18w, https:\/\/atelierd7.com\/wp-content\/uploads\/2025\/10\/Atelier-D7-Imagine-Wedding-Show-500x262.jpg 500w\" sizes=\"auto, (max-width: 1920px) 100vw, 1920px\" \/><\/a><\/figure><\/div>\n\n\n\n<div class=\"wp-block-column is-vertically-aligned-center is-layout-flow wp-block-column-is-layout-flow\" style=\"flex-basis:75%\"><h2 class=\"wp-block-post-title\"><a href=\"https:\/\/atelierd7.com\/en\/keszitsd-el-almaid-charm-karkotojet-az-imagine-wedding-show-n\/\" target=\"_self\" >Make the charm bracelet of your dreams at the Imagine Wedding Show<\/a><\/h2><\/div>\n<\/div>\n\n<\/li><li class=\"wp-block-post post-2791 post type-post status-publish format-standard has-post-thumbnail hentry category-studio tag-atelier-d7 tag-gardrobvasar tag-kreativ-studio tag-studio\">\n\n<div class=\"wp-block-columns are-vertically-aligned-center is-layout-flex wp-container-core-columns-is-layout-ec2e7a44 wp-block-columns-is-layout-flex\" style=\"padding-top:0;padding-bottom:0\">\n<div class=\"wp-block-column is-vertically-aligned-center is-layout-flow wp-block-column-is-layout-flow\" style=\"flex-basis:25%\"><figure class=\"wp-block-post-featured-image\"><a href=\"https:\/\/atelierd7.com\/en\/gardrobvasar-az-atelier-d7-kreativ-studioban-%f0%9f%9b%8d%ef%b8%8f%f0%9f%aa%ad\/\" target=\"_self\"  ><img loading=\"lazy\" decoding=\"async\" width=\"1920\" height=\"1080\" src=\"https:\/\/atelierd7.com\/wp-content\/uploads\/2025\/09\/atelier-d7-charm-bracelet-crochet-workshop-hungary-budapest-gardrobvasar.jpg\" class=\"attachment-post-thumbnail size-post-thumbnail wp-post-image\" alt=\"Gardr\u00f3bv\u00e1s\u00e1r az Atelier D7 kreat\u00edv st\u00fadi\u00f3ban \ud83e\udead\" style=\"object-fit:cover;\" srcset=\"https:\/\/atelierd7.com\/wp-content\/uploads\/2025\/09\/atelier-d7-charm-bracelet-crochet-workshop-hungary-budapest-gardrobvasar.jpg 1920w, https:\/\/atelierd7.com\/wp-content\/uploads\/2025\/09\/atelier-d7-charm-bracelet-crochet-workshop-hungary-budapest-gardrobvasar-300x169.jpg 300w, https:\/\/atelierd7.com\/wp-content\/uploads\/2025\/09\/atelier-d7-charm-bracelet-crochet-workshop-hungary-budapest-gardrobvasar-1024x576.jpg 1024w, https:\/\/atelierd7.com\/wp-content\/uploads\/2025\/09\/atelier-d7-charm-bracelet-crochet-workshop-hungary-budapest-gardrobvasar-768x432.jpg 768w, https:\/\/atelierd7.com\/wp-content\/uploads\/2025\/09\/atelier-d7-charm-bracelet-crochet-workshop-hungary-budapest-gardrobvasar-1536x864.jpg 1536w, https:\/\/atelierd7.com\/wp-content\/uploads\/2025\/09\/atelier-d7-charm-bracelet-crochet-workshop-hungary-budapest-gardrobvasar-18x10.jpg 18w, https:\/\/atelierd7.com\/wp-content\/uploads\/2025\/09\/atelier-d7-charm-bracelet-crochet-workshop-hungary-budapest-gardrobvasar-500x281.jpg 500w\" sizes=\"auto, (max-width: 1920px) 100vw, 1920px\" \/><\/a><\/figure><\/div>\n\n\n\n<div class=\"wp-block-column is-vertically-aligned-center is-layout-flow wp-block-column-is-layout-flow\" style=\"flex-basis:75%\"><h2 class=\"wp-block-post-title\"><a href=\"https:\/\/atelierd7.com\/en\/gardrobvasar-az-atelier-d7-kreativ-studioban-%f0%9f%9b%8d%ef%b8%8f%f0%9f%aa%ad\/\" target=\"_self\" >Wardrobe sale at Atelier D7 creative studio \ud83e\udead<\/a><\/h2><\/div>\n<\/div>\n\n<\/li><li class=\"wp-block-post post-2714 post type-post status-publish format-standard has-post-thumbnail hentry category-studio\">\n\n<div class=\"wp-block-columns are-vertically-aligned-center is-layout-flex wp-container-core-columns-is-layout-ec2e7a44 wp-block-columns-is-layout-flex\" style=\"padding-top:0;padding-bottom:0\">\n<div class=\"wp-block-column is-vertically-aligned-center is-layout-flow wp-block-column-is-layout-flow\" style=\"flex-basis:25%\"><figure class=\"wp-block-post-featured-image\"><a href=\"https:\/\/atelierd7.com\/en\/bemutatkozik-a-diva-kollekcio-az-atelier-d7-elso-kapszula-kollekcioja\/\" target=\"_self\"  ><img loading=\"lazy\" decoding=\"async\" width=\"1920\" height=\"1080\" src=\"https:\/\/atelierd7.com\/wp-content\/uploads\/2025\/08\/atelier-d7-budapest-diva-capsule-collection.jpg\" class=\"attachment-post-thumbnail size-post-thumbnail wp-post-image\" alt=\"Bemutatkozik a Diva kollekci\u00f3 &#8211; az Atelier D7 els\u0151 kapszula kollekci\u00f3ja\" style=\"object-fit:cover;\" srcset=\"https:\/\/atelierd7.com\/wp-content\/uploads\/2025\/08\/atelier-d7-budapest-diva-capsule-collection.jpg 1920w, https:\/\/atelierd7.com\/wp-content\/uploads\/2025\/08\/atelier-d7-budapest-diva-capsule-collection-300x169.jpg 300w, https:\/\/atelierd7.com\/wp-content\/uploads\/2025\/08\/atelier-d7-budapest-diva-capsule-collection-1024x576.jpg 1024w, https:\/\/atelierd7.com\/wp-content\/uploads\/2025\/08\/atelier-d7-budapest-diva-capsule-collection-768x432.jpg 768w, https:\/\/atelierd7.com\/wp-content\/uploads\/2025\/08\/atelier-d7-budapest-diva-capsule-collection-1536x864.jpg 1536w, https:\/\/atelierd7.com\/wp-content\/uploads\/2025\/08\/atelier-d7-budapest-diva-capsule-collection-18x10.jpg 18w, https:\/\/atelierd7.com\/wp-content\/uploads\/2025\/08\/atelier-d7-budapest-diva-capsule-collection-500x281.jpg 500w\" sizes=\"auto, (max-width: 1920px) 100vw, 1920px\" \/><\/a><\/figure><\/div>\n\n\n\n<div class=\"wp-block-column is-vertically-aligned-center is-layout-flow wp-block-column-is-layout-flow\" style=\"flex-basis:75%\"><h2 class=\"wp-block-post-title\"><a href=\"https:\/\/atelierd7.com\/en\/bemutatkozik-a-diva-kollekcio-az-atelier-d7-elso-kapszula-kollekcioja\/\" target=\"_self\" >Introducing the Diva Collection \u2013 Atelier D7\u2019s first capsule collection<\/a><\/h2><\/div>\n<\/div>\n\n<\/li><li class=\"wp-block-post post-2519 post type-post status-publish format-standard has-post-thumbnail hentry category-charm category-studio category-workshop tag-art tag-charm tag-charm-karkoto tag-studio tag-workshop\">\n\n<div class=\"wp-block-columns are-vertically-aligned-center is-layout-flex wp-container-core-columns-is-layout-ec2e7a44 wp-block-columns-is-layout-flex\" style=\"padding-top:0;padding-bottom:0\">\n<div class=\"wp-block-column is-vertically-aligned-center is-layout-flow wp-block-column-is-layout-flow\" style=\"flex-basis:25%\"><figure class=\"wp-block-post-featured-image\"><a href=\"https:\/\/atelierd7.com\/en\/az-elso-charm-karkoto-workshop-magyarorszagon-igy-indult-az-atelier-d7-kreativ-studio\/\" target=\"_self\"  ><img loading=\"lazy\" decoding=\"async\" width=\"1920\" height=\"1080\" src=\"https:\/\/atelierd7.com\/wp-content\/uploads\/2025\/08\/atelier-d7-charm-bracelet-crochet-workshop-hungary-budapest-3.jpg\" class=\"attachment-post-thumbnail size-post-thumbnail wp-post-image\" alt=\"Az els\u0151 charm kark\u00f6t\u0151 workshop Magyarorsz\u00e1gon \u2013 \u00edgy indult az Atelier D7 kreat\u00edv st\u00fadi\u00f3\" style=\"object-fit:cover;\" srcset=\"https:\/\/atelierd7.com\/wp-content\/uploads\/2025\/08\/atelier-d7-charm-bracelet-crochet-workshop-hungary-budapest-3.jpg 1920w, https:\/\/atelierd7.com\/wp-content\/uploads\/2025\/08\/atelier-d7-charm-bracelet-crochet-workshop-hungary-budapest-3-300x169.jpg 300w, https:\/\/atelierd7.com\/wp-content\/uploads\/2025\/08\/atelier-d7-charm-bracelet-crochet-workshop-hungary-budapest-3-1024x576.jpg 1024w, https:\/\/atelierd7.com\/wp-content\/uploads\/2025\/08\/atelier-d7-charm-bracelet-crochet-workshop-hungary-budapest-3-768x432.jpg 768w, https:\/\/atelierd7.com\/wp-content\/uploads\/2025\/08\/atelier-d7-charm-bracelet-crochet-workshop-hungary-budapest-3-1536x864.jpg 1536w, https:\/\/atelierd7.com\/wp-content\/uploads\/2025\/08\/atelier-d7-charm-bracelet-crochet-workshop-hungary-budapest-3-500x281.jpg 500w\" sizes=\"auto, (max-width: 1920px) 100vw, 1920px\" \/><\/a><\/figure><\/div>\n\n\n\n<div class=\"wp-block-column is-vertically-aligned-center is-layout-flow wp-block-column-is-layout-flow\" style=\"flex-basis:75%\"><h2 class=\"wp-block-post-title\"><a href=\"https:\/\/atelierd7.com\/en\/az-elso-charm-karkoto-workshop-magyarorszagon-igy-indult-az-atelier-d7-kreativ-studio\/\" target=\"_self\" >The first charm bracelet workshop in Hungary \u2013 this is how the Atelier D7 creative studio started<\/a><\/h2><\/div>\n<\/div>\n\n<\/li><\/ul><\/div>\n\n\n\n<p><\/p>","protected":false},"excerpt":{"rendered":"","protected":false},"author":2,"featured_media":0,"parent":0,"menu_order":0,"comment_status":"closed","ping_status":"closed","template":"","meta":{"_uag_custom_page_level_css":"","_monsterinsights_skip_tracking":false,"_monsterinsights_sitenote_active":false,"_monsterinsights_sitenote_note":"","_monsterinsights_sitenote_category":0,"site-sidebar-layout":"default","site-content-layout":"","ast-site-content-layout":"default","site-content-style":"default","site-sidebar-style":"default","ast-global-header-display":"","ast-banner-title-visibility":"","ast-main-header-display":"","ast-hfb-above-header-display":"","ast-hfb-below-header-display":"","ast-hfb-mobile-header-display":"","site-post-title":"disabled","ast-breadcrumbs-content":"","ast-featured-img":"","footer-sml-layout":"","ast-disable-related-posts":"","theme-transparent-header-meta":"","adv-header-id-meta":"","stick-header-meta":"","header-above-stick-meta":"","header-main-stick-meta":"","header-below-stick-meta":"","astra-migrate-meta-layouts":"set","ast-page-background-enabled":"default","ast-page-background-meta":{"desktop":{"background-color":"var(--ast-global-color-4)","background-image":"","background-repeat":"repeat","background-position":"center center","background-size":"auto","background-attachment":"scroll","background-type":"","background-media":"","overlay-type":"","overlay-color":"","overlay-opacity":"","overlay-gradient":""},"tablet":{"background-color":"","background-image":"","background-repeat":"repeat","background-position":"center center","background-size":"auto","background-attachment":"scroll","background-type":"","background-media":"","overlay-type":"","overlay-color":"","overlay-opacity":"","overlay-gradient":""},"mobile":{"background-color":"","background-image":"","background-repeat":"repeat","background-position":"center center","background-size":"auto","background-attachment":"scroll","background-type":"","background-media":"","overlay-type":"","overlay-color":"","overlay-opacity":"","overlay-gradient":""}},"ast-content-background-meta":{"desktop":{"background-color":"var(--ast-global-color-5)","background-image":"","background-repeat":"repeat","background-position":"center center","background-size":"auto","background-attachment":"scroll","background-type":"","background-media":"","overlay-type":"","overlay-color":"","overlay-opacity":"","overlay-gradient":""},"tablet":{"background-color":"var(--ast-global-color-5)","background-image":"","background-repeat":"repeat","background-position":"center center","background-size":"auto","background-attachment":"scroll","background-type":"","background-media":"","overlay-type":"","overlay-color":"","overlay-opacity":"","overlay-gradient":""},"mobile":{"background-color":"var(--ast-global-color-5)","background-image":"","background-repeat":"repeat","background-position":"center center","background-size":"auto","background-attachment":"scroll","background-type":"","background-media":"","overlay-type":"","overlay-color":"","overlay-opacity":"","overlay-gradient":""}},"footnotes":""},"class_list":["post-2524","page","type-page","status-publish","hentry"],"aioseo_notices":[],"uagb_featured_image_src":{"full":false,"thumbnail":false,"medium":false,"medium_large":false,"large":false,"1536x1536":false,"2048x2048":false,"trp-custom-language-flag":false,"woocommerce_thumbnail":false,"woocommerce_single":false,"woocommerce_gallery_thumbnail":false},"uagb_author_info":{"display_name":"Dorina B\u00f6gre","author_link":"https:\/\/atelierd7.com\/en\/author\/encantadorka\/"},"uagb_comment_info":0,"uagb_excerpt":null,"_links":{"self":[{"href":"https:\/\/atelierd7.com\/en\/wp-json\/wp\/v2\/pages\/2524","targetHints":{"allow":["GET"]}}],"collection":[{"href":"https:\/\/atelierd7.com\/en\/wp-json\/wp\/v2\/pages"}],"about":[{"href":"https:\/\/atelierd7.com\/en\/wp-json\/wp\/v2\/types\/page"}],"author":[{"embeddable":true,"href":"https:\/\/atelierd7.com\/en\/wp-json\/wp\/v2\/users\/2"}],"replies":[{"embeddable":true,"href":"https:\/\/atelierd7.com\/en\/wp-json\/wp\/v2\/comments?post=2524"}],"version-history":[{"count":6,"href":"https:\/\/atelierd7.com\/en\/wp-json\/wp\/v2\/pages\/2524\/revisions"}],"predecessor-version":[{"id":2938,"href":"https:\/\/atelierd7.com\/en\/wp-json\/wp\/v2\/pages\/2524\/revisions\/2938"}],"wp:attachment":[{"href":"https:\/\/atelierd7.com\/en\/wp-json\/wp\/v2\/media?parent=2524"}],"curies":[{"name":"wp","href":"https:\/\/api.w.org\/{rel}","templated":true}]}}